{"id":921,"date":"2025-03-01T17:48:34","date_gmt":"2025-03-01T17:48:34","guid":{"rendered":"https:\/\/ideathinktank.org.mx\/?page_id=921"},"modified":"2025-05-14T03:15:10","modified_gmt":"2025-05-14T03:15:10","slug":"petroleo-gas-y-combustibles-alternativos","status":"publish","type":"page","link":"https:\/\/ideathinktank.org.mx\/esp\/petroleo-gas-y-combustibles-alternativos\/","title":{"rendered":"Petr\u00f3leo, Gas y Combustibles Alternativos"},"content":{"rendered":"\t\t<div data-elementor-type=\"wp-page\" data-elementor-id=\"921\" class=\"elementor elementor-921\">\n\t\t\t\t<div class=\"elementor-element elementor-element-f68157c e-con-full elementor-hidden-tablet elementor-hidden-mobile e-flex wpr-particle-no wpr-jarallax-no wpr-parallax-no wpr-sticky-section-no e-con e-parent\" data-id=\"f68157c\" data-element_type=\"container\" data-e-type=\"container\" data-settings=\"{&quot;background_background&quot;:&quot;classic&quot;}\">\n\t\t\t\t<div class=\"elementor-element elementor-element-acfa4f7 elementor-widget elementor-widget-image\" data-id=\"acfa4f7\" data-element_type=\"widget\" data-e-type=\"widget\" data-widget_type=\"image.default\">\n\t\t\t\t<div class=\"elementor-widget-container\">\n\t\t\t\t\t\t\t\t\t\t\t\t\t\t\t<img fetchpriority=\"high\" decoding=\"async\" width=\"1920\" height=\"360\" src=\"https:\/\/ideathinktank.org.mx\/wp-content\/uploads\/2025\/04\/petroleo.webp\" class=\"attachment-full size-full wp-image-1754\" alt=\"\" srcset=\"https:\/\/ideathinktank.org.mx\/wp-content\/uploads\/2025\/04\/petroleo.webp 1920w, https:\/\/ideathinktank.org.mx\/wp-content\/uploads\/2025\/04\/petroleo-300x56.webp 300w, https:\/\/ideathinktank.org.mx\/wp-content\/uploads\/2025\/04\/petroleo-1024x192.webp 1024w, https:\/\/ideathinktank.org.mx\/wp-content\/uploads\/2025\/04\/petroleo-768x144.webp 768w, https:\/\/ideathinktank.org.mx\/wp-content\/uploads\/2025\/04\/petroleo-1536x288.webp 1536w, https:\/\/ideathinktank.org.mx\/wp-content\/uploads\/2025\/04\/petroleo-18x3.webp 18w, https:\/\/ideathinktank.org.mx\/wp-content\/uploads\/2025\/04\/petroleo-200x38.webp 200w\" sizes=\"(max-width: 1920px) 100vw, 1920px\" \/>\t\t\t\t\t\t\t\t\t\t\t\t\t\t\t<\/div>\n\t\t\t\t<\/div>\n\t\t\t\t<\/div>\n\t\t<div class=\"elementor-element elementor-element-16c75c3 e-con-full elementor-hidden-widescreen elementor-hidden-desktop elementor-hidden-laptop elementor-hidden-tablet_extra elementor-hidden-mobile_extra e-flex wpr-particle-no wpr-jarallax-no wpr-parallax-no wpr-sticky-section-no e-con e-parent\" data-id=\"16c75c3\" data-element_type=\"container\" data-e-type=\"container\" data-settings=\"{&quot;background_background&quot;:&quot;classic&quot;}\">\n\t\t\t\t<div class=\"elementor-element elementor-element-068bcf6 elementor-widget elementor-widget-image\" data-id=\"068bcf6\" data-element_type=\"widget\" data-e-type=\"widget\" data-widget_type=\"image.default\">\n\t\t\t\t<div class=\"elementor-widget-container\">\n\t\t\t\t\t\t\t\t\t\t\t\t\t\t\t<img decoding=\"async\" width=\"1080\" height=\"1350\" src=\"https:\/\/ideathinktank.org.mx\/wp-content\/uploads\/2025\/04\/petroleo_movil.webp\" class=\"attachment-full size-full wp-image-1755\" alt=\"\" srcset=\"https:\/\/ideathinktank.org.mx\/wp-content\/uploads\/2025\/04\/petroleo_movil.webp 1080w, https:\/\/ideathinktank.org.mx\/wp-content\/uploads\/2025\/04\/petroleo_movil-240x300.webp 240w, https:\/\/ideathinktank.org.mx\/wp-content\/uploads\/2025\/04\/petroleo_movil-819x1024.webp 819w, https:\/\/ideathinktank.org.mx\/wp-content\/uploads\/2025\/04\/petroleo_movil-768x960.webp 768w, https:\/\/ideathinktank.org.mx\/wp-content\/uploads\/2025\/04\/petroleo_movil-10x12.webp 10w, https:\/\/ideathinktank.org.mx\/wp-content\/uploads\/2025\/04\/petroleo_movil-200x250.webp 200w\" sizes=\"(max-width: 1080px) 100vw, 1080px\" \/>\t\t\t\t\t\t\t\t\t\t\t\t\t\t\t<\/div>\n\t\t\t\t<\/div>\n\t\t\t\t<\/div>\n\t\t<div class=\"elementor-element elementor-element-2c88419 e-flex e-con-boxed wpr-particle-no wpr-jarallax-no wpr-parallax-no wpr-sticky-section-no e-con e-parent\" data-id=\"2c88419\" data-element_type=\"container\" data-e-type=\"container\">\n\t\t\t\t\t<div class=\"e-con-inner\">\n\t\t\t\t<div class=\"elementor-element elementor-element-647b297 elementor-widget elementor-widget-spacer\" data-id=\"647b297\" data-element_type=\"widget\" data-e-type=\"widget\" data-widget_type=\"spacer.default\">\n\t\t\t\t<div class=\"elementor-widget-container\">\n\t\t\t\t\t\t\t<div class=\"elementor-spacer\">\n\t\t\t<div class=\"elementor-spacer-inner\"><\/div>\n\t\t<\/div>\n\t\t\t\t\t\t<\/div>\n\t\t\t\t<\/div>\n\t\t\t\t<div class=\"elementor-element elementor-element-1aee4bc elementor-widget elementor-widget-heading\" data-id=\"1aee4bc\" data-element_type=\"widget\" data-e-type=\"widget\" data-widget_type=\"heading.default\">\n\t\t\t\t<div class=\"elementor-widget-container\">\n\t\t\t\t\t<h2 class=\"elementor-heading-title elementor-size-default\">Petr\u00f3leo, Gas y Combustibles Alternativos<\/h2>\t\t\t\t<\/div>\n\t\t\t\t<\/div>\n\t\t\t\t<div class=\"elementor-element elementor-element-3d6bdea elementor-widget elementor-widget-spacer\" data-id=\"3d6bdea\" data-element_type=\"widget\" data-e-type=\"widget\" data-widget_type=\"spacer.default\">\n\t\t\t\t<div class=\"elementor-widget-container\">\n\t\t\t\t\t\t\t<div class=\"elementor-spacer\">\n\t\t\t<div class=\"elementor-spacer-inner\"><\/div>\n\t\t<\/div>\n\t\t\t\t\t\t<\/div>\n\t\t\t\t<\/div>\n\t\t\t\t<div class=\"elementor-element elementor-element-bdbab7c elementor-widget elementor-widget-text-editor\" data-id=\"bdbab7c\" data-element_type=\"widget\" data-e-type=\"widget\" data-widget_type=\"text-editor.default\">\n\t\t\t\t<div class=\"elementor-widget-container\">\n\t\t\t\t\t\t\t\t\t<h5><span style=\"font-weight: 400;\">El sector de los hidrocarburos enfrenta el reto de adaptarse a un mundo en transici\u00f3n energ\u00e9tica. La reducci\u00f3n de emisiones y la diversificaci\u00f3n de fuentes de energ\u00eda son fundamentales para cumplir con los compromisos clim\u00e1ticos y garantizar la seguridad energ\u00e9tica. La exploraci\u00f3n de combustibles alternativos y el monitoreo del impacto ambiental y social del sector son clave para impulsar una transformaci\u00f3n sostenible.<\/span><\/h5><h5><span style=\"font-weight: 400;\">En <\/span><b>IDEA,<\/b><span style=\"font-weight: 400;\">\u00a0analizamos el papel del petr\u00f3leo y el gas en el contexto de la transici\u00f3n energ\u00e9tica, identificando estrategias de mitigaci\u00f3n y promoviendo alternativas limpias para la descarbonizaci\u00f3n del sector.<\/span><\/h5><h5><span style=\"font-weight: 400;\">Nuestras l\u00edneas de acci\u00f3n incluyen:<\/span><\/h5><ul><li style=\"font-weight: 400;\" aria-level=\"1\"><h5><b>Observatorio de la Sociedad Civil (OBMEM):<\/b><span style=\"font-weight: 400;\"> A trav\u00e9s de este observatorio, monitoreamos la evoluci\u00f3n del sector de hidrocarburos y su impacto en la pol\u00edtica energ\u00e9tica, el medio ambiente y la sociedad, proporcionando informaci\u00f3n confiable para el debate p\u00fablico y la toma de decisiones.<\/span><\/h5><\/li><li style=\"font-weight: 400;\" aria-level=\"1\"><h5><b>Escenarios de mitigaci\u00f3n:<\/b><span style=\"font-weight: 400;\"> Evaluamos rutas viables para la reducci\u00f3n de emisiones en la producci\u00f3n y uso de hidrocarburos, identificando oportunidades para acelerar su transici\u00f3n hacia modelos m\u00e1s sostenibles.<\/span><\/h5><\/li><li style=\"font-weight: 400;\" aria-level=\"1\"><h5><b>Hidr\u00f3geno verde y amon\u00edaco como vectores energ\u00e9ticos:<\/b><span style=\"font-weight: 400;\"> Investigamos y promovemos el uso de hidr\u00f3geno verde y amon\u00edaco como alternativas energ\u00e9ticas clave para la descarbonizaci\u00f3n de sectores estrat\u00e9gicos, facilitando su integraci\u00f3n en la matriz energ\u00e9tica.<\/span><\/h5><\/li><\/ul><h5><span style=\"font-weight: 400;\">La evoluci\u00f3n del sector de hidrocarburos requiere soluciones innovadoras y estrategias que permitan una transici\u00f3n ordenada y justa.<\/span><\/h5><h5><span style=\"font-weight: 400;\">En <\/span><b>IDEA,<\/b><span style=\"font-weight: 400;\">\u00a0brindamos an\u00e1lisis, modelaci\u00f3n y propuestas de pol\u00edtica p\u00fablica para asegurar que la transformaci\u00f3n del sector energ\u00e9tico est\u00e9 alineada con un futuro sostenible.<\/span><\/h5><h5><span style=\"font-weight: 400;\">Conoce m\u00e1s sobre nuestro trabajo y s\u00e9 parte del cambio hacia una matriz energ\u00e9tica m\u00e1s limpia.<\/span><\/h5><h5><span style=\"font-weight: 400;\">.<\/span><\/h5>\t\t\t\t\t\t\t\t<\/div>\n\t\t\t\t<\/div>\n\t\t\t\t<div class=\"elementor-element elementor-element-1f90039 elementor-widget elementor-widget-spacer\" data-id=\"1f90039\" data-element_type=\"widget\" data-e-type=\"widget\" data-widget_type=\"spacer.default\">\n\t\t\t\t<div class=\"elementor-widget-container\">\n\t\t\t\t\t\t\t<div class=\"elementor-spacer\">\n\t\t\t<div class=\"elementor-spacer-inner\"><\/div>\n\t\t<\/div>\n\t\t\t\t\t\t<\/div>\n\t\t\t\t<\/div>\n\t\t\t\t\t<\/div>\n\t\t\t\t<\/div>\n\t\t\t\t<\/div>\n\t\t","protected":false},"excerpt":{"rendered":"<p>El sector de los hidrocarburos en M\u00e9xico enfrenta el desaf\u00edo de reducir emisiones y diversificar fuentes de energ\u00eda. En IDEA, analizamos estrategias de mitigaci\u00f3n, combustibles alternativos como el hidr\u00f3geno verde y el impacto ambiental del sector para promover un futuro energ\u00e9tico m\u00e1s sostenible. Descubre c\u00f3mo impulsamos la transici\u00f3n hacia una matriz energ\u00e9tica m\u00e1s limpia.<\/p>\n","protected":false},"author":1,"featured_media":1755,"parent":0,"menu_order":0,"comment_status":"closed","ping_status":"closed","template":"","meta":{"_monsterinsights_skip_tracking":false,"_monsterinsights_sitenote_active":false,"_monsterinsights_sitenote_note":"","_monsterinsights_sitenote_category":0,"_uf_show_specific_survey":0,"_uf_disable_surveys":false,"footnotes":""},"class_list":["post-921","page","type-page","status-publish","has-post-thumbnail","hentry"],"aioseo_notices":[],"_links":{"self":[{"href":"https:\/\/ideathinktank.org.mx\/esp\/wp-json\/wp\/v2\/pages\/921","targetHints":{"allow":["GET"]}}],"collection":[{"href":"https:\/\/ideathinktank.org.mx\/esp\/wp-json\/wp\/v2\/pages"}],"about":[{"href":"https:\/\/ideathinktank.org.mx\/esp\/wp-json\/wp\/v2\/types\/page"}],"author":[{"embeddable":true,"href":"https:\/\/ideathinktank.org.mx\/esp\/wp-json\/wp\/v2\/users\/1"}],"replies":[{"embeddable":true,"href":"https:\/\/ideathinktank.org.mx\/esp\/wp-json\/wp\/v2\/comments?post=921"}],"version-history":[{"count":30,"href":"https:\/\/ideathinktank.org.mx\/esp\/wp-json\/wp\/v2\/pages\/921\/revisions"}],"predecessor-version":[{"id":2269,"href":"https:\/\/ideathinktank.org.mx\/esp\/wp-json\/wp\/v2\/pages\/921\/revisions\/2269"}],"wp:featuredmedia":[{"embeddable":true,"href":"https:\/\/ideathinktank.org.mx\/esp\/wp-json\/wp\/v2\/media\/1755"}],"wp:attachment":[{"href":"https:\/\/ideathinktank.org.mx\/esp\/wp-json\/wp\/v2\/media?parent=921"}],"curies":[{"name":"wp","href":"https:\/\/api.w.org\/{rel}","templated":true}]}}