{"id":909,"date":"2025-03-01T17:33:59","date_gmt":"2025-03-01T17:33:59","guid":{"rendered":"https:\/\/ideathinktank.org.mx\/?page_id=909"},"modified":"2025-11-12T16:02:30","modified_gmt":"2025-11-12T16:02:30","slug":"transporte-y-electromovilidad","status":"publish","type":"page","link":"https:\/\/ideathinktank.org.mx\/esp\/transporte-y-electromovilidad\/","title":{"rendered":"Transporte y electromovilidad"},"content":{"rendered":"\t\t<div data-elementor-type=\"wp-page\" data-elementor-id=\"909\" class=\"elementor elementor-909\">\n\t\t\t\t<div class=\"elementor-element elementor-element-f68157c e-con-full elementor-hidden-tablet elementor-hidden-mobile e-flex wpr-particle-no wpr-jarallax-no wpr-parallax-no wpr-sticky-section-no e-con e-parent\" data-id=\"f68157c\" data-element_type=\"container\" data-e-type=\"container\" data-settings=\"{&quot;background_background&quot;:&quot;classic&quot;}\">\n\t\t\t\t<div class=\"elementor-element elementor-element-55933d0 elementor-widget elementor-widget-image\" data-id=\"55933d0\" data-element_type=\"widget\" data-e-type=\"widget\" data-widget_type=\"image.default\">\n\t\t\t\t<div class=\"elementor-widget-container\">\n\t\t\t\t\t\t\t\t\t\t\t\t\t\t\t<img fetchpriority=\"high\" decoding=\"async\" width=\"1920\" height=\"360\" src=\"https:\/\/ideathinktank.org.mx\/wp-content\/uploads\/2025\/04\/trasnporte.webp\" class=\"attachment-full size-full wp-image-1702\" alt=\"\" srcset=\"https:\/\/ideathinktank.org.mx\/wp-content\/uploads\/2025\/04\/trasnporte.webp 1920w, https:\/\/ideathinktank.org.mx\/wp-content\/uploads\/2025\/04\/trasnporte-300x56.webp 300w, https:\/\/ideathinktank.org.mx\/wp-content\/uploads\/2025\/04\/trasnporte-1024x192.webp 1024w, https:\/\/ideathinktank.org.mx\/wp-content\/uploads\/2025\/04\/trasnporte-768x144.webp 768w, https:\/\/ideathinktank.org.mx\/wp-content\/uploads\/2025\/04\/trasnporte-1536x288.webp 1536w, https:\/\/ideathinktank.org.mx\/wp-content\/uploads\/2025\/04\/trasnporte-18x3.webp 18w, https:\/\/ideathinktank.org.mx\/wp-content\/uploads\/2025\/04\/trasnporte-200x38.webp 200w\" sizes=\"(max-width: 1920px) 100vw, 1920px\" \/>\t\t\t\t\t\t\t\t\t\t\t\t\t\t\t<\/div>\n\t\t\t\t<\/div>\n\t\t\t\t<\/div>\n\t\t<div class=\"elementor-element elementor-element-20c93e5 e-con-full elementor-hidden-widescreen elementor-hidden-desktop elementor-hidden-laptop elementor-hidden-tablet_extra elementor-hidden-mobile_extra e-flex wpr-particle-no wpr-jarallax-no wpr-parallax-no wpr-sticky-section-no e-con e-parent\" data-id=\"20c93e5\" data-element_type=\"container\" data-e-type=\"container\" data-settings=\"{&quot;background_background&quot;:&quot;classic&quot;}\">\n\t\t\t\t<div class=\"elementor-element elementor-element-854317c elementor-widget elementor-widget-image\" data-id=\"854317c\" data-element_type=\"widget\" data-e-type=\"widget\" data-widget_type=\"image.default\">\n\t\t\t\t<div class=\"elementor-widget-container\">\n\t\t\t\t\t\t\t\t\t\t\t\t\t\t\t<img decoding=\"async\" width=\"1080\" height=\"1350\" src=\"https:\/\/ideathinktank.org.mx\/wp-content\/uploads\/2025\/04\/trasnporte_movil.webp\" class=\"attachment-full size-full wp-image-1703\" alt=\"\" srcset=\"https:\/\/ideathinktank.org.mx\/wp-content\/uploads\/2025\/04\/trasnporte_movil.webp 1080w, https:\/\/ideathinktank.org.mx\/wp-content\/uploads\/2025\/04\/trasnporte_movil-240x300.webp 240w, https:\/\/ideathinktank.org.mx\/wp-content\/uploads\/2025\/04\/trasnporte_movil-819x1024.webp 819w, https:\/\/ideathinktank.org.mx\/wp-content\/uploads\/2025\/04\/trasnporte_movil-768x960.webp 768w, https:\/\/ideathinktank.org.mx\/wp-content\/uploads\/2025\/04\/trasnporte_movil-10x12.webp 10w, https:\/\/ideathinktank.org.mx\/wp-content\/uploads\/2025\/04\/trasnporte_movil-200x250.webp 200w\" sizes=\"(max-width: 1080px) 100vw, 1080px\" \/>\t\t\t\t\t\t\t\t\t\t\t\t\t\t\t<\/div>\n\t\t\t\t<\/div>\n\t\t\t\t<\/div>\n\t\t<div class=\"elementor-element elementor-element-2c88419 e-flex e-con-boxed wpr-particle-no wpr-jarallax-no wpr-parallax-no wpr-sticky-section-no e-con e-parent\" data-id=\"2c88419\" data-element_type=\"container\" data-e-type=\"container\">\n\t\t\t\t\t<div class=\"e-con-inner\">\n\t\t\t\t<div class=\"elementor-element elementor-element-647b297 elementor-widget elementor-widget-spacer\" data-id=\"647b297\" data-element_type=\"widget\" data-e-type=\"widget\" data-widget_type=\"spacer.default\">\n\t\t\t\t<div class=\"elementor-widget-container\">\n\t\t\t\t\t\t\t<div class=\"elementor-spacer\">\n\t\t\t<div class=\"elementor-spacer-inner\"><\/div>\n\t\t<\/div>\n\t\t\t\t\t\t<\/div>\n\t\t\t\t<\/div>\n\t\t\t\t<div class=\"elementor-element elementor-element-1aee4bc elementor-invisible elementor-widget elementor-widget-heading\" data-id=\"1aee4bc\" data-element_type=\"widget\" data-e-type=\"widget\" data-settings=\"{&quot;_animation&quot;:&quot;slideInLeft&quot;}\" data-widget_type=\"heading.default\">\n\t\t\t\t<div class=\"elementor-widget-container\">\n\t\t\t\t\t<h2 class=\"elementor-heading-title elementor-size-default\">Transporte y electromovilidad<\/h2>\t\t\t\t<\/div>\n\t\t\t\t<\/div>\n\t\t\t\t<div class=\"elementor-element elementor-element-bc93636 elementor-widget elementor-widget-spacer\" data-id=\"bc93636\" data-element_type=\"widget\" data-e-type=\"widget\" data-widget_type=\"spacer.default\">\n\t\t\t\t<div class=\"elementor-widget-container\">\n\t\t\t\t\t\t\t<div class=\"elementor-spacer\">\n\t\t\t<div class=\"elementor-spacer-inner\"><\/div>\n\t\t<\/div>\n\t\t\t\t\t\t<\/div>\n\t\t\t\t<\/div>\n\t\t\t\t<div class=\"elementor-element elementor-element-90805f5 animated-slow elementor-invisible elementor-widget elementor-widget-text-editor\" data-id=\"90805f5\" data-element_type=\"widget\" data-e-type=\"widget\" data-settings=\"{&quot;_animation&quot;:&quot;slideInLeft&quot;,&quot;_animation_delay&quot;:200}\" data-widget_type=\"text-editor.default\">\n\t\t\t\t<div class=\"elementor-widget-container\">\n\t\t\t\t\t\t\t\t\t<h5><span style=\"font-weight: 400;\">El sector transporte desempe\u00f1a un papel central en el desarrollo econ\u00f3mico y social de M\u00e9xico; sin embargo, tambi\u00e9n representa uno de los principales desaf\u00edos en materia ambiental, clim\u00e1tica y de salud p\u00fablica. Actualmente, <\/span><b>es responsable de aproximadamente el 25% de las emisiones nacionales de gases y compuestos de efecto invernadero (GyCEI),<\/b><span style=\"font-weight: 400;\"> adem\u00e1s de contribuir significativamente a la contaminaci\u00f3n del aire en las principales zonas urbanas del pa\u00eds. La dependencia del uso de combustibles f\u00f3siles, el crecimiento del parque vehicular y la limitada infraestructura para la movilidad sustentable, como el uso de transporte p\u00fablico seguro y eficiente, traslados en bicicleta o v\u00edas seguras para caminar, han generado un escenario que demanda soluciones urgentes y estructurales.<\/span><\/h5>\t\t\t\t\t\t\t\t<\/div>\n\t\t\t\t<\/div>\n\t\t\t\t<div class=\"elementor-element elementor-element-bdbab7c animated-slow elementor-invisible elementor-widget elementor-widget-text-editor\" data-id=\"bdbab7c\" data-element_type=\"widget\" data-e-type=\"widget\" data-settings=\"{&quot;_animation&quot;:&quot;slideInRight&quot;,&quot;_animation_delay&quot;:200}\" data-widget_type=\"text-editor.default\">\n\t\t\t\t<div class=\"elementor-widget-container\">\n\t\t\t\t\t\t\t\t\t<h5><span style=\"font-weight: 400;\">Ante esta problem\u00e1tica, <\/span><b>IDEA desarrolla estrategias basadas en ciencia y an\u00e1lisis t\u00e9cnico para impulsar la transici\u00f3n hacia un sistema de transporte m\u00e1s sostenible y eficiente<\/b><span style=\"font-weight: 400;\">. Nuestro trabajo se fundamenta en un enfoque integral que considera no solo la reducci\u00f3n de emisiones, sino tambi\u00e9n la viabilidad econ\u00f3mica y social de las soluciones propuestas.<\/span><\/h5>\t\t\t\t\t\t\t\t<\/div>\n\t\t\t\t<\/div>\n\t\t\t\t<div class=\"elementor-element elementor-element-d9ed8f0 animated-slow elementor-invisible elementor-widget elementor-widget-text-editor\" data-id=\"d9ed8f0\" data-element_type=\"widget\" data-e-type=\"widget\" data-settings=\"{&quot;_animation&quot;:&quot;fadeInLeft&quot;,&quot;_animation_delay&quot;:200}\" data-widget_type=\"text-editor.default\">\n\t\t\t\t<div class=\"elementor-widget-container\">\n\t\t\t\t\t\t\t\t\t<h5><span style=\"font-weight: 400;\">Nuestras l\u00edneas de acci\u00f3n incluyen:<\/span><\/h5><ul><li style=\"font-weight: 400;\" aria-level=\"1\"><h5><b>Escenarios de mitigaci\u00f3n:<\/b><span style=\"font-weight: 400;\"> Evaluamos estrategias de reducci\u00f3n de emisiones a trav\u00e9s de modelos prospectivos que integran la electrificaci\u00f3n del transporte, el uso de combustibles alternativos, cambios tecnol\u00f3gicos y medidas de eficiencia energ\u00e9tica.<\/span><\/h5><\/li><li style=\"font-weight: 400;\" aria-level=\"1\"><h5><b>Modelado de emisiones de GyCEI y contaminantes:<\/b><span style=\"font-weight: 400;\"> Aplicamos herramientas de an\u00e1lisis cuantitativo para evaluar el impacto del transporte en la calidad del aire y en el cambio clim\u00e1tico, proporcionando insumos clave para el dise\u00f1o de pol\u00edticas p\u00fablicas.<\/span><\/h5><\/li><li style=\"font-weight: 400;\" aria-level=\"1\"><h5><b>Mecanismos financieros para la transici\u00f3n energ\u00e9tica en el transporte:<\/b><span style=\"font-weight: 400;\"> Desarrollamos esquemas de financiamiento innovadores que permiten viabilizar inversiones en infraestructura de transporte sostenible y tecnolog\u00edas limpias.<\/span><\/h5><\/li><\/ul>\t\t\t\t\t\t\t\t<\/div>\n\t\t\t\t<\/div>\n\t\t\t\t<div class=\"elementor-element elementor-element-b3d5ca6 animated-slow elementor-invisible elementor-widget elementor-widget-text-editor\" data-id=\"b3d5ca6\" data-element_type=\"widget\" data-e-type=\"widget\" data-settings=\"{&quot;_animation&quot;:&quot;fadeInRight&quot;,&quot;_animation_delay&quot;:200}\" data-widget_type=\"text-editor.default\">\n\t\t\t\t<div class=\"elementor-widget-container\">\n\t\t\t\t\t\t\t\t\t<h5><span style=\"font-weight: 400;\">El impulso de la electromovilidad y el transporte sostenible no solo reduce emisiones, sino que tambi\u00e9n mejora la calidad de vida urbana, relacionada con la salud de la poblaci\u00f3n, disminuye costos operativos y genera nuevas oportunidades econ\u00f3micas en sectores emergentes.<\/span><\/h5><h5><span style=\"font-weight: 400;\">En IDEA, convertimos el conocimiento en acci\u00f3n mediante asistencia t\u00e9cnica, colaboraci\u00f3n multisectorial y generaci\u00f3n de datos confiables para respaldar decisiones informadas. Nuestro compromiso es acelerar la transformaci\u00f3n del sector transporte hacia un futuro sostenible.<\/span><\/h5><h5><span style=\"font-weight: 400;\">Para m\u00e1s informaci\u00f3n sobre nuestras investigaciones y proyectos en el sector transporte y electromovilidad, cont\u00e1ctanos.<\/span><\/h5>\t\t\t\t\t\t\t\t<\/div>\n\t\t\t\t<\/div>\n\t\t\t\t<div class=\"elementor-element elementor-element-1f90039 elementor-widget elementor-widget-spacer\" data-id=\"1f90039\" data-element_type=\"widget\" data-e-type=\"widget\" data-widget_type=\"spacer.default\">\n\t\t\t\t<div class=\"elementor-widget-container\">\n\t\t\t\t\t\t\t<div class=\"elementor-spacer\">\n\t\t\t<div class=\"elementor-spacer-inner\"><\/div>\n\t\t<\/div>\n\t\t\t\t\t\t<\/div>\n\t\t\t\t<\/div>\n\t\t\t\t\t<\/div>\n\t\t\t\t<\/div>\n\t\t\t\t<\/div>\n\t\t","protected":false},"excerpt":{"rendered":"<p>El sector transporte en M\u00e9xico es clave para el desarrollo, pero tambi\u00e9n es uno de los principales retos ambientales. Actualmente, genera el 25% de las emisiones de GEI y contribuye a la contaminaci\u00f3n del aire en zonas metropolitanas. La dependencia de combustibles f\u00f3siles y la falta de infraestructura para movilidad sustentable requieren soluciones urgentes para una transici\u00f3n hacia un transporte m\u00e1s limpio y eficiente.<\/p>\n","protected":false},"author":1,"featured_media":1703,"parent":0,"menu_order":0,"comment_status":"closed","ping_status":"closed","template":"","meta":{"_monsterinsights_skip_tracking":false,"_monsterinsights_sitenote_active":false,"_monsterinsights_sitenote_note":"","_monsterinsights_sitenote_category":0,"_uf_show_specific_survey":0,"_uf_disable_surveys":false,"footnotes":""},"class_list":["post-909","page","type-page","status-publish","has-post-thumbnail","hentry"],"aioseo_notices":[],"_links":{"self":[{"href":"https:\/\/ideathinktank.org.mx\/esp\/wp-json\/wp\/v2\/pages\/909","targetHints":{"allow":["GET"]}}],"collection":[{"href":"https:\/\/ideathinktank.org.mx\/esp\/wp-json\/wp\/v2\/pages"}],"about":[{"href":"https:\/\/ideathinktank.org.mx\/esp\/wp-json\/wp\/v2\/types\/page"}],"author":[{"embeddable":true,"href":"https:\/\/ideathinktank.org.mx\/esp\/wp-json\/wp\/v2\/users\/1"}],"replies":[{"embeddable":true,"href":"https:\/\/ideathinktank.org.mx\/esp\/wp-json\/wp\/v2\/comments?post=909"}],"version-history":[{"count":58,"href":"https:\/\/ideathinktank.org.mx\/esp\/wp-json\/wp\/v2\/pages\/909\/revisions"}],"predecessor-version":[{"id":3074,"href":"https:\/\/ideathinktank.org.mx\/esp\/wp-json\/wp\/v2\/pages\/909\/revisions\/3074"}],"wp:featuredmedia":[{"embeddable":true,"href":"https:\/\/ideathinktank.org.mx\/esp\/wp-json\/wp\/v2\/media\/1703"}],"wp:attachment":[{"href":"https:\/\/ideathinktank.org.mx\/esp\/wp-json\/wp\/v2\/media?parent=909"}],"curies":[{"name":"wp","href":"https:\/\/api.w.org\/{rel}","templated":true}]}}