{"id":868,"date":"2025-02-28T15:25:45","date_gmt":"2025-02-28T15:25:45","guid":{"rendered":"https:\/\/ideathinktank.org.mx\/?page_id=868"},"modified":"2025-05-13T16:19:37","modified_gmt":"2025-05-13T16:19:37","slug":"nuestro-equipo","status":"publish","type":"page","link":"https:\/\/ideathinktank.org.mx\/esp\/nuestro-equipo\/","title":{"rendered":"Nuestro equipo"},"content":{"rendered":"\t\t<div data-elementor-type=\"wp-page\" data-elementor-id=\"868\" class=\"elementor elementor-868\">\n\t\t\t\t<div class=\"elementor-element elementor-element-f68157c e-con-full e-flex wpr-particle-no wpr-jarallax-no wpr-parallax-no wpr-sticky-section-no e-con e-parent\" data-id=\"f68157c\" data-element_type=\"container\" data-e-type=\"container\" data-settings=\"{&quot;background_background&quot;:&quot;classic&quot;}\">\n\t\t\t\t<div class=\"elementor-element elementor-element-98c8df2 elementor-widget elementor-widget-spacer\" data-id=\"98c8df2\" data-element_type=\"widget\" data-e-type=\"widget\" data-widget_type=\"spacer.default\">\n\t\t\t\t<div class=\"elementor-widget-container\">\n\t\t\t\t\t\t\t<div class=\"elementor-spacer\">\n\t\t\t<div class=\"elementor-spacer-inner\"><\/div>\n\t\t<\/div>\n\t\t\t\t\t\t<\/div>\n\t\t\t\t<\/div>\n\t\t\t\t<div class=\"elementor-element elementor-element-1aee4bc elementor-widget elementor-widget-heading\" data-id=\"1aee4bc\" data-element_type=\"widget\" data-e-type=\"widget\" data-widget_type=\"heading.default\">\n\t\t\t\t<div class=\"elementor-widget-container\">\n\t\t\t\t\t<h2 class=\"elementor-heading-title elementor-size-default\">Nuestro equipo<\/h2>\t\t\t\t<\/div>\n\t\t\t\t<\/div>\n\t\t\t\t<div class=\"elementor-element elementor-element-3d6bdea elementor-widget elementor-widget-spacer\" data-id=\"3d6bdea\" data-element_type=\"widget\" data-e-type=\"widget\" data-widget_type=\"spacer.default\">\n\t\t\t\t<div class=\"elementor-widget-container\">\n\t\t\t\t\t\t\t<div class=\"elementor-spacer\">\n\t\t\t<div class=\"elementor-spacer-inner\"><\/div>\n\t\t<\/div>\n\t\t\t\t\t\t<\/div>\n\t\t\t\t<\/div>\n\t\t\t\t<\/div>\n\t\t<div class=\"elementor-element elementor-element-f0906c1 e-con-full e-flex wpr-particle-no wpr-jarallax-no wpr-parallax-no wpr-sticky-section-no e-con e-parent\" data-id=\"f0906c1\" data-element_type=\"container\" data-e-type=\"container\">\n\t\t<div class=\"elementor-element elementor-element-554ff02 e-con-full e-flex wpr-particle-no wpr-jarallax-no wpr-parallax-no wpr-sticky-section-no e-con e-child\" data-id=\"554ff02\" data-element_type=\"container\" data-e-type=\"container\">\n\t\t\t\t<\/div>\n\t\t<div class=\"elementor-element elementor-element-187a422 e-con-full e-flex wpr-particle-no wpr-jarallax-no wpr-parallax-no wpr-sticky-section-no e-con e-child\" data-id=\"187a422\" data-element_type=\"container\" data-e-type=\"container\">\n\t\t\t\t<div class=\"elementor-element elementor-element-06a4c7c elementor-widget elementor-widget-spacer\" data-id=\"06a4c7c\" data-element_type=\"widget\" data-e-type=\"widget\" data-widget_type=\"spacer.default\">\n\t\t\t\t<div class=\"elementor-widget-container\">\n\t\t\t\t\t\t\t<div class=\"elementor-spacer\">\n\t\t\t<div class=\"elementor-spacer-inner\"><\/div>\n\t\t<\/div>\n\t\t\t\t\t\t<\/div>\n\t\t\t\t<\/div>\n\t\t\t\t<div class=\"elementor-element elementor-element-a3740e9 elementor-widget elementor-widget-shortcode\" data-id=\"a3740e9\" data-element_type=\"widget\" data-e-type=\"widget\" data-widget_type=\"shortcode.default\">\n\t\t\t\t<div class=\"elementor-widget-container\">\n\t\t\t\t\t\t\t<div class=\"elementor-shortcode\">\n            <div \n                class=\"elfsight-widget-team-showcase elfsight-widget\" \n                data-elfsight-team-showcase-options=\"%7B%22members%22%3A%5B%7B%22quote%22%3A%22%22%2C%22name%22%3A%22Luisa%20Sierra%22%2C%22position%22%3A%22Directora%20ejecutiva%22%2C%22phone%22%3A%22%22%2C%22email%22%3A%22luisa.sierra%40ideathinktank.org.mx%22%2C%22location%22%3A%22%22%2C%22bio%22%3A%22Lidera%20los%20esfuerzos%20de%20IDEA%20para%20impulsar%20soluciones%20que%20promuevan%20la%20prosperidad%20sostenible%2C%20el%20bienestar%20de%20las%20personas%2C%20las%20comunidades%20y%20los%20ecosistemas.%20Tiene%20experiencia%20en%20estrategias%20de%20descarbonizaci%5Cu00f3n%20del%20sector%20energ%5Cu00eda%2C%20en%20la%20estructuraci%5Cu00f3n%20de%20proyectos%2C%20y%20en%20el%20dise%5Cu00f1o%20de%20pol%5Cu00edticas%20p%5Cu00fablicas.%20Previo%20a%20fundar%20IDEA%2C%20fue%20directora%20del%20programa%20de%20energ%5Cu00eda%20de%20la%20Iniciativa%20Clim%5Cu00e1tica%20de%20M%5Cu00e9xico.%20Es%20arquitecta%20y%20cuenta%20con%20una%20maestr%5Cu00eda%20en%20planeaci%5Cu00f3n%20y%20desarrollo%20urbano%20con%20enfoque%20en%20energ%5Cu00eda%2C%20cuenta%20con%20diplomados%20en%20administraci%5Cu00f3n%20p%5Cu00fablica%2C%20matem%5Cu00e1ticas%20y%20estad%5Cu00edstica%2C%20y%20finanzas%20corporativas.%22%2C%22website%22%3A%22%22%2C%22facebook%22%3A%22https%3A%5C%2F%5C%2Felfsight.com%22%2C%22twitter%22%3A%22https%3A%5C%2F%5C%2Felfsight.com%22%2C%22linkedin%22%3A%22https%3A%5C%2F%5C%2Felfsight.com%22%2C%22instagram%22%3A%22https%3A%5C%2F%5C%2Felfsight.com%22%2C%22youtube%22%3A%22https%3A%5C%2F%5C%2Felfsight.com%22%2C%22photo%22%3A%22https%3A%5C%2F%5C%2Fideathinktank.org.mx%5C%2Fwp-content%5C%2Fuploads%5C%2F2025%5C%2F04%5C%2FLuisa_Sierra_800.webp%22%2C%22group%22%3A%22%22%2C%22socialProfiles%22%3A%5B%5D%2C%22externalLink%22%3A%22%22%7D%2C%7B%22quote%22%3A%22%22%2C%22name%22%3A%22Marco%20Jano%22%2C%22position%22%3A%22Subdirector%20de%20Investigaci%5Cu00f3n%22%2C%22phone%22%3A%22%22%2C%22email%22%3A%22marco.jano%40ideathinktank.org.mx%22%2C%22location%22%3A%22%22%2C%22bio%22%3A%22Dirige%20la%20investigaci%5Cu00f3n%20y%20los%20proyectos%20de%20IDEA.%20Tiene%20experiencia%20de%20las%20%5Cu00e1reas%20de%20descarbonizaci%5Cu00f3n%2C%20energ%5Cu00eda%2C%20industria%20y%20econom%5Cu00eda%20y%20pol%5Cu00edticas%20p%5Cu00fablicas.%20Fue%20Research%20Fellow%20del%20Net%20Zero%20Innovation%20Institute%20de%20la%20Universidad%20de%20Cardiff%20y%20anteriormente%20colabor%5Cu00f3%20con%20el%20Centro%20Mario%20Molina%20y%20la%20Iniciativa%20Clim%5Cu00e1tica%20de%20M%5Cu00e9xico.%20Tambi%5Cu00e9n%20fue%20profesor%20en%20la%20Facultad%20de%20Qu%5Cu00edmica%20de%20la%20UNAM.%20Es%20ingeniero%20qu%5Cu00edmico%20con%20estudios%20en%20econom%5Cu00eda%20por%20la%20UNAM%3B%20con%20maestr%5Cu00eda%20en%20ingenier%5Cu00eda%20qu%5Cu00edmica%20por%20el%20Imperial%20College%20London%3B%20y%20doctorado%20en%20energ%5Cu00eda%20por%20la%20Universidad%20de%20Cambridge.%3Cbr%3E%22%2C%22website%22%3A%22%22%2C%22facebook%22%3A%22https%3A%5C%2F%5C%2Felfsight.com%22%2C%22twitter%22%3A%22https%3A%5C%2F%5C%2Felfsight.com%22%2C%22linkedin%22%3A%22https%3A%5C%2F%5C%2Felfsight.com%22%2C%22instagram%22%3A%22https%3A%5C%2F%5C%2Felfsight.com%22%2C%22youtube%22%3A%22https%3A%5C%2F%5C%2Felfsight.com%22%2C%22photo%22%3A%22https%3A%5C%2F%5C%2Fideathinktank.org.mx%5C%2Fwp-content%5C%2Fuploads%5C%2F2025%5C%2F04%5C%2Fmarco_jano_800.webp%22%2C%22group%22%3A%22%22%2C%22socialProfiles%22%3A%5B%5D%2C%22externalLink%22%3A%22%22%2C%22id%22%3A%22667c1a93-b863-4542-96f0-d256360a2b5e%22%7D%2C%7B%22quote%22%3A%22%22%2C%22name%22%3A%22Ricardo%20Cruz%22%2C%22position%22%3A%22Gerente%20de%20Planeaci%5Cu00f3n%20y%20Modelaci%5Cu00f3n%20de%20Sistemas%20El%5Cu00e9ctricos%22%2C%22phone%22%3A%22%22%2C%22email%22%3A%22ricardo.cruz%40ideathinktank.org.mx%22%2C%22location%22%3A%22%22%2C%22bio%22%3A%22Coordina%20y%20gestiona%20proyectos%20de%20an%5Cu00e1lisis%20de%20medidas%20y%20escenarios%20de%20desarrollo%20del%20sector%20el%5Cu00e9ctrico.%20Tiene%20experiencia%20en%20estrategias%20de%20descarbonizaci%5Cu00f3n%20del%20sector%20el%5Cu00e9ctrico%20incluyendo%20generaci%5Cu00f3n%20de%20gran%20escala%20y%20distribuida%2C%20as%5Cu00ed%20como%20expansi%5Cu00f3n%20y%20modernizaci%5Cu00f3n%20de%20las%20redes%20el%5Cu00e9ctricas.%20Tambi%5Cu00e9n%20tiene%20experiencia%20en%20an%5Cu00e1lisis%20regulatorios%20y%20de%20mercados%20el%5Cu00e9ctricos%20y%20en%20transici%5Cu00f3n%20energ%5Cu00e9tica%20a%20nivel%20subnacional.%20Fungi%5Cu00f3%20como%20investigador%20y%20gerente%20del%20Programa%20de%20Energ%5Cu00eda%20de%20Iniciativa%20Clim%5Cu00e1tica%20de%20M%5Cu00e9xico.%20Es%20ingeniero%20el%5Cu00e9ctrico%20y%20electr%5Cu00f3nico%2C%20con%20maestr%5Cu00eda%20en%20ingenier%5Cu00eda%20en%20energ%5Cu00eda%2C%20y%20un%20diplomado%20en%20finanzas%20corporativas.%3Cbr%3E%22%2C%22website%22%3A%22%22%2C%22facebook%22%3A%22https%3A%5C%2F%5C%2Felfsight.com%22%2C%22twitter%22%3A%22https%3A%5C%2F%5C%2Felfsight.com%22%2C%22linkedin%22%3A%22https%3A%5C%2F%5C%2Felfsight.com%22%2C%22instagram%22%3A%22https%3A%5C%2F%5C%2Felfsight.com%22%2C%22youtube%22%3A%22https%3A%5C%2F%5C%2Felfsight.com%22%2C%22photo%22%3A%22https%3A%5C%2F%5C%2Fideathinktank.org.mx%5C%2Fwp-content%5C%2Fuploads%5C%2F2025%5C%2F04%5C%2Fricardo_cruz_800.webp%22%2C%22group%22%3A%22%22%2C%22socialProfiles%22%3A%5B%5D%2C%22externalLink%22%3A%22%22%7D%2C%7B%22quote%22%3A%22%22%2C%22name%22%3A%22Erika%20Ortiz%22%2C%22position%22%3A%22Gerente%22%2C%22phone%22%3A%22%22%2C%22email%22%3A%22erika.ortiz%40ideathinktank.org.mx%22%2C%22location%22%3A%22%22%2C%22bio%22%3A%22Coordina%20y%20gestiona%20proyectos%20estrat%5Cu00e9gicos%20en%20mitigaci%5Cu00f3n%2C%20transporte%2C%20hidrocarburos%2C%20industria%2C%20econom%5Cu00eda%20y%20comercio%2C%20impulsando%20propuestas%20y%20alianzas%20con%20diversos%20actores.%20Cuenta%20con%20experiencia%20en%20el%20sector%20p%5Cu00fablico%20y%20organizaciones%20de%20la%20sociedad%20civil%2C%20colaborando%20con%20organismos%20internacionales%20y%20desarrollando%20herramientas%20de%20modelaci%5Cu00f3n%20y%20planeaci%5Cu00f3n%20energ%5Cu00e9tica.%20Ha%20contribuido%20en%20el%20dise%5Cu00f1o%20de%20pol%5Cu00edticas%20p%5Cu00fablicas%20y%20an%5Cu00e1lisis%20costo-beneficio%20en%20estrategias%20de%20mitigaci%5Cu00f3n.%20Economista%20por%20la%20UNAM%2C%20posee%20un%20diplomado%20en%20evaluaci%5Cu00f3n%20de%20impacto%20social%20y%20especializaciones%20en%20sistema%20energ%5Cu00e9tico%20a%20trav%5Cu00e9s%20de%20RENAC%2C%20el%20Tecnol%5Cu00f3gico%20de%20Monterrey%20y%20Tufts%20University.%26nbsp%3B%22%2C%22website%22%3A%22%22%2C%22facebook%22%3A%22https%3A%5C%2F%5C%2Felfsight.com%22%2C%22twitter%22%3A%22https%3A%5C%2F%5C%2Felfsight.com%22%2C%22linkedin%22%3A%22https%3A%5C%2F%5C%2Felfsight.com%22%2C%22instagram%22%3A%22https%3A%5C%2F%5C%2Felfsight.com%22%2C%22youtube%22%3A%22https%3A%5C%2F%5C%2Felfsight.com%22%2C%22photo%22%3A%22https%3A%5C%2F%5C%2Fideathinktank.org.mx%5C%2Fwp-content%5C%2Fuploads%5C%2F2025%5C%2F04%5C%2Ferika_ortiz_800.webp%22%2C%22group%22%3A%22%22%2C%22socialProfiles%22%3A%5B%5D%2C%22externalLink%22%3A%22%22%7D%2C%7B%22quote%22%3A%22%22%2C%22name%22%3A%22Niuni%20Butr%5Cu00f3n%22%2C%22position%22%3A%22Gerente%20de%20Implementaci%5Cu00f3n%20de%20Proyectos%22%2C%22phone%22%3A%22%22%2C%22email%22%3A%22niuni.butron%40ideathinktank.org.mx%22%2C%22location%22%3A%22%22%2C%22bio%22%3A%22Coordina%2C%20gestiona%20y%20estructura%20proyectos%20de%20energ%5Cu00edas%20renovables%20para%20las%20comunidades.%20Cuenta%20con%20amplia%20experiencia%20y%20trayectoria%20en%20consultor%5Cu00eda%20energ%5Cu00e9tica%2C%20desarrollo%20de%20iniciativas%20sobre%20la%20gesti%5Cu00f3n%20de%20recursos%2C%20cambio%20clim%5Cu00e1tico%2C%20combate%20a%20la%20pobreza%2C%20pol%5Cu00edticas%20p%5Cu00fablicas%2C%20implementaci%5Cu00f3n%20de%20proyectos%20y%20an%5Cu00e1lisis%20regulatorio%20con%20enfoque%20institucional%20y%20comunitario%20para%20la%20promoci%5Cu00f3n%20de%20la%20transici%5Cu00f3n%20energ%5Cu00e9tica%20justa%20subnacional.%20Es%20Ing.%20Mec%5Cu00e1nica%20por%20la%20UNAM%2C%20Maestra%20en%20Ciencia%20y%20Tecnolog%5Cu00eda%20de%20Sostenibilidad%20por%20la%20Universidad%20Polit%5Cu00e9cnica%20de%20Catalu%5Cu00f1a%20y%20Especialista%20tanto%20en%20Ing.%20Ambiental%20como%20en%20Ahorro%20y%20Uso%20Eficiente%20de%20la%20Energ%5Cu00eda%20por%20la%20UNAM..%3Cbr%3E%22%2C%22website%22%3A%22%22%2C%22facebook%22%3A%22https%3A%5C%2F%5C%2Felfsight.com%22%2C%22twitter%22%3A%22https%3A%5C%2F%5C%2Felfsight.com%22%2C%22linkedin%22%3A%22https%3A%5C%2F%5C%2Felfsight.com%22%2C%22instagram%22%3A%22https%3A%5C%2F%5C%2Felfsight.com%22%2C%22youtube%22%3A%22https%3A%5C%2F%5C%2Felfsight.com%22%2C%22photo%22%3A%22https%3A%5C%2F%5C%2Fideathinktank.org.mx%5C%2Fwp-content%5C%2Fuploads%5C%2F2025%5C%2F04%5C%2Fniuni_butron_800.webp%22%2C%22group%22%3A%22%22%2C%22socialProfiles%22%3A%5B%5D%2C%22externalLink%22%3A%22%22%7D%2C%7B%22quote%22%3A%22%22%2C%22name%22%3A%22Yotzelin%20Salda%5Cu00f1a%20%22%2C%22position%22%3A%22Investigadora%22%2C%22phone%22%3A%22%22%2C%22email%22%3A%22yotzelin.saldana%40ideathinktank.org.mx%22%2C%22location%22%3A%22%22%2C%22bio%22%3A%22Colabora%20en%20las%20%5Cu00e1reas%20estrat%5Cu00e9gicas%20de%20Sector%20El%5Cu00e9ctrico%20e%20Implementaci%5Cu00f3n%20de%20Proyectos%20en%20IDEA.%20Participa%20en%20el%20desarrollo%20de%20proyectos%20de%20planeaci%5Cu00f3n%20y%20modelaci%5Cu00f3n%20del%20sector%20el%5Cu00e9ctrico%2C%20as%5Cu00ed%20como%20en%20la%20estructuraci%5Cu00f3n%20y%20desarrollo%20de%20proyectos%20comunitarios%20de%20energ%5Cu00eda.%20Ha%20colaborado%20en%20los%20sectores%20p%5Cu00fablico%20y%20privado%20en%20la%20coordinaci%5Cu00f3n%20de%20proyectos%20multisectoriales%20enfocados%20en%20energ%5Cu00edas%20renovables%2C%20pobreza%20energ%5Cu00e9tica%20y%20transici%5Cu00f3n%20energ%5Cu00e9tica%20justa.%20Es%20ingeniera%20en%20sistemas%20energ%5Cu00e9ticos%2C%20con%20una%20maestr%5Cu00eda%20en%20administraci%5Cu00f3n%20de%20la%20energ%5Cu00eda%20y%20una%20especialidad%20en%20evaluaci%5Cu00f3n%20de%20co-beneficios%20de%20las%20energ%5Cu00edas%20renovables.%3Cbr%3E%22%2C%22website%22%3A%22%22%2C%22facebook%22%3A%22https%3A%5C%2F%5C%2Felfsight.com%22%2C%22twitter%22%3A%22https%3A%5C%2F%5C%2Felfsight.com%22%2C%22linkedin%22%3A%22https%3A%5C%2F%5C%2Felfsight.com%22%2C%22instagram%22%3A%22https%3A%5C%2F%5C%2Felfsight.com%22%2C%22youtube%22%3A%22https%3A%5C%2F%5C%2Felfsight.com%22%2C%22photo%22%3A%22https%3A%5C%2F%5C%2Fideathinktank.org.mx%5C%2Fwp-content%5C%2Fuploads%5C%2F2025%5C%2F04%5C%2Fyotzelin_saldana_800.webp%22%2C%22group%22%3A%22%22%2C%22socialProfiles%22%3A%5B%5D%2C%22externalLink%22%3A%22%22%2C%22id%22%3A%2216176cba-ce82-4b6c-993e-305eec3080c4%22%7D%2C%7B%22quote%22%3A%22%22%2C%22name%22%3A%22Juana%20Isabel%20Giron%22%2C%22position%22%3A%22Investigadora%22%2C%22phone%22%3A%22%22%2C%22email%22%3A%22isabel.giron%40ideathinktank.org.mx%22%2C%22location%22%3A%22%22%2C%22bio%22%3A%22Colabora%20en%20el%20%5Cu00e1rea%20estrat%5Cu00e9gica%20de%20industria%20en%20IDEA%20para%20impulsar%20soluciones%20que%20promuevan%20la%20prosperidad%20sostenible%2C%20el%20bienestar%20de%20las%20personas%2C%20las%20comunidades%20y%20los%20ecosistemas.%20Tiene%20experiencia%20en%20medidas%20de%20descarbonizaci%5Cu00f3n%20en%20el%20sector%20industria%20y%20energ%5Cu00e9tico%2C%20desarrollo%20de%20inventarios%20y%20modelaci%5Cu00f3n%2C%20anteriormente%20colabor%5Cu00f3%20en%20el%20Centro%20Mario%20Molina%20y%20la%20Unidad%20de%20Proyectos%20y%20de%20Investigaci%5Cu00f3n%20en%20Ingenier%5Cu00eda%20Ambiental.%20Es%20ingeniera%20qu%5Cu00edmica%20con%20una%20especialidad%20en%20ahorro%20y%20uso%20eficiente%20de%20la%20energ%5Cu00eda%20por%20la%20UNAM.%3Cbr%3E%22%2C%22website%22%3A%22%22%2C%22facebook%22%3A%22https%3A%5C%2F%5C%2Felfsight.com%22%2C%22twitter%22%3A%22https%3A%5C%2F%5C%2Felfsight.com%22%2C%22linkedin%22%3A%22https%3A%5C%2F%5C%2Felfsight.com%22%2C%22instagram%22%3A%22https%3A%5C%2F%5C%2Felfsight.com%22%2C%22youtube%22%3A%22https%3A%5C%2F%5C%2Felfsight.com%22%2C%22photo%22%3A%22https%3A%5C%2F%5C%2Fideathinktank.org.mx%5C%2Fwp-content%5C%2Fuploads%5C%2F2025%5C%2F04%5C%2Fisabel_giron_800.webp%22%2C%22group%22%3A%22%22%2C%22socialProfiles%22%3A%5B%5D%2C%22externalLink%22%3A%22%22%2C%22id%22%3A%22cc52b2c8-3afc-40d6-a4f7-506cbd910b30%22%7D%5D%2C%22groupsEnabled%22%3Afalse%2C%22groupsDisplay%22%3A%22filters%22%2C%22showAllTab%22%3Atrue%2C%22groups%22%3A%5B%5D%2C%22widgetTitle%22%3A%22%22%2C%22ctaVisible%22%3Afalse%2C%22ctaTitle%22%3A%22%22%2C%22ctaButtonText%22%3A%22%22%2C%22ctaButtonLink%22%3A%22%22%2C%22seeInfoMessage%22%3A%22M%5Cu00e1s%20informaci%5Cu00f3n%22%2C%22allMessage%22%3A%22All%22%2C%22ungroupedMessage%22%3A%22Ungrouped%22%2C%22layout%22%3A%22cards%22%2C%22width%22%3A%22auto%22%2C%22textAlign%22%3A%22center%22%2C%22backgroundColor%22%3Anull%2C%22itemBackgroundColor%22%3Anull%2C%22textColor%22%3A%22rgb%285%2C%2052%2C%2071%29%22%2C%22linksColor%22%3A%22rgb%28211%2C%2047%2C%2046%29%22%2C%22ctaButtonColor%22%3A%22rgb%28229%2C%2072%2C%2038%29%22%2C%22widgetId%22%3A%222%22%7D\" \n                data-elfsight-team-showcase-version=\"1.3.1\"\n                data-elfsight-widget-id=\"elfsight-team-showcase-2\">\n            <\/div>\n            <\/div>\n\t\t\t\t\t\t<\/div>\n\t\t\t\t<\/div>\n\t\t\t\t<div class=\"elementor-element elementor-element-7bda417 elementor-widget elementor-widget-spacer\" data-id=\"7bda417\" data-element_type=\"widget\" data-e-type=\"widget\" data-widget_type=\"spacer.default\">\n\t\t\t\t<div class=\"elementor-widget-container\">\n\t\t\t\t\t\t\t<div class=\"elementor-spacer\">\n\t\t\t<div class=\"elementor-spacer-inner\"><\/div>\n\t\t<\/div>\n\t\t\t\t\t\t<\/div>\n\t\t\t\t<\/div>\n\t\t\t\t<\/div>\n\t\t<div class=\"elementor-element elementor-element-62d335f e-con-full e-flex wpr-particle-no wpr-jarallax-no wpr-parallax-no wpr-sticky-section-no e-con e-child\" data-id=\"62d335f\" data-element_type=\"container\" data-e-type=\"container\">\n\t\t\t\t<\/div>\n\t\t\t\t<\/div>\n\t\t\t\t<\/div>\n\t\t","protected":false},"excerpt":{"rendered":"<p>En IDEA, reunimos expertos en transici\u00f3n energ\u00e9tica y sostenibilidad, comprometidos con la descarbonizaci\u00f3n y el desarrollo de pol\u00edticas p\u00fablicas innovadoras. Trabajamos juntos para impulsar un futuro energ\u00e9tico equitativo y libre de emisiones en M\u00e9xico y Am\u00e9rica Latina.<\/p>\n","protected":false},"author":1,"featured_media":869,"parent":0,"menu_order":0,"comment_status":"closed","ping_status":"closed","template":"","meta":{"_monsterinsights_skip_tracking":false,"_monsterinsights_sitenote_active":false,"_monsterinsights_sitenote_note":"","_monsterinsights_sitenote_category":0,"_uf_show_specific_survey":0,"_uf_disable_surveys":false,"footnotes":""},"class_list":["post-868","page","type-page","status-publish","has-post-thumbnail","hentry"],"aioseo_notices":[],"_links":{"self":[{"href":"https:\/\/ideathinktank.org.mx\/esp\/wp-json\/wp\/v2\/pages\/868","targetHints":{"allow":["GET"]}}],"collection":[{"href":"https:\/\/ideathinktank.org.mx\/esp\/wp-json\/wp\/v2\/pages"}],"about":[{"href":"https:\/\/ideathinktank.org.mx\/esp\/wp-json\/wp\/v2\/types\/page"}],"author":[{"embeddable":true,"href":"https:\/\/ideathinktank.org.mx\/esp\/wp-json\/wp\/v2\/users\/1"}],"replies":[{"embeddable":true,"href":"https:\/\/ideathinktank.org.mx\/esp\/wp-json\/wp\/v2\/comments?post=868"}],"version-history":[{"count":31,"href":"https:\/\/ideathinktank.org.mx\/esp\/wp-json\/wp\/v2\/pages\/868\/revisions"}],"predecessor-version":[{"id":2242,"href":"https:\/\/ideathinktank.org.mx\/esp\/wp-json\/wp\/v2\/pages\/868\/revisions\/2242"}],"wp:featuredmedia":[{"embeddable":true,"href":"https:\/\/ideathinktank.org.mx\/esp\/wp-json\/wp\/v2\/media\/869"}],"wp:attachment":[{"href":"https:\/\/ideathinktank.org.mx\/esp\/wp-json\/wp\/v2\/media?parent=868"}],"curies":[{"name":"wp","href":"https:\/\/api.w.org\/{rel}","templated":true}]}}