{"id":843,"date":"2025-02-27T23:31:44","date_gmt":"2025-02-27T23:31:44","guid":{"rendered":"https:\/\/ideathinktank.org.mx\/?page_id=843"},"modified":"2025-11-12T16:17:03","modified_gmt":"2025-11-12T16:17:03","slug":"acerca-de-nosotros","status":"publish","type":"page","link":"https:\/\/ideathinktank.org.mx\/esp\/acerca-de-nosotros\/","title":{"rendered":"Acerca de nosotros"},"content":{"rendered":"\t\t<div data-elementor-type=\"wp-page\" data-elementor-id=\"843\" class=\"elementor elementor-843\">\n\t\t\t\t<div class=\"elementor-element elementor-element-0a63c21 e-con-full elementor-hidden-tablet elementor-hidden-mobile e-flex wpr-particle-no wpr-jarallax-no wpr-parallax-no wpr-sticky-section-no e-con e-parent\" data-id=\"0a63c21\" data-element_type=\"container\" data-e-type=\"container\">\n\t\t\t\t<div class=\"elementor-element elementor-element-998de2b elementor-widget elementor-widget-image\" data-id=\"998de2b\" data-element_type=\"widget\" data-e-type=\"widget\" data-widget_type=\"image.default\">\n\t\t\t\t<div class=\"elementor-widget-container\">\n\t\t\t\t\t\t\t\t\t\t\t\t\t\t\t<img decoding=\"async\" src=\"https:\/\/ideathinktank.org.mx\/wp-content\/uploads\/elementor\/thumbs\/IDEA_HISTORIA_ICM_ENERGIA-re6u558m6tt7ncf5o11yjav7ymr99i2ilhtqft0ahc.webp\" title=\"IDEA_HISTORIA_ICM_ENERGIA\" alt=\"IDEA_HISTORIA_ICM_ENERGIA\" loading=\"lazy\" \/>\t\t\t\t\t\t\t\t\t\t\t\t\t\t\t<\/div>\n\t\t\t\t<\/div>\n\t\t\t\t<\/div>\n\t\t<div class=\"elementor-element elementor-element-103218a e-con-full elementor-hidden-widescreen elementor-hidden-desktop elementor-hidden-laptop elementor-hidden-tablet_extra elementor-hidden-mobile_extra e-flex wpr-particle-no wpr-jarallax-no wpr-parallax-no wpr-sticky-section-no e-con e-parent\" data-id=\"103218a\" data-element_type=\"container\" data-e-type=\"container\">\n\t\t\t\t<div class=\"elementor-element elementor-element-6fc4953 elementor-widget elementor-widget-image\" data-id=\"6fc4953\" data-element_type=\"widget\" data-e-type=\"widget\" data-widget_type=\"image.default\">\n\t\t\t\t<div class=\"elementor-widget-container\">\n\t\t\t\t\t\t\t\t\t\t\t\t\t\t\t<img fetchpriority=\"high\" decoding=\"async\" width=\"1080\" height=\"1350\" src=\"https:\/\/ideathinktank.org.mx\/wp-content\/uploads\/2025\/04\/nuestra-historia.webp\" class=\"attachment-full size-full wp-image-2083\" alt=\"\" srcset=\"https:\/\/ideathinktank.org.mx\/wp-content\/uploads\/2025\/04\/nuestra-historia.webp 1080w, https:\/\/ideathinktank.org.mx\/wp-content\/uploads\/2025\/04\/nuestra-historia-240x300.webp 240w, https:\/\/ideathinktank.org.mx\/wp-content\/uploads\/2025\/04\/nuestra-historia-819x1024.webp 819w, https:\/\/ideathinktank.org.mx\/wp-content\/uploads\/2025\/04\/nuestra-historia-768x960.webp 768w, https:\/\/ideathinktank.org.mx\/wp-content\/uploads\/2025\/04\/nuestra-historia-10x12.webp 10w, https:\/\/ideathinktank.org.mx\/wp-content\/uploads\/2025\/04\/nuestra-historia-200x250.webp 200w\" sizes=\"(max-width: 1080px) 100vw, 1080px\" \/>\t\t\t\t\t\t\t\t\t\t\t\t\t\t\t<\/div>\n\t\t\t\t<\/div>\n\t\t\t\t<\/div>\n\t\t<div class=\"elementor-element elementor-element-b0fa79a e-flex e-con-boxed wpr-particle-no wpr-jarallax-no wpr-parallax-no wpr-sticky-section-no e-con e-parent\" data-id=\"b0fa79a\" data-element_type=\"container\" data-e-type=\"container\">\n\t\t\t\t\t<div class=\"e-con-inner\">\n\t\t\t\t<div class=\"elementor-element elementor-element-c8654f0 elementor-widget elementor-widget-spacer\" data-id=\"c8654f0\" data-element_type=\"widget\" data-e-type=\"widget\" data-widget_type=\"spacer.default\">\n\t\t\t\t<div class=\"elementor-widget-container\">\n\t\t\t\t\t\t\t<div class=\"elementor-spacer\">\n\t\t\t<div class=\"elementor-spacer-inner\"><\/div>\n\t\t<\/div>\n\t\t\t\t\t\t<\/div>\n\t\t\t\t<\/div>\n\t\t\t\t<div class=\"elementor-element elementor-element-0830f23 elementor-widget elementor-widget-heading\" data-id=\"0830f23\" data-element_type=\"widget\" data-e-type=\"widget\" data-widget_type=\"heading.default\">\n\t\t\t\t<div class=\"elementor-widget-container\">\n\t\t\t\t\t<h2 class=\"elementor-heading-title elementor-size-default\">Nuestra historia<\/h2>\t\t\t\t<\/div>\n\t\t\t\t<\/div>\n\t\t\t\t<div class=\"elementor-element elementor-element-2916b86 elementor-widget elementor-widget-text-editor\" data-id=\"2916b86\" data-element_type=\"widget\" data-e-type=\"widget\" data-widget_type=\"text-editor.default\">\n\t\t\t\t<div class=\"elementor-widget-container\">\n\t\t\t\t\t\t\t\t\t<h5><b>El Instituto de Desarrollo, Energ\u00eda y Ambiente (IDEA)<\/b><span style=\"font-weight: 400;\">, fue fundado en 2024 como un centro de pensamiento y acci\u00f3n, independiente, apartidista y sin fines de lucro, que impulsa soluciones viables y basadas en la mejor ciencia disponible para alcanzar una transici\u00f3n energ\u00e9tica justa y promover una prosperidad sostenible que integre el bienestar de las personas, las comunidades y los ecosistemas.<\/span><\/h5><h5><span style=\"font-weight: 400;\">IDEA nace del equipo de Energ\u00eda de la Iniciativa Clim\u00e1tica de M\u00e9xico (ICM), que desde hace m\u00e1s de 10 a\u00f1os recanaliza fondos internacionales, proporciona asistencia t\u00e9cnica, elabora recomendaciones de pol\u00edtica p\u00fablica y fomenta la participaci\u00f3n de diversos actores para descarbonizar el sector energ\u00e9tico de M\u00e9xico. IDEA representa la evoluci\u00f3n de ese camino para ampliar nuestro impacto como centro de pensamiento y acci\u00f3n, con una visi\u00f3n regional y de largo plazo.<\/span><\/h5>\t\t\t\t\t\t\t\t<\/div>\n\t\t\t\t<\/div>\n\t\t\t\t<div class=\"elementor-element elementor-element-07a9912 elementor-widget elementor-widget-heading\" data-id=\"07a9912\" data-element_type=\"widget\" data-e-type=\"widget\" data-widget_type=\"heading.default\">\n\t\t\t\t<div class=\"elementor-widget-container\">\n\t\t\t\t\t<h2 class=\"elementor-heading-title elementor-size-default\">Los principios que nos gu\u00edan.<\/h2>\t\t\t\t<\/div>\n\t\t\t\t<\/div>\n\t\t\t\t<div class=\"elementor-element elementor-element-015bc02 elementor-widget elementor-widget-text-editor\" data-id=\"015bc02\" data-element_type=\"widget\" data-e-type=\"widget\" data-widget_type=\"text-editor.default\">\n\t\t\t\t<div class=\"elementor-widget-container\">\n\t\t\t\t\t\t\t\t\t<ul><li aria-level=\"1\"><h5>Innovaci\u00f3n.<span style=\"font-weight: 400;\"> La capacidad de generar soluciones creativas y vanguardistas que impulsen el cambio hacia un sistema energ\u00e9tico sostenible.<\/span><\/h5><\/li><\/ul><ul><li aria-level=\"1\"><h5>Transparencia. <span style=\"font-weight: 400;\">Compromiso con ofrecer datos claros, confiables y accesibles para que las decisiones se tomen con informaci\u00f3n fundamentada.<\/span><\/h5><\/li><\/ul><ul><li aria-level=\"1\"><h5>Colaboraci\u00f3n. <span style=\"font-weight: 400;\">La convicci\u00f3n de que el trabajo conjunto entre sectores y actores diversos es esencial para alcanzar soluciones efectivas y equitativas.<\/span><\/h5><\/li><\/ul><ul><li aria-level=\"1\"><h5>Sostenibilidad. <span style=\"font-weight: 400;\">Una dedicaci\u00f3n inquebrantable a promover pr\u00e1cticas, pol\u00edticas y proyectos que garanticen un equilibrio entre desarrollo y protecci\u00f3n ambiental.<\/span><\/h5><\/li><\/ul><ul><li aria-level=\"1\"><h5>Justicia. <span style=\"font-weight: 400;\">Reconocimiento de las desigualdades hist\u00f3ricas y estructurales que busca la distribuci\u00f3n equitativa\u00a0 de costos y beneficios de la transici\u00f3n energ\u00e9tica, que implica la participaci\u00f3n activa y sustantiva tanto en el marco jur\u00eddico como en la toma de decisiones de todas las personas involucradas, especialmente las m\u00e1s vulnerables.<\/span><\/h5><\/li><\/ul><ul><li aria-level=\"1\"><h5>Inclusi\u00f3n. <span style=\"font-weight: 400;\">La certeza de que la transici\u00f3n energ\u00e9tica debe beneficiar a todas las personas, asegurando que ninguna quede excluida del proceso ni de sus resultados.<\/span><\/h5><\/li><li aria-level=\"1\"><h5>Liderazgo t\u00e9cnico.<span style=\"font-weight: 400;\"> Un enfoque basado en el conocimiento especializado y riguroso para guiar el desarrollo de pol\u00edticas y proyectos transformadores.<\/span><\/h5><\/li><\/ul>\t\t\t\t\t\t\t\t<\/div>\n\t\t\t\t<\/div>\n\t\t\t\t<div class=\"elementor-element elementor-element-fabcf4d elementor-widget elementor-widget-spacer\" data-id=\"fabcf4d\" data-element_type=\"widget\" data-e-type=\"widget\" data-widget_type=\"spacer.default\">\n\t\t\t\t<div class=\"elementor-widget-container\">\n\t\t\t\t\t\t\t<div class=\"elementor-spacer\">\n\t\t\t<div class=\"elementor-spacer-inner\"><\/div>\n\t\t<\/div>\n\t\t\t\t\t\t<\/div>\n\t\t\t\t<\/div>\n\t\t\t\t\t<\/div>\n\t\t\t\t<\/div>\n\t\t<div class=\"elementor-element elementor-element-07f1956 e-flex e-con-boxed wpr-particle-no wpr-jarallax-no wpr-parallax-no wpr-sticky-section-no e-con e-parent\" data-id=\"07f1956\" data-element_type=\"container\" data-e-type=\"container\" data-settings=\"{&quot;background_background&quot;:&quot;classic&quot;}\">\n\t\t\t\t\t<div class=\"e-con-inner\">\n\t\t\t\t<div class=\"elementor-element elementor-element-cc6598c elementor-widget elementor-widget-spacer\" data-id=\"cc6598c\" data-element_type=\"widget\" data-e-type=\"widget\" data-widget_type=\"spacer.default\">\n\t\t\t\t<div class=\"elementor-widget-container\">\n\t\t\t\t\t\t\t<div class=\"elementor-spacer\">\n\t\t\t<div class=\"elementor-spacer-inner\"><\/div>\n\t\t<\/div>\n\t\t\t\t\t\t<\/div>\n\t\t\t\t<\/div>\n\t\t\t\t<div class=\"elementor-element elementor-element-3c6ba5a elementor-widget elementor-widget-heading\" data-id=\"3c6ba5a\" data-element_type=\"widget\" data-e-type=\"widget\" data-widget_type=\"heading.default\">\n\t\t\t\t<div class=\"elementor-widget-container\">\n\t\t\t\t\t<h2 class=\"elementor-heading-title elementor-size-default\">\u00bfQui\u00e9nes somos?<\/h2>\t\t\t\t<\/div>\n\t\t\t\t<\/div>\n\t\t\t\t<div class=\"elementor-element elementor-element-3d70eba elementor-widget elementor-widget-spacer\" data-id=\"3d70eba\" data-element_type=\"widget\" data-e-type=\"widget\" data-widget_type=\"spacer.default\">\n\t\t\t\t<div class=\"elementor-widget-container\">\n\t\t\t\t\t\t\t<div class=\"elementor-spacer\">\n\t\t\t<div class=\"elementor-spacer-inner\"><\/div>\n\t\t<\/div>\n\t\t\t\t\t\t<\/div>\n\t\t\t\t<\/div>\n\t\t\t\t<div class=\"elementor-element elementor-element-8bf6e95 elementor-widget elementor-widget-heading\" data-id=\"8bf6e95\" data-element_type=\"widget\" data-e-type=\"widget\" data-widget_type=\"heading.default\">\n\t\t\t\t<div class=\"elementor-widget-container\">\n\t\t\t\t\t<h2 class=\"elementor-heading-title elementor-size-default\">Misi\u00f3n<\/h2>\t\t\t\t<\/div>\n\t\t\t\t<\/div>\n\t\t\t\t<div class=\"elementor-element elementor-element-ee844c7 elementor-widget elementor-widget-text-editor\" data-id=\"ee844c7\" data-element_type=\"widget\" data-e-type=\"widget\" data-widget_type=\"text-editor.default\">\n\t\t\t\t<div class=\"elementor-widget-container\">\n\t\t\t\t\t\t\t\t\t<h5 style=\"text-align: right;\"><span style=\"font-weight: 400;\">Impulsar una transici\u00f3n energ\u00e9tica justa a trav\u00e9s de soluciones integrales y viables, que respondan al cambio clim\u00e1tico y promuevan la prosperidad sostenible. Mediante el an\u00e1lisis t\u00e9cnico riguroso, el di\u00e1logo, la colaboraci\u00f3n multisectorial, la difusi\u00f3n de informaci\u00f3n clara y accesible, con base en la mejor ciencia disponible y con un compromiso profundo con el bienestar de las personas, las comunidades y los ecosistemas.<\/span><\/h5>\t\t\t\t\t\t\t\t<\/div>\n\t\t\t\t<\/div>\n\t\t\t\t<div class=\"elementor-element elementor-element-ec2c916 elementor-widget elementor-widget-heading\" data-id=\"ec2c916\" data-element_type=\"widget\" data-e-type=\"widget\" data-widget_type=\"heading.default\">\n\t\t\t\t<div class=\"elementor-widget-container\">\n\t\t\t\t\t<h2 class=\"elementor-heading-title elementor-size-default\">Visi\u00f3n<\/h2>\t\t\t\t<\/div>\n\t\t\t\t<\/div>\n\t\t\t\t<div class=\"elementor-element elementor-element-9907aa0 elementor-widget elementor-widget-text-editor\" data-id=\"9907aa0\" data-element_type=\"widget\" data-e-type=\"widget\" data-widget_type=\"text-editor.default\">\n\t\t\t\t<div class=\"elementor-widget-container\">\n\t\t\t\t\t\t\t\t\t<h5 style=\"text-align: left;\"><span style=\"font-weight: 400;\">Ser un referente para la toma de decisiones y la implementaci\u00f3n de soluciones innovadoras, viables y basadas en ciencia para enfrentar los desaf\u00edos del sector energ\u00e9tico de manera integral, que no s\u00f3lo aborde el cambio clim\u00e1tico, sino que tambi\u00e9n impulse la prosperidad sostenible para las personas, las comunidades y los ecosistemas.<\/span><\/h5>\t\t\t\t\t\t\t\t<\/div>\n\t\t\t\t<\/div>\n\t\t\t\t<div class=\"elementor-element elementor-element-bf980db elementor-widget elementor-widget-spacer\" data-id=\"bf980db\" data-element_type=\"widget\" data-e-type=\"widget\" data-widget_type=\"spacer.default\">\n\t\t\t\t<div class=\"elementor-widget-container\">\n\t\t\t\t\t\t\t<div class=\"elementor-spacer\">\n\t\t\t<div class=\"elementor-spacer-inner\"><\/div>\n\t\t<\/div>\n\t\t\t\t\t\t<\/div>\n\t\t\t\t<\/div>\n\t\t\t\t\t<\/div>\n\t\t\t\t<\/div>\n\t\t<div class=\"elementor-element elementor-element-879ba6e e-flex e-con-boxed wpr-particle-no wpr-jarallax-no wpr-parallax-no wpr-sticky-section-no e-con e-parent\" data-id=\"879ba6e\" data-element_type=\"container\" data-e-type=\"container\">\n\t\t\t\t\t<div class=\"e-con-inner\">\n\t\t\t\t<div class=\"elementor-element elementor-element-127cab7 elementor-widget elementor-widget-spacer\" data-id=\"127cab7\" data-element_type=\"widget\" data-e-type=\"widget\" data-widget_type=\"spacer.default\">\n\t\t\t\t<div class=\"elementor-widget-container\">\n\t\t\t\t\t\t\t<div class=\"elementor-spacer\">\n\t\t\t<div class=\"elementor-spacer-inner\"><\/div>\n\t\t<\/div>\n\t\t\t\t\t\t<\/div>\n\t\t\t\t<\/div>\n\t\t\t\t<div class=\"elementor-element elementor-element-190518e elementor-widget elementor-widget-heading\" data-id=\"190518e\" data-element_type=\"widget\" data-e-type=\"widget\" data-widget_type=\"heading.default\">\n\t\t\t\t<div class=\"elementor-widget-container\">\n\t\t\t\t\t<h2 class=\"elementor-heading-title elementor-size-default\">Un desaf\u00edo regional compartido<\/h2>\t\t\t\t<\/div>\n\t\t\t\t<\/div>\n\t\t\t\t<div class=\"elementor-element elementor-element-25d5d2e elementor-widget elementor-widget-text-editor\" data-id=\"25d5d2e\" data-element_type=\"widget\" data-e-type=\"widget\" data-widget_type=\"text-editor.default\">\n\t\t\t\t<div class=\"elementor-widget-container\">\n\t\t\t\t\t\t\t\t\t<h5><span style=\"font-weight: 400;\">El reto de la transici\u00f3n energ\u00e9tica no es exclusivo de M\u00e9xico. En Am\u00e9rica Latina, la dependencia de los combustibles f\u00f3siles, la necesidad de fortalecer la infraestructura renovable y la b\u00fasqueda de modelos de desarrollo sostenible son desaf\u00edos comunes. Al trabajar a nivel regional, IDEA contribuye a identificar soluciones compartidas, fortalecer la cooperaci\u00f3n entre pa\u00edses y demostrar que un futuro energ\u00e9tico libre de emisiones es posible mediante pol\u00edticas p\u00fablicas efectivas, financiamiento adecuado y la adopci\u00f3n de tecnolog\u00edas limpias. La acci\u00f3n coordinada es clave para lograr una transici\u00f3n energ\u00e9tica justa y sostenible para toda la regi\u00f3n.<\/span><\/h5>\t\t\t\t\t\t\t\t<\/div>\n\t\t\t\t<\/div>\n\t\t\t\t<div class=\"elementor-element elementor-element-f05dd2e elementor-widget elementor-widget-spacer\" data-id=\"f05dd2e\" data-element_type=\"widget\" data-e-type=\"widget\" data-widget_type=\"spacer.default\">\n\t\t\t\t<div class=\"elementor-widget-container\">\n\t\t\t\t\t\t\t<div class=\"elementor-spacer\">\n\t\t\t<div class=\"elementor-spacer-inner\"><\/div>\n\t\t<\/div>\n\t\t\t\t\t\t<\/div>\n\t\t\t\t<\/div>\n\t\t\t\t\t<\/div>\n\t\t\t\t<\/div>\n\t\t\t\t<\/div>\n\t\t","protected":false},"excerpt":{"rendered":"<p>IDEA impulsa la transici\u00f3n energ\u00e9tica en M\u00e9xico y Am\u00e9rica Latina con soluciones sostenibles, descarbonizaci\u00f3n del sector energ\u00e9tico y pol\u00edticas p\u00fablicas basadas en evidencia. \u00a1Conoce nuestra historia!<\/p>\n","protected":false},"author":1,"featured_media":0,"parent":0,"menu_order":0,"comment_status":"closed","ping_status":"closed","template":"","meta":{"_monsterinsights_skip_tracking":false,"_monsterinsights_sitenote_active":false,"_monsterinsights_sitenote_note":"","_monsterinsights_sitenote_category":0,"_uf_show_specific_survey":0,"_uf_disable_surveys":false,"footnotes":""},"class_list":["post-843","page","type-page","status-publish","hentry"],"aioseo_notices":[],"_links":{"self":[{"href":"https:\/\/ideathinktank.org.mx\/esp\/wp-json\/wp\/v2\/pages\/843","targetHints":{"allow":["GET"]}}],"collection":[{"href":"https:\/\/ideathinktank.org.mx\/esp\/wp-json\/wp\/v2\/pages"}],"about":[{"href":"https:\/\/ideathinktank.org.mx\/esp\/wp-json\/wp\/v2\/types\/page"}],"author":[{"embeddable":true,"href":"https:\/\/ideathinktank.org.mx\/esp\/wp-json\/wp\/v2\/users\/1"}],"replies":[{"embeddable":true,"href":"https:\/\/ideathinktank.org.mx\/esp\/wp-json\/wp\/v2\/comments?post=843"}],"version-history":[{"count":59,"href":"https:\/\/ideathinktank.org.mx\/esp\/wp-json\/wp\/v2\/pages\/843\/revisions"}],"predecessor-version":[{"id":3077,"href":"https:\/\/ideathinktank.org.mx\/esp\/wp-json\/wp\/v2\/pages\/843\/revisions\/3077"}],"wp:attachment":[{"href":"https:\/\/ideathinktank.org.mx\/esp\/wp-json\/wp\/v2\/media?parent=843"}],"curies":[{"name":"wp","href":"https:\/\/api.w.org\/{rel}","templated":true}]}}