{"id":3537,"date":"2026-03-20T23:21:42","date_gmt":"2026-03-20T23:21:42","guid":{"rendered":"https:\/\/ideathinktank.org.mx\/?page_id=3537"},"modified":"2026-03-20T23:35:34","modified_gmt":"2026-03-20T23:35:34","slug":"publicaciones-con-instituciones-aliadas","status":"publish","type":"page","link":"https:\/\/ideathinktank.org.mx\/esp\/publicaciones-con-instituciones-aliadas\/","title":{"rendered":"Publicaciones con instituciones aliadas"},"content":{"rendered":"\t\t<div data-elementor-type=\"wp-page\" data-elementor-id=\"3537\" class=\"elementor elementor-3537\">\n\t\t\t\t<div class=\"elementor-element elementor-element-7656b218 e-con-full e-flex wpr-particle-no wpr-jarallax-no wpr-parallax-no wpr-sticky-section-no e-con e-parent\" data-id=\"7656b218\" data-element_type=\"container\" data-e-type=\"container\" data-settings=\"{&quot;background_background&quot;:&quot;classic&quot;}\">\n\t\t\t\t<div class=\"elementor-element elementor-element-5bddb492 elementor-widget elementor-widget-spacer\" data-id=\"5bddb492\" data-element_type=\"widget\" data-e-type=\"widget\" data-widget_type=\"spacer.default\">\n\t\t\t\t<div class=\"elementor-widget-container\">\n\t\t\t\t\t\t\t<div class=\"elementor-spacer\">\n\t\t\t<div class=\"elementor-spacer-inner\"><\/div>\n\t\t<\/div>\n\t\t\t\t\t\t<\/div>\n\t\t\t\t<\/div>\n\t\t\t\t<div class=\"elementor-element elementor-element-ebbb964 elementor-widget elementor-widget-heading\" data-id=\"ebbb964\" data-element_type=\"widget\" data-e-type=\"widget\" data-widget_type=\"heading.default\">\n\t\t\t\t<div class=\"elementor-widget-container\">\n\t\t\t\t\t<h2 class=\"elementor-heading-title elementor-size-default\">Publicaciones con instituciones aliadas<\/h2>\t\t\t\t<\/div>\n\t\t\t\t<\/div>\n\t\t\t\t<div class=\"elementor-element elementor-element-758eb3c4 elementor-widget elementor-widget-spacer\" data-id=\"758eb3c4\" data-element_type=\"widget\" data-e-type=\"widget\" data-widget_type=\"spacer.default\">\n\t\t\t\t<div class=\"elementor-widget-container\">\n\t\t\t\t\t\t\t<div class=\"elementor-spacer\">\n\t\t\t<div class=\"elementor-spacer-inner\"><\/div>\n\t\t<\/div>\n\t\t\t\t\t\t<\/div>\n\t\t\t\t<\/div>\n\t\t\t\t<\/div>\n\t\t<div class=\"elementor-element elementor-element-9f0c2d9 e-flex e-con-boxed wpr-particle-no wpr-jarallax-no wpr-parallax-no wpr-sticky-section-no e-con e-parent\" data-id=\"9f0c2d9\" data-element_type=\"container\" data-e-type=\"container\">\n\t\t\t\t\t<div class=\"e-con-inner\">\n\t\t<div class=\"elementor-element elementor-element-6467b4e e-con-full e-flex wpr-particle-no wpr-jarallax-no wpr-parallax-no wpr-sticky-section-no e-con e-child\" data-id=\"6467b4e\" data-element_type=\"container\" data-e-type=\"container\">\n\t\t\t\t<div class=\"elementor-element elementor-element-73fcdd1 elementor-widget elementor-widget-image\" data-id=\"73fcdd1\" data-element_type=\"widget\" data-e-type=\"widget\" data-widget_type=\"image.default\">\n\t\t\t\t<div class=\"elementor-widget-container\">\n\t\t\t\t\t\t\t\t\t\t\t\t\t\t\t<img fetchpriority=\"high\" decoding=\"async\" width=\"408\" height=\"526\" src=\"https:\/\/ideathinktank.org.mx\/wp-content\/uploads\/2026\/03\/Captura-de-pantalla-2026-03-20-a-las-4.48.50-p.-m.png\" class=\"attachment-medium_large size-medium_large wp-image-3508\" alt=\"\" srcset=\"https:\/\/ideathinktank.org.mx\/wp-content\/uploads\/2026\/03\/Captura-de-pantalla-2026-03-20-a-las-4.48.50-p.-m.png 408w, https:\/\/ideathinktank.org.mx\/wp-content\/uploads\/2026\/03\/Captura-de-pantalla-2026-03-20-a-las-4.48.50-p.-m-233x300.png 233w, https:\/\/ideathinktank.org.mx\/wp-content\/uploads\/2026\/03\/Captura-de-pantalla-2026-03-20-a-las-4.48.50-p.-m-9x12.png 9w, https:\/\/ideathinktank.org.mx\/wp-content\/uploads\/2026\/03\/Captura-de-pantalla-2026-03-20-a-las-4.48.50-p.-m-200x258.png 200w\" sizes=\"(max-width: 408px) 100vw, 408px\" \/>\t\t\t\t\t\t\t\t\t\t\t\t\t\t\t<\/div>\n\t\t\t\t<\/div>\n\t\t\t\t<\/div>\n\t\t<div class=\"elementor-element elementor-element-8b7a1f3 e-con-full e-flex wpr-particle-no wpr-jarallax-no wpr-parallax-no wpr-sticky-section-no e-con e-child\" data-id=\"8b7a1f3\" data-element_type=\"container\" data-e-type=\"container\">\n\t\t\t\t<div class=\"elementor-element elementor-element-6d676b2 elementor-widget elementor-widget-heading\" data-id=\"6d676b2\" data-element_type=\"widget\" data-e-type=\"widget\" data-widget_type=\"heading.default\">\n\t\t\t\t<div class=\"elementor-widget-container\">\n\t\t\t\t\t<h3 class=\"elementor-heading-title elementor-size-default\">Perspectivas de la agrivoltaica en Am\u00e9rica Latina<\/h3>\t\t\t\t<\/div>\n\t\t\t\t<\/div>\n\t\t\t\t<div class=\"elementor-element elementor-element-16ec03e elementor-widget elementor-widget-image\" data-id=\"16ec03e\" data-element_type=\"widget\" data-e-type=\"widget\" data-widget_type=\"image.default\">\n\t\t\t\t<div class=\"elementor-widget-container\">\n\t\t\t\t\t\t\t\t\t\t\t\t\t\t\t<img decoding=\"async\" width=\"800\" height=\"14\" src=\"https:\/\/ideathinktank.org.mx\/wp-content\/uploads\/2024\/12\/linea-menu-1024x18.png\" class=\"attachment-large size-large wp-image-29\" alt=\"\" srcset=\"https:\/\/ideathinktank.org.mx\/wp-content\/uploads\/2024\/12\/linea-menu-1024x18.png 1024w, https:\/\/ideathinktank.org.mx\/wp-content\/uploads\/2024\/12\/linea-menu-300x5.png 300w, https:\/\/ideathinktank.org.mx\/wp-content\/uploads\/2024\/12\/linea-menu-768x14.png 768w, https:\/\/ideathinktank.org.mx\/wp-content\/uploads\/2024\/12\/linea-menu.png 1401w\" sizes=\"(max-width: 800px) 100vw, 800px\" \/>\t\t\t\t\t\t\t\t\t\t\t\t\t\t\t<\/div>\n\t\t\t\t<\/div>\n\t\t\t\t<div class=\"elementor-element elementor-element-44c2467 elementor-widget elementor-widget-text-editor\" data-id=\"44c2467\" data-element_type=\"widget\" data-e-type=\"widget\" data-widget_type=\"text-editor.default\">\n\t\t\t\t<div class=\"elementor-widget-container\">\n\t\t\t\t\t\t\t\t\t<p data-start=\"70\" data-end=\"418\">Am\u00e9rica Latina enfrenta desaf\u00edos estructurales vinculados a la seguridad alimentaria, la transici\u00f3n energ\u00e9tica justa y el estr\u00e9s h\u00eddrico. La regi\u00f3n combina alta radiaci\u00f3n solar, una fuerte vocaci\u00f3n agropecuaria y una creciente vulnerabilidad clim\u00e1tica, lo que exige soluciones territoriales integradas. La agrivoltaica emerge como una herramienta estrat\u00e9gica capaz de responder a estos desaf\u00edos de manera articulada.\u00a0<\/p><p data-start=\"70\" data-end=\"418\">La agrivoltaica, tambi\u00e9n llamada agrovoltaica o agrofotovoltaica, es la integraci\u00f3n simult\u00e1nea de producci\u00f3n agr\u00edcola y generaci\u00f3n fotovoltaica en un mismo terreno, optimizando el uso de suelo y reduciendo tensiones entre expansi\u00f3n agr\u00edcola, energ\u00e9tica y p\u00e9dida de ecosistemas.\u00a0<\/p><p data-start=\"70\" data-end=\"418\">A nivel global, la capacidad instalada de sistemas agrivoltaicos ha pasado de 5 MW en 2012 a m\u00e1s de 14,000 MW en 2021, impulsada por marcos regulatorios favorables y pol\u00edticas p\u00fablicas de apoyo. La evidencia t\u00e9cnica demuestra, adem\u00e1s, reducciones en la demanda h\u00eddrica de entre 14% y 29% en determinados cultivos, as\u00ed como mejoras en microclima y protecci\u00f3n del suelo.\u00a0<\/p><p data-start=\"70\" data-end=\"418\">Estos avances internacionales ofrecen una referencia valiosa para Am\u00e9rica Latina, considerando su alta radiaci\u00f3n solar y la relevancia del sector agropecuario en la regi\u00f3n. Bajo este contexto de mayor eficiencia en el uso del suelo y trabajo simbi\u00f3tico con la agricultura, la energ\u00eda fotovoltaica se convierte en una herramienta habilitadora de mejoras sociales, fortaleciendo la resiliencia productiva ante el cambio clim\u00e1tica y contribuyendo a abordar la transici\u00f3n energ\u00e9tica justa en los territorios rurales.\u00a0<\/p>\t\t\t\t\t\t\t\t<\/div>\n\t\t\t\t<\/div>\n\t\t\t\t<div class=\"elementor-element elementor-element-9eefd59 elementor-widget elementor-widget-button\" data-id=\"9eefd59\" data-element_type=\"widget\" data-e-type=\"widget\" data-widget_type=\"button.default\">\n\t\t\t\t<div class=\"elementor-widget-container\">\n\t\t\t\t\t\t\t\t\t<div class=\"elementor-button-wrapper\">\n\t\t\t\t\t<a class=\"elementor-button elementor-button-link elementor-size-sm\" href=\"https:\/\/ideathinktank.org.mx\/wp-content\/uploads\/2026\/03\/DocumentoTecnico_PerspectivasDeLaAgrovoltaicaEnAmericaLatina.pdf\">\n\t\t\t\t\t\t<span class=\"elementor-button-content-wrapper\">\n\t\t\t\t\t\t\t\t\t<span class=\"elementor-button-text\">Descarga<\/span>\n\t\t\t\t\t<\/span>\n\t\t\t\t\t<\/a>\n\t\t\t\t<\/div>\n\t\t\t\t\t\t\t\t<\/div>\n\t\t\t\t<\/div>\n\t\t\t\t<div class=\"elementor-element elementor-element-4c1ea89 elementor-widget elementor-widget-button\" data-id=\"4c1ea89\" data-element_type=\"widget\" data-e-type=\"widget\" data-widget_type=\"button.default\">\n\t\t\t\t<div class=\"elementor-widget-container\">\n\t\t\t\t\t\t\t\t\t<div class=\"elementor-button-wrapper\">\n\t\t\t\t\t<a class=\"elementor-button elementor-button-link elementor-size-sm\" href=\"https:\/\/ideathinktank.org.mx\/wp-content\/uploads\/2026\/03\/ResumenEjecutivo_PerspectivasDeLaAgrovoltaicaEnAmericaLatina.pdf\">\n\t\t\t\t\t\t<span class=\"elementor-button-content-wrapper\">\n\t\t\t\t\t\t\t\t\t<span class=\"elementor-button-text\">Resumen<\/span>\n\t\t\t\t\t<\/span>\n\t\t\t\t\t<\/a>\n\t\t\t\t<\/div>\n\t\t\t\t\t\t\t\t<\/div>\n\t\t\t\t<\/div>\n\t\t\t\t<\/div>\n\t\t\t\t\t<\/div>\n\t\t\t\t<\/div>\n\t\t\t\t<\/div>\n\t\t","protected":false},"excerpt":{"rendered":"<p>Publicaciones con instituciones aliadas Perspectivas de la agrivoltaica en Am\u00e9rica Latina Am\u00e9rica Latina enfrenta desaf\u00edos estructurales vinculados a la seguridad alimentaria, la transici\u00f3n energ\u00e9tica justa y el estr\u00e9s h\u00eddrico. La regi\u00f3n combina alta radiaci\u00f3n solar, una fuerte vocaci\u00f3n agropecuaria y una creciente vulnerabilidad clim\u00e1tica, lo que exige soluciones territoriales integradas. La agrivoltaica emerge como una herramienta estrat\u00e9gica capaz de responder a estos desaf\u00edos de manera articulada.\u00a0 La agrivoltaica, tambi\u00e9n llamada agrovoltaica o agrofotovoltaica, es la integraci\u00f3n simult\u00e1nea de producci\u00f3n agr\u00edcola y generaci\u00f3n fotovoltaica en un mismo terreno, optimizando el uso de suelo y reduciendo tensiones entre expansi\u00f3n agr\u00edcola, energ\u00e9tica y p\u00e9dida de ecosistemas.\u00a0 A nivel global, la capacidad instalada de sistemas agrivoltaicos ha pasado de 5 MW en 2012 a m\u00e1s de 14,000 MW en 2021, impulsada por marcos regulatorios favorables y pol\u00edticas p\u00fablicas de apoyo. La evidencia t\u00e9cnica demuestra, adem\u00e1s, reducciones en la demanda h\u00eddrica de entre 14% y 29% en determinados cultivos, as\u00ed como mejoras en microclima y protecci\u00f3n del suelo.\u00a0 Estos avances internacionales ofrecen una referencia valiosa para Am\u00e9rica Latina, considerando su alta radiaci\u00f3n solar y la relevancia del sector agropecuario en la regi\u00f3n. Bajo este contexto de mayor eficiencia en el uso del suelo y trabajo simbi\u00f3tico con la agricultura, la energ\u00eda fotovoltaica se convierte en una herramienta habilitadora de mejoras sociales, fortaleciendo la resiliencia productiva ante el cambio clim\u00e1tica y contribuyendo a abordar la transici\u00f3n energ\u00e9tica justa en los territorios rurales.\u00a0 Descarga Resumen<\/p>\n","protected":false},"author":1,"featured_media":0,"parent":0,"menu_order":0,"comment_status":"closed","ping_status":"closed","template":"","meta":{"_monsterinsights_skip_tracking":false,"_monsterinsights_sitenote_active":false,"_monsterinsights_sitenote_note":"","_monsterinsights_sitenote_category":0,"_uf_show_specific_survey":0,"_uf_disable_surveys":false,"footnotes":""},"class_list":["post-3537","page","type-page","status-publish","hentry"],"aioseo_notices":[],"_links":{"self":[{"href":"https:\/\/ideathinktank.org.mx\/esp\/wp-json\/wp\/v2\/pages\/3537","targetHints":{"allow":["GET"]}}],"collection":[{"href":"https:\/\/ideathinktank.org.mx\/esp\/wp-json\/wp\/v2\/pages"}],"about":[{"href":"https:\/\/ideathinktank.org.mx\/esp\/wp-json\/wp\/v2\/types\/page"}],"author":[{"embeddable":true,"href":"https:\/\/ideathinktank.org.mx\/esp\/wp-json\/wp\/v2\/users\/1"}],"replies":[{"embeddable":true,"href":"https:\/\/ideathinktank.org.mx\/esp\/wp-json\/wp\/v2\/comments?post=3537"}],"version-history":[{"count":10,"href":"https:\/\/ideathinktank.org.mx\/esp\/wp-json\/wp\/v2\/pages\/3537\/revisions"}],"predecessor-version":[{"id":3548,"href":"https:\/\/ideathinktank.org.mx\/esp\/wp-json\/wp\/v2\/pages\/3537\/revisions\/3548"}],"wp:attachment":[{"href":"https:\/\/ideathinktank.org.mx\/esp\/wp-json\/wp\/v2\/media?parent=3537"}],"curies":[{"name":"wp","href":"https:\/\/api.w.org\/{rel}","templated":true}]}}