{"id":3,"date":"2024-12-08T15:30:39","date_gmt":"2024-12-08T15:30:39","guid":{"rendered":"https:\/\/ideathinktank.org.mx\/?page_id=3"},"modified":"2025-05-13T16:05:41","modified_gmt":"2025-05-13T16:05:41","slug":"aviso-de-privacidad","status":"publish","type":"page","link":"https:\/\/ideathinktank.org.mx\/esp\/aviso-de-privacidad\/","title":{"rendered":"Aviso de privacidad"},"content":{"rendered":"\t\t<div data-elementor-type=\"wp-page\" data-elementor-id=\"3\" class=\"elementor elementor-3\">\n\t\t\t\t<div class=\"elementor-element elementor-element-140c1c2 e-con-full e-flex wpr-particle-no wpr-jarallax-no wpr-parallax-no wpr-sticky-section-no e-con e-parent\" data-id=\"140c1c2\" data-element_type=\"container\" data-e-type=\"container\" data-settings=\"{&quot;background_background&quot;:&quot;classic&quot;}\">\n\t\t\t\t<div class=\"elementor-element elementor-element-85bc491 elementor-widget elementor-widget-spacer\" data-id=\"85bc491\" data-element_type=\"widget\" data-e-type=\"widget\" data-widget_type=\"spacer.default\">\n\t\t\t\t<div class=\"elementor-widget-container\">\n\t\t\t\t\t\t\t<div class=\"elementor-spacer\">\n\t\t\t<div class=\"elementor-spacer-inner\"><\/div>\n\t\t<\/div>\n\t\t\t\t\t\t<\/div>\n\t\t\t\t<\/div>\n\t\t\t\t<div class=\"elementor-element elementor-element-8f79482 elementor-widget elementor-widget-heading\" data-id=\"8f79482\" data-element_type=\"widget\" data-e-type=\"widget\" data-widget_type=\"heading.default\">\n\t\t\t\t<div class=\"elementor-widget-container\">\n\t\t\t\t\t<h2 class=\"elementor-heading-title elementor-size-default\">AVISO DE PRIVACIDAD\nDE INSTITUTO DE DESARROLLO ENERG\u00cdA Y AMBIENTE\n<\/h2>\t\t\t\t<\/div>\n\t\t\t\t<\/div>\n\t\t\t\t<div class=\"elementor-element elementor-element-b0dd013 elementor-widget elementor-widget-spacer\" data-id=\"b0dd013\" data-element_type=\"widget\" data-e-type=\"widget\" data-widget_type=\"spacer.default\">\n\t\t\t\t<div class=\"elementor-widget-container\">\n\t\t\t\t\t\t\t<div class=\"elementor-spacer\">\n\t\t\t<div class=\"elementor-spacer-inner\"><\/div>\n\t\t<\/div>\n\t\t\t\t\t\t<\/div>\n\t\t\t\t<\/div>\n\t\t\t\t<\/div>\n\t\t<div class=\"elementor-element elementor-element-2e6aad7a e-flex e-con-boxed wpr-particle-no wpr-jarallax-no wpr-parallax-no wpr-sticky-section-no e-con e-parent\" data-id=\"2e6aad7a\" data-element_type=\"container\" data-e-type=\"container\">\n\t\t\t\t\t<div class=\"e-con-inner\">\n\t\t\t\t<div class=\"elementor-element elementor-element-8b49d1e elementor-widget elementor-widget-spacer\" data-id=\"8b49d1e\" data-element_type=\"widget\" data-e-type=\"widget\" data-widget_type=\"spacer.default\">\n\t\t\t\t<div class=\"elementor-widget-container\">\n\t\t\t\t\t\t\t<div class=\"elementor-spacer\">\n\t\t\t<div class=\"elementor-spacer-inner\"><\/div>\n\t\t<\/div>\n\t\t\t\t\t\t<\/div>\n\t\t\t\t<\/div>\n\t\t\t\t<div class=\"elementor-element elementor-element-6d0985fa elementor-widget elementor-widget-text-editor\" data-id=\"6d0985fa\" data-element_type=\"widget\" data-e-type=\"widget\" data-widget_type=\"text-editor.default\">\n\t\t\t\t<div class=\"elementor-widget-container\">\n\t\t\t\t\t\t\t\t\t\n<h5 class=\"wp-block-heading\"><span style=\"font-weight: 400;\">En cumplimiento con la Ley Federal de Protecci\u00f3n de Datos Personales en Posesi\u00f3n de Particulares (la \u201cLey\u201d), y dem\u00e1s relacionadas, nos permitimos informarle sobre las caracter\u00edsticas y finalidades del tratamiento que se dar\u00e1 a sus datos personales que por el ejercicio de sus actividades realice Instituto de Desarrollo Energ\u00eda y Ambiente. (\u201cIDEA\u201d)<\/span><span style=\"font-weight: 400;\">Identidad del responsable y domicilio<\/span><\/h5>\n<h5><span style=\"font-weight: 400;\">Instituto de Desarrollo Energ\u00eda y Ambiente es una asociaci\u00f3n civil, donataria autorizada, con domicilio fiscal y\u00a0 de sus oficinas operativas en Calle Miguel Laurent 70, Tlacoquemecatl del Valle, Del. Benito Ju\u00e1rez, CDMX, CP. 03200, Tel. 01 55 5335 1282, es responsable de recabar sus datos personales, del uso y almacenamiento que se le d\u00e9 a los mismos y de su debida protecci\u00f3n.<\/span><\/h5>\n<h5><span style=\"font-weight: 400;\">Respecto de la informaci\u00f3n de sus datos personales, proporcionada personal y directamente por usted, ya sea de manera verbal o por escrito, por correo electr\u00f3nico o correspondencia, tarjetas de presentaci\u00f3n, o por llenado de formularios de contactos y de datos personales, y tambi\u00e9n recabada a trav\u00e9s de nuestro sitio de Internet, o cualesquier otro medio, le comunicamos que seguimos los principios exigidos por la legislaci\u00f3n vigente: licitud, consentimiento, informaci\u00f3n, finalidad, lealtad, confidencialidad, seguridad, proporcionalidad y responsabilidad.<\/span><\/h5>\n<h5><span style=\"font-weight: 400;\">Finalidades del tratamiento de los datos personales:<\/span><\/h5>\n<h5><span style=\"font-weight: 400;\">Los datos personales que IDEA obtiene, almacena y usa, le son proporcionados de manera voluntaria por usted para las siguientes finalidades:<\/span><\/h5>\n<h5><span style=\"font-weight: 400;\">(a) Mantener un registro actualizado de los donantes, colaboradores, clientes y proveedores\u00a0 de IDEA;<\/span><\/h5>\n<h5><span style=\"font-weight: 400;\">(b) Dar cumplimiento a obligaciones contra\u00eddas con nuestros donantes, clientes, proveedores y con autoridades gubernamentales seg\u00fan la legislaci\u00f3n del caso que aplique;<\/span><\/h5>\n<h5><span style=\"font-weight: 400;\">Datos personales recabados:<\/span><\/h5>\n<h5><span style=\"font-weight: 400;\">Para el cumplimento de los objetivos antes mencionados, podemos recabar sus datos personales de distintas formas. Usualmente recabamos sus datos cuando usted nos los proporciona directamente (a trav\u00e9s de nuestros empleados o de nuestra p\u00e1gina de Internet). En ocasiones, recabamos sus datos de manera indirecta, a trav\u00e9s de otras fuentes permitidas por la Ley.<\/span><\/h5>\n<h5><span style=\"font-weight: 400;\">Recabamos sus datos de forma directa cuando usted mismo nos los proporciona ya sea personalmente o v\u00eda electr\u00f3nica o a trav\u00e9s de nuestra p\u00e1gina de Internet y cuando celebramos un convenio o contrato con usted. Los datos personales que obtenemos pueden ser: (i) nombre, raz\u00f3n o denominaci\u00f3n social; (ii) domicilio; (iii) compa\u00f1\u00eda y cargo que ocupa; (iv) tel\u00e9fono; (v) correo electr\u00f3nico; y (vi) en caso de ser necesario, sus datos acad\u00e9micos como trayectoria educativa, t\u00edtulos, y c\u00e9dula profesional, mismos que estar\u00e1n sujetos a un tratamiento controlado.<\/span><\/h5>\n<h5><span style=\"font-weight: 400;\">Asimismo, podemos recabar aquellos datos considerados como financieros o patrimoniales, en t\u00e9rminos de la Ley, entre los cuales se encuentran (i) tipo y n\u00fameros de cuentas bancarias; (ii) comprobantes fiscales, (iii) clave en el Registro Federal de Contribuyentes, y (iv) n\u00famero de seguridad social.<\/span><\/h5>\n<h5><span style=\"font-weight: 400;\">Datos personales sensibles:<\/span><\/h5>\n<h5><span style=\"font-weight: 400;\">En caso de que IDEA recabe datos personales sensibles (aquellos que puedan revelar aspectos como origen racial o \u00e9tnico, estado de salud presente y futuro, informaci\u00f3n gen\u00e9tica, creencias religiosas, filos\u00f3ficas y morales, afiliaci\u00f3n sindical, opiniones pol\u00edticas o preferencias sexuales), \u00e9stos ser\u00e1n tratados \u00fanicamente para las finalidades previstas en este Aviso de Privacidad.<\/span><\/h5>\n<h5><span style=\"font-weight: 400;\">Los datos personales que se recaben, formar\u00e1n parte de una base de datos que permanecer\u00e1 vigente durante el tiempo que exista ICM, o durante el periodo necesario para cumplir la finalidad mencionada, por lo que adoptaremos todas y cada una de las medidas de seguridad administrativa, f\u00edsica y t\u00e9cnica, establecidas en la Ley, necesarias para salvaguardar su informaci\u00f3n personal de cualquier da\u00f1o, p\u00e9rdida, alteraci\u00f3n, destrucci\u00f3n o del uso, acceso o tratamiento no autorizado.<\/span><\/h5>\n<h5><span style=\"font-weight: 400;\">Estas herramientas pueden ser deshabilitadas. Para conocer el procedimiento para hacerlo, comun\u00edquese a nuestro Departamento de Datos Personales en la direcci\u00f3n de nuestras oficinas.<\/span><\/h5>\n<h5><span style=\"font-weight: 400;\">Procedimiento para limitar el uso o divulgaci\u00f3n de los datos personales:<\/span><\/h5>\n<h5><span style=\"font-weight: 400;\">Medios para ejercer los derechos ARCO, revocaci\u00f3n del consentimiento y negativa para el tratamiento de datos personales<\/span><\/h5>\n<h5><span style=\"font-weight: 400;\">Usted tiene derecho de acceder, rectificar y cancelar sus datos personales, as\u00ed como oponerse al tratamiento de los mismos o revocar su consentimiento que para tal fin haya otorgado, a trav\u00e9s del procedimiento que hemos implementado.<\/span><\/h5>\n<h5><span style=\"font-weight: 400;\">Con el objeto de facilitarle el ejercicio de tales derechos, le invitamos a hacer una petici\u00f3n por escrito dirigida a la Direcci\u00f3n de Finanzas y Soporte Operativo, ya sea personalmente en la direcci\u00f3n se\u00f1alada para tales efectos o a trav\u00e9s del env\u00edo de un correo electr\u00f3nico a la siguiente direcci\u00f3n: <\/span><span style=\"font-weight: 400;\">contacto@ideathinktank.org.mx<\/span><\/h5>\n<h5><span style=\"font-weight: 400;\">En un plazo m\u00e1ximo de 20 d\u00edas h\u00e1biles desde la recepci\u00f3n de su solicitud, atenderemos su petici\u00f3n y le informaremos sobre su procedencia, la cual le facilitaremos de su conocimiento a trav\u00e9s de la misma v\u00eda de recepci\u00f3n.<\/span><\/h5>\n<h5><span style=\"font-weight: 400;\">Transferencia de los datos personales<\/span><\/h5>\n<h5><span style=\"font-weight: 400;\">IDEA se reserva el derecho de compartir sus datos personales con sus empleados y encargados, quienes tratar\u00e1n su informaci\u00f3n por cuenta de ICM exclusivamente.<\/span><\/h5>\n<h5><span style=\"font-weight: 400;\">Asimismo, le informamos que sus datos personales no ser\u00e1n transferidos ni tratados, dentro y\/o fuera del pa\u00eds, por personas distintas a IDEA.<\/span><\/h5>\n<h5><span style=\"font-weight: 400;\">Modificaciones al Aviso de Privacidad<\/span><\/h5>\n<h5><span style=\"font-weight: 400;\">Nos reservamos el derecho a modificar o actualizar en cualquier momento los t\u00e9rminos y condiciones del presente Aviso de Privacidad, acci\u00f3n que se notificar\u00e1 mediante un anuncio en la p\u00e1gina de Internet.<\/span><\/h5>\t\t\t\t\t\t\t\t<\/div>\n\t\t\t\t<\/div>\n\t\t\t\t<div class=\"elementor-element elementor-element-77337b1 elementor-widget elementor-widget-spacer\" data-id=\"77337b1\" data-element_type=\"widget\" data-e-type=\"widget\" data-widget_type=\"spacer.default\">\n\t\t\t\t<div class=\"elementor-widget-container\">\n\t\t\t\t\t\t\t<div class=\"elementor-spacer\">\n\t\t\t<div class=\"elementor-spacer-inner\"><\/div>\n\t\t<\/div>\n\t\t\t\t\t\t<\/div>\n\t\t\t\t<\/div>\n\t\t\t\t\t<\/div>\n\t\t\t\t<\/div>\n\t\t\t\t<\/div>\n\t\t","protected":false},"excerpt":{"rendered":"<p>En cumplimiento con la Ley Federal de Protecci\u00f3n de Datos Personales en Posesi\u00f3n de Particulares (la \u201cLey\u201d), y dem\u00e1s relacionadas, nos permitimos informarle sobre las caracter\u00edsticas y finalidades del tratamiento que se dar\u00e1 a sus datos personales que por el ejercicio de sus actividades realice Instituto de Desarrollo Energ\u00eda y Ambiente. (\u201cIDEA\u201d)<\/p>\n","protected":false},"author":1,"featured_media":0,"parent":0,"menu_order":0,"comment_status":"closed","ping_status":"closed","template":"","meta":{"_monsterinsights_skip_tracking":false,"_monsterinsights_sitenote_active":false,"_monsterinsights_sitenote_note":"","_monsterinsights_sitenote_category":0,"_uf_show_specific_survey":0,"_uf_disable_surveys":false,"footnotes":""},"class_list":["post-3","page","type-page","status-publish","hentry"],"aioseo_notices":[],"_links":{"self":[{"href":"https:\/\/ideathinktank.org.mx\/esp\/wp-json\/wp\/v2\/pages\/3","targetHints":{"allow":["GET"]}}],"collection":[{"href":"https:\/\/ideathinktank.org.mx\/esp\/wp-json\/wp\/v2\/pages"}],"about":[{"href":"https:\/\/ideathinktank.org.mx\/esp\/wp-json\/wp\/v2\/types\/page"}],"author":[{"embeddable":true,"href":"https:\/\/ideathinktank.org.mx\/esp\/wp-json\/wp\/v2\/users\/1"}],"replies":[{"embeddable":true,"href":"https:\/\/ideathinktank.org.mx\/esp\/wp-json\/wp\/v2\/comments?post=3"}],"version-history":[{"count":15,"href":"https:\/\/ideathinktank.org.mx\/esp\/wp-json\/wp\/v2\/pages\/3\/revisions"}],"predecessor-version":[{"id":2237,"href":"https:\/\/ideathinktank.org.mx\/esp\/wp-json\/wp\/v2\/pages\/3\/revisions\/2237"}],"wp:attachment":[{"href":"https:\/\/ideathinktank.org.mx\/esp\/wp-json\/wp\/v2\/media?parent=3"}],"curies":[{"name":"wp","href":"https:\/\/api.w.org\/{rel}","templated":true}]}}