{"id":925,"date":"2025-03-01T17:47:33","date_gmt":"2025-03-01T17:47:33","guid":{"rendered":"https:\/\/ideathinktank.org.mx\/?page_id=925"},"modified":"2025-05-14T03:08:15","modified_gmt":"2025-05-14T03:08:15","slug":"economia-y-comercio","status":"publish","type":"page","link":"https:\/\/ideathinktank.org.mx\/eng\/economia-y-comercio\/","title":{"rendered":"Economy and trade"},"content":{"rendered":"<div data-elementor-type=\"wp-page\" data-elementor-id=\"925\" class=\"elementor elementor-925\">\n\t\t\t\t<div class=\"elementor-element elementor-element-f68157c e-con-full elementor-hidden-tablet elementor-hidden-mobile e-flex wpr-particle-no wpr-jarallax-no wpr-parallax-no wpr-sticky-section-no e-con e-parent\" data-id=\"f68157c\" data-element_type=\"container\" data-e-type=\"container\" data-settings=\"{&quot;background_background&quot;:&quot;classic&quot;}\">\n\t\t\t\t<div class=\"elementor-element elementor-element-153b695 elementor-hidden-tablet elementor-hidden-mobile elementor-widget elementor-widget-image\" data-id=\"153b695\" data-element_type=\"widget\" data-e-type=\"widget\" data-widget_type=\"image.default\">\n\t\t\t\t<div class=\"elementor-widget-container\">\n\t\t\t\t\t\t\t\t\t\t\t\t\t\t\t<img fetchpriority=\"high\" decoding=\"async\" width=\"1920\" height=\"360\" src=\"https:\/\/ideathinktank.org.mx\/wp-content\/uploads\/2025\/04\/economia.webp\" class=\"attachment-full size-full wp-image-1735\" alt=\"\" srcset=\"https:\/\/ideathinktank.org.mx\/wp-content\/uploads\/2025\/04\/economia.webp 1920w, https:\/\/ideathinktank.org.mx\/wp-content\/uploads\/2025\/04\/economia-300x56.webp 300w, https:\/\/ideathinktank.org.mx\/wp-content\/uploads\/2025\/04\/economia-1024x192.webp 1024w, https:\/\/ideathinktank.org.mx\/wp-content\/uploads\/2025\/04\/economia-768x144.webp 768w, https:\/\/ideathinktank.org.mx\/wp-content\/uploads\/2025\/04\/economia-1536x288.webp 1536w, https:\/\/ideathinktank.org.mx\/wp-content\/uploads\/2025\/04\/economia-18x3.webp 18w, https:\/\/ideathinktank.org.mx\/wp-content\/uploads\/2025\/04\/economia-200x38.webp 200w\" sizes=\"(max-width: 1920px) 100vw, 1920px\" \/>\t\t\t\t\t\t\t\t\t\t\t\t\t\t\t<\/div>\n\t\t\t\t<\/div>\n\t\t\t\t<\/div>\n\t\t<div class=\"elementor-element elementor-element-924e90e e-con-full elementor-hidden-widescreen elementor-hidden-desktop elementor-hidden-laptop elementor-hidden-tablet_extra elementor-hidden-mobile_extra e-flex wpr-particle-no wpr-jarallax-no wpr-parallax-no wpr-sticky-section-no e-con e-parent\" data-id=\"924e90e\" data-element_type=\"container\" data-e-type=\"container\" data-settings=\"{&quot;background_background&quot;:&quot;classic&quot;}\">\n\t\t\t\t<div class=\"elementor-element elementor-element-cb45a4b elementor-hidden-widescreen elementor-hidden-desktop elementor-hidden-laptop elementor-hidden-tablet_extra elementor-hidden-mobile_extra elementor-widget elementor-widget-image\" data-id=\"cb45a4b\" data-element_type=\"widget\" data-e-type=\"widget\" data-widget_type=\"image.default\">\n\t\t\t\t<div class=\"elementor-widget-container\">\n\t\t\t\t\t\t\t\t\t\t\t\t\t\t\t<img decoding=\"async\" width=\"1080\" height=\"1350\" src=\"https:\/\/ideathinktank.org.mx\/wp-content\/uploads\/2025\/04\/economia-movil.webp\" class=\"attachment-full size-full wp-image-1736\" alt=\"\" srcset=\"https:\/\/ideathinktank.org.mx\/wp-content\/uploads\/2025\/04\/economia-movil.webp 1080w, https:\/\/ideathinktank.org.mx\/wp-content\/uploads\/2025\/04\/economia-movil-240x300.webp 240w, https:\/\/ideathinktank.org.mx\/wp-content\/uploads\/2025\/04\/economia-movil-819x1024.webp 819w, https:\/\/ideathinktank.org.mx\/wp-content\/uploads\/2025\/04\/economia-movil-768x960.webp 768w, https:\/\/ideathinktank.org.mx\/wp-content\/uploads\/2025\/04\/economia-movil-10x12.webp 10w, https:\/\/ideathinktank.org.mx\/wp-content\/uploads\/2025\/04\/economia-movil-200x250.webp 200w\" sizes=\"(max-width: 1080px) 100vw, 1080px\" \/>\t\t\t\t\t\t\t\t\t\t\t\t\t\t\t<\/div>\n\t\t\t\t<\/div>\n\t\t\t\t<\/div>\n\t\t<div class=\"elementor-element elementor-element-2c88419 e-flex e-con-boxed wpr-particle-no wpr-jarallax-no wpr-parallax-no wpr-sticky-section-no e-con e-parent\" data-id=\"2c88419\" data-element_type=\"container\" data-e-type=\"container\">\n\t\t\t\t\t<div class=\"e-con-inner\">\n\t\t\t\t<div class=\"elementor-element elementor-element-647b297 elementor-widget elementor-widget-spacer\" data-id=\"647b297\" data-element_type=\"widget\" data-e-type=\"widget\" data-widget_type=\"spacer.default\">\n\t\t\t\t<div class=\"elementor-widget-container\">\n\t\t\t\t\t\t\t<div class=\"elementor-spacer\">\n\t\t\t<div class=\"elementor-spacer-inner\"><\/div>\n\t\t<\/div>\n\t\t\t\t\t\t<\/div>\n\t\t\t\t<\/div>\n\t\t\t\t<div class=\"elementor-element elementor-element-1aee4bc elementor-widget elementor-widget-heading\" data-id=\"1aee4bc\" data-element_type=\"widget\" data-e-type=\"widget\" data-widget_type=\"heading.default\">\n\t\t\t\t<div class=\"elementor-widget-container\">\n\t\t\t\t\t<h2 class=\"elementor-heading-title elementor-size-default\">Economy and trade<\/h2>\t\t\t\t<\/div>\n\t\t\t\t<\/div>\n\t\t\t\t<div class=\"elementor-element elementor-element-3d6bdea elementor-widget elementor-widget-spacer\" data-id=\"3d6bdea\" data-element_type=\"widget\" data-e-type=\"widget\" data-widget_type=\"spacer.default\">\n\t\t\t\t<div class=\"elementor-widget-container\">\n\t\t\t\t\t\t\t<div class=\"elementor-spacer\">\n\t\t\t<div class=\"elementor-spacer-inner\"><\/div>\n\t\t<\/div>\n\t\t\t\t\t\t<\/div>\n\t\t\t\t<\/div>\n\t\t\t\t<div class=\"elementor-element elementor-element-bdbab7c elementor-widget elementor-widget-text-editor\" data-id=\"bdbab7c\" data-element_type=\"widget\" data-e-type=\"widget\" data-widget_type=\"text-editor.default\">\n\t\t\t\t<div class=\"elementor-widget-container\">\n\t\t\t\t\t\t\t\t\t<h5><span style=\"font-weight: 400;\">The economic environment plays a crucial role in the energy transition, which is why it is important to design effective strategies that encourage the adoption of clean energies while promoting the growth and competitiveness of industries. To achieve this, it is essential to have robust economic models that allow for the analysis of impacts and identify opportunities related to the implementation of different projects. Additionally, the design of public policy and market instruments is essential to encourage investment in clean technologies.<\/span><\/h5><h5><span style=\"font-weight: 400;\">At IDEA, we apply economic analysis methodologies to identify the effects of the energy transition across sectors, providing key information for public policy formulation and investment strategies. Our lines of action include:<\/span><\/h5><ul><li><h5><b>Macroeconomic Analysis:<\/b><span style=\"font-weight: 400;\"> We study how the energy transition impacts economic growth, employment, and financial stability, considering variables such as investment, productivity, and competitiveness.<\/span><\/h5><\/li><li aria-level=\"1\"><h5><b>Economic Instruments: <\/b><span style=\"font-weight: 400;\">We design and analyze market mechanisms, financial incentives, and carbon pricing schemes to promote decarbonization and achieve a just and efficient transition.<\/span><\/h5><\/li><\/ul><h5><span style=\"font-weight: 400;\">Ensuring the economic viability of the energy transition is key to its success and long-term sustainability.<\/span><\/h5><h5><span style=\"font-weight: 400;\">At IDEA, we generate applied knowledge to strengthen economic and regulatory decision-making that promotes a sustainable and competitive energy transition.<\/span><\/h5><h5><span style=\"font-weight: 400;\">Learn more about our work and join the debate on the economic challenges and opportunities of the energy transition.<\/span><\/h5>\t\t\t\t\t\t\t\t<\/div>\n\t\t\t\t<\/div>\n\t\t\t\t<div class=\"elementor-element elementor-element-1f90039 elementor-widget elementor-widget-spacer\" data-id=\"1f90039\" data-element_type=\"widget\" data-e-type=\"widget\" data-widget_type=\"spacer.default\">\n\t\t\t\t<div class=\"elementor-widget-container\">\n\t\t\t\t\t\t\t<div class=\"elementor-spacer\">\n\t\t\t<div class=\"elementor-spacer-inner\"><\/div>\n\t\t<\/div>\n\t\t\t\t\t\t<\/div>\n\t\t\t\t<\/div>\n\t\t\t\t\t<\/div>\n\t\t\t\t<\/div>\n\t\t\t\t<\/div>","protected":false},"excerpt":{"rendered":"<p>La econom\u00eda juega un papel clave en la transici\u00f3n energ\u00e9tica en M\u00e9xico, asegurando la adopci\u00f3n de energ\u00edas limpias sin afectar la competitividad. En IDEA, desarrollamos an\u00e1lisis sobre impacto macroecon\u00f3mico, mecanismos de mercado e incentivos financieros para impulsar la descarbonizaci\u00f3n del sector energ\u00e9tico. Descubre c\u00f3mo nuestras estrategias promueven un sistema sostenible y econ\u00f3micamente viable.<\/p>","protected":false},"author":1,"featured_media":1736,"parent":0,"menu_order":0,"comment_status":"closed","ping_status":"closed","template":"","meta":{"_monsterinsights_skip_tracking":false,"_monsterinsights_sitenote_active":false,"_monsterinsights_sitenote_note":"","_monsterinsights_sitenote_category":0,"_uf_show_specific_survey":0,"_uf_disable_surveys":false,"footnotes":""},"class_list":["post-925","page","type-page","status-publish","has-post-thumbnail","hentry"],"aioseo_notices":[],"_links":{"self":[{"href":"https:\/\/ideathinktank.org.mx\/eng\/wp-json\/wp\/v2\/pages\/925","targetHints":{"allow":["GET"]}}],"collection":[{"href":"https:\/\/ideathinktank.org.mx\/eng\/wp-json\/wp\/v2\/pages"}],"about":[{"href":"https:\/\/ideathinktank.org.mx\/eng\/wp-json\/wp\/v2\/types\/page"}],"author":[{"embeddable":true,"href":"https:\/\/ideathinktank.org.mx\/eng\/wp-json\/wp\/v2\/users\/1"}],"replies":[{"embeddable":true,"href":"https:\/\/ideathinktank.org.mx\/eng\/wp-json\/wp\/v2\/comments?post=925"}],"version-history":[{"count":24,"href":"https:\/\/ideathinktank.org.mx\/eng\/wp-json\/wp\/v2\/pages\/925\/revisions"}],"predecessor-version":[{"id":2263,"href":"https:\/\/ideathinktank.org.mx\/eng\/wp-json\/wp\/v2\/pages\/925\/revisions\/2263"}],"wp:featuredmedia":[{"embeddable":true,"href":"https:\/\/ideathinktank.org.mx\/eng\/wp-json\/wp\/v2\/media\/1736"}],"wp:attachment":[{"href":"https:\/\/ideathinktank.org.mx\/eng\/wp-json\/wp\/v2\/media?parent=925"}],"curies":[{"name":"wp","href":"https:\/\/api.w.org\/{rel}","templated":true}]}}