{"id":923,"date":"2025-03-01T17:47:02","date_gmt":"2025-03-01T17:47:02","guid":{"rendered":"https:\/\/ideathinktank.org.mx\/?page_id=923"},"modified":"2025-05-14T03:02:27","modified_gmt":"2025-05-14T03:02:27","slug":"implementaciondeproyectos","status":"publish","type":"page","link":"https:\/\/ideathinktank.org.mx\/eng\/implementaciondeproyectos\/","title":{"rendered":"Project Implementation"},"content":{"rendered":"<div data-elementor-type=\"wp-page\" data-elementor-id=\"923\" class=\"elementor elementor-923\">\n\t\t\t\t<div class=\"elementor-element elementor-element-f68157c e-con-full elementor-hidden-tablet elementor-hidden-mobile e-flex wpr-particle-no wpr-jarallax-no wpr-parallax-no wpr-sticky-section-no e-con e-parent\" data-id=\"f68157c\" data-element_type=\"container\" data-e-type=\"container\" data-settings=\"{&quot;background_background&quot;:&quot;classic&quot;}\">\n\t\t\t\t<div class=\"elementor-element elementor-element-cebdabd elementor-widget elementor-widget-image\" data-id=\"cebdabd\" data-element_type=\"widget\" data-e-type=\"widget\" data-widget_type=\"image.default\">\n\t\t\t\t<div class=\"elementor-widget-container\">\n\t\t\t\t\t\t\t\t\t\t\t\t\t\t\t<img fetchpriority=\"high\" decoding=\"async\" width=\"1920\" height=\"360\" src=\"https:\/\/ideathinktank.org.mx\/wp-content\/uploads\/2025\/02\/IDEA_colabora_ICM_ENERGIA.webp\" class=\"attachment-full size-full wp-image-857\" alt=\"\" srcset=\"https:\/\/ideathinktank.org.mx\/wp-content\/uploads\/2025\/02\/IDEA_colabora_ICM_ENERGIA.webp 1920w, https:\/\/ideathinktank.org.mx\/wp-content\/uploads\/2025\/02\/IDEA_colabora_ICM_ENERGIA-300x56.webp 300w, https:\/\/ideathinktank.org.mx\/wp-content\/uploads\/2025\/02\/IDEA_colabora_ICM_ENERGIA-1024x192.webp 1024w, https:\/\/ideathinktank.org.mx\/wp-content\/uploads\/2025\/02\/IDEA_colabora_ICM_ENERGIA-768x144.webp 768w, https:\/\/ideathinktank.org.mx\/wp-content\/uploads\/2025\/02\/IDEA_colabora_ICM_ENERGIA-1536x288.webp 1536w\" sizes=\"(max-width: 1920px) 100vw, 1920px\" \/>\t\t\t\t\t\t\t\t\t\t\t\t\t\t\t<\/div>\n\t\t\t\t<\/div>\n\t\t\t\t<\/div>\n\t\t<div class=\"elementor-element elementor-element-58180ed e-con-full elementor-hidden-widescreen elementor-hidden-desktop elementor-hidden-laptop elementor-hidden-tablet_extra elementor-hidden-mobile_extra e-flex wpr-particle-no wpr-jarallax-no wpr-parallax-no wpr-sticky-section-no e-con e-parent\" data-id=\"58180ed\" data-element_type=\"container\" data-e-type=\"container\" data-settings=\"{&quot;background_background&quot;:&quot;classic&quot;}\">\n\t\t\t\t<div class=\"elementor-element elementor-element-d7aa9f0 elementor-widget elementor-widget-image\" data-id=\"d7aa9f0\" data-element_type=\"widget\" data-e-type=\"widget\" data-widget_type=\"image.default\">\n\t\t\t\t<div class=\"elementor-widget-container\">\n\t\t\t\t\t\t\t\t\t\t\t\t\t\t\t<img decoding=\"async\" width=\"1080\" height=\"1350\" src=\"https:\/\/ideathinktank.org.mx\/wp-content\/uploads\/2025\/04\/Generacion-movil-copia.webp\" class=\"attachment-full size-full wp-image-1729\" alt=\"\" srcset=\"https:\/\/ideathinktank.org.mx\/wp-content\/uploads\/2025\/04\/Generacion-movil-copia.webp 1080w, https:\/\/ideathinktank.org.mx\/wp-content\/uploads\/2025\/04\/Generacion-movil-copia-240x300.webp 240w, https:\/\/ideathinktank.org.mx\/wp-content\/uploads\/2025\/04\/Generacion-movil-copia-819x1024.webp 819w, https:\/\/ideathinktank.org.mx\/wp-content\/uploads\/2025\/04\/Generacion-movil-copia-768x960.webp 768w, https:\/\/ideathinktank.org.mx\/wp-content\/uploads\/2025\/04\/Generacion-movil-copia-10x12.webp 10w, https:\/\/ideathinktank.org.mx\/wp-content\/uploads\/2025\/04\/Generacion-movil-copia-200x250.webp 200w\" sizes=\"(max-width: 1080px) 100vw, 1080px\" \/>\t\t\t\t\t\t\t\t\t\t\t\t\t\t\t<\/div>\n\t\t\t\t<\/div>\n\t\t\t\t<\/div>\n\t\t<div class=\"elementor-element elementor-element-2c88419 e-flex e-con-boxed wpr-particle-no wpr-jarallax-no wpr-parallax-no wpr-sticky-section-no e-con e-parent\" data-id=\"2c88419\" data-element_type=\"container\" data-e-type=\"container\">\n\t\t\t\t\t<div class=\"e-con-inner\">\n\t\t\t\t<div class=\"elementor-element elementor-element-647b297 elementor-widget elementor-widget-spacer\" data-id=\"647b297\" data-element_type=\"widget\" data-e-type=\"widget\" data-widget_type=\"spacer.default\">\n\t\t\t\t<div class=\"elementor-widget-container\">\n\t\t\t\t\t\t\t<div class=\"elementor-spacer\">\n\t\t\t<div class=\"elementor-spacer-inner\"><\/div>\n\t\t<\/div>\n\t\t\t\t\t\t<\/div>\n\t\t\t\t<\/div>\n\t\t\t\t<div class=\"elementor-element elementor-element-1aee4bc elementor-widget elementor-widget-heading\" data-id=\"1aee4bc\" data-element_type=\"widget\" data-e-type=\"widget\" data-widget_type=\"heading.default\">\n\t\t\t\t<div class=\"elementor-widget-container\">\n\t\t\t\t\t<h2 class=\"elementor-heading-title elementor-size-default\">Project Implementation<\/h2>\t\t\t\t<\/div>\n\t\t\t\t<\/div>\n\t\t\t\t<div class=\"elementor-element elementor-element-3d6bdea elementor-widget elementor-widget-spacer\" data-id=\"3d6bdea\" data-element_type=\"widget\" data-e-type=\"widget\" data-widget_type=\"spacer.default\">\n\t\t\t\t<div class=\"elementor-widget-container\">\n\t\t\t\t\t\t\t<div class=\"elementor-spacer\">\n\t\t\t<div class=\"elementor-spacer-inner\"><\/div>\n\t\t<\/div>\n\t\t\t\t\t\t<\/div>\n\t\t\t\t<\/div>\n\t\t\t\t<div class=\"elementor-element elementor-element-bdbab7c elementor-widget elementor-widget-text-editor\" data-id=\"bdbab7c\" data-element_type=\"widget\" data-e-type=\"widget\" data-widget_type=\"text-editor.default\">\n\t\t\t\t<div class=\"elementor-widget-container\">\n\t\t\t\t\t\t\t\t\t<h5><span style=\"font-weight: 400;\">Renewable energy has become a key strategy for a just energy transition, enabling communities, businesses, and users to generate their own electricity from renewable sources. These projects not only enhance the resilience of the electricity system but also reduce costs and emissions, decentralizing access to clean energy.<\/span><\/h5><h5><span style=\"font-weight: 400;\">At IDEA, we develop strategies and tools that facilitate the penetration of renewable energy in Mexico, providing solutions based on technical analysis and innovative financial models, while incorporating a gender perspective and promoting social inclusion.<\/span><\/h5><h5><span style=\"font-weight: 400;\">Our main lines of action include:<\/span><\/h5><ul><li style=\"font-weight: 400;\" aria-level=\"1\"><h5><b>Financial Mechanisms:<\/b><span style=\"font-weight: 400;\"> We design financing schemes that facilitate investment in distributed generation, ensuring sustainable and accessible models for communities and businesses.<\/span><\/h5><\/li><li style=\"font-weight: 400;\" aria-level=\"1\"><h5><b>Regulation:<\/b><span style=\"font-weight: 400;\">\u00a0We evaluate and propose regulatory improvements that encourage the adoption of distributed generation, ensuring its efficient integration into the electricity system.<\/span><\/h5><\/li><li style=\"font-weight: 400;\" aria-level=\"1\"><h5><b>Planning: <\/b><span style=\"font-weight: 400;\">We design planning tools to support the energy transition across the territory.<\/span><\/h5><\/li><li style=\"font-weight: 400;\" aria-level=\"1\"><h5><b>Project Structuring and Implementation:<\/b><span style=\"font-weight: 400;\">\u00a0We develop methodologies and strategies for the planning, execution, and support of renewable energy projects, optimizing their technical, legal, and financial viability, and promoting various governance schemes for the benefit of communities.<\/span><\/h5><\/li><\/ul><h5><span style=\"font-weight: 400;\">The implementation of community energy projects not only fosters greater energy autonomy but also drives local development, encourages community participation, promotes justice, and contributes to a more flexible and reliable electricity grid<\/span><\/h5><h5><span style=\"font-weight: 400;\">At IDEA, we transform knowledge into action through applied research, technical assistance, and the development of replicable models that enable the scaling up of renewable energy generation in Mexico<\/span><\/h5><h5><span style=\"font-weight: 400;\">Explore our research and join us in advancing renewable energy deployment across Mexico.<\/span><\/h5><h5>\u00a0<\/h5>\t\t\t\t\t\t\t\t<\/div>\n\t\t\t\t<\/div>\n\t\t\t\t<div class=\"elementor-element elementor-element-1f90039 elementor-widget elementor-widget-spacer\" data-id=\"1f90039\" data-element_type=\"widget\" data-e-type=\"widget\" data-widget_type=\"spacer.default\">\n\t\t\t\t<div class=\"elementor-widget-container\">\n\t\t\t\t\t\t\t<div class=\"elementor-spacer\">\n\t\t\t<div class=\"elementor-spacer-inner\"><\/div>\n\t\t<\/div>\n\t\t\t\t\t\t<\/div>\n\t\t\t\t<\/div>\n\t\t\t\t\t<\/div>\n\t\t\t\t<\/div>\n\t\t\t\t<\/div>","protected":false},"excerpt":{"rendered":"<p>La generaci\u00f3n distribuida en M\u00e9xico es clave para la transici\u00f3n energ\u00e9tica, permitiendo a comunidades y empresas generar su propia electricidad con energ\u00edas renovables. Este modelo mejora la resiliencia del sistema el\u00e9ctrico, reduce costos y descentraliza el acceso a energ\u00eda limpia. En IDEA, desarrollamos estrategias en regulaci\u00f3n, financiamiento e implementaci\u00f3n de proyectos para impulsar su expansi\u00f3n. Conoce nuestras soluciones para fortalecer la generaci\u00f3n distribuida y el desarrollo sostenible.<\/p>","protected":false},"author":1,"featured_media":1729,"parent":0,"menu_order":0,"comment_status":"closed","ping_status":"closed","template":"","meta":{"_monsterinsights_skip_tracking":false,"_monsterinsights_sitenote_active":false,"_monsterinsights_sitenote_note":"","_monsterinsights_sitenote_category":0,"_uf_show_specific_survey":0,"_uf_disable_surveys":false,"footnotes":""},"class_list":["post-923","page","type-page","status-publish","has-post-thumbnail","hentry"],"aioseo_notices":[],"_links":{"self":[{"href":"https:\/\/ideathinktank.org.mx\/eng\/wp-json\/wp\/v2\/pages\/923","targetHints":{"allow":["GET"]}}],"collection":[{"href":"https:\/\/ideathinktank.org.mx\/eng\/wp-json\/wp\/v2\/pages"}],"about":[{"href":"https:\/\/ideathinktank.org.mx\/eng\/wp-json\/wp\/v2\/types\/page"}],"author":[{"embeddable":true,"href":"https:\/\/ideathinktank.org.mx\/eng\/wp-json\/wp\/v2\/users\/1"}],"replies":[{"embeddable":true,"href":"https:\/\/ideathinktank.org.mx\/eng\/wp-json\/wp\/v2\/comments?post=923"}],"version-history":[{"count":31,"href":"https:\/\/ideathinktank.org.mx\/eng\/wp-json\/wp\/v2\/pages\/923\/revisions"}],"predecessor-version":[{"id":2260,"href":"https:\/\/ideathinktank.org.mx\/eng\/wp-json\/wp\/v2\/pages\/923\/revisions\/2260"}],"wp:featuredmedia":[{"embeddable":true,"href":"https:\/\/ideathinktank.org.mx\/eng\/wp-json\/wp\/v2\/media\/1729"}],"wp:attachment":[{"href":"https:\/\/ideathinktank.org.mx\/eng\/wp-json\/wp\/v2\/media?parent=923"}],"curies":[{"name":"wp","href":"https:\/\/api.w.org\/{rel}","templated":true}]}}