{"id":921,"date":"2025-03-01T17:48:34","date_gmt":"2025-03-01T17:48:34","guid":{"rendered":"https:\/\/ideathinktank.org.mx\/?page_id=921"},"modified":"2025-05-14T03:15:10","modified_gmt":"2025-05-14T03:15:10","slug":"petroleo-gas-y-combustibles-alternativos","status":"publish","type":"page","link":"https:\/\/ideathinktank.org.mx\/eng\/petroleo-gas-y-combustibles-alternativos\/","title":{"rendered":"Oil, Gas, and Alternative Fuels"},"content":{"rendered":"<div data-elementor-type=\"wp-page\" data-elementor-id=\"921\" class=\"elementor elementor-921\">\n\t\t\t\t<div class=\"elementor-element elementor-element-f68157c e-con-full elementor-hidden-tablet elementor-hidden-mobile e-flex wpr-particle-no wpr-jarallax-no wpr-parallax-no wpr-sticky-section-no e-con e-parent\" data-id=\"f68157c\" data-element_type=\"container\" data-e-type=\"container\" data-settings=\"{&quot;background_background&quot;:&quot;classic&quot;}\">\n\t\t\t\t<div class=\"elementor-element elementor-element-acfa4f7 elementor-widget elementor-widget-image\" data-id=\"acfa4f7\" data-element_type=\"widget\" data-e-type=\"widget\" data-widget_type=\"image.default\">\n\t\t\t\t<div class=\"elementor-widget-container\">\n\t\t\t\t\t\t\t\t\t\t\t\t\t\t\t<img fetchpriority=\"high\" decoding=\"async\" width=\"1920\" height=\"360\" src=\"https:\/\/ideathinktank.org.mx\/wp-content\/uploads\/2025\/04\/petroleo.webp\" class=\"attachment-full size-full wp-image-1754\" alt=\"\" srcset=\"https:\/\/ideathinktank.org.mx\/wp-content\/uploads\/2025\/04\/petroleo.webp 1920w, https:\/\/ideathinktank.org.mx\/wp-content\/uploads\/2025\/04\/petroleo-300x56.webp 300w, https:\/\/ideathinktank.org.mx\/wp-content\/uploads\/2025\/04\/petroleo-1024x192.webp 1024w, https:\/\/ideathinktank.org.mx\/wp-content\/uploads\/2025\/04\/petroleo-768x144.webp 768w, https:\/\/ideathinktank.org.mx\/wp-content\/uploads\/2025\/04\/petroleo-1536x288.webp 1536w, https:\/\/ideathinktank.org.mx\/wp-content\/uploads\/2025\/04\/petroleo-18x3.webp 18w, https:\/\/ideathinktank.org.mx\/wp-content\/uploads\/2025\/04\/petroleo-200x38.webp 200w\" sizes=\"(max-width: 1920px) 100vw, 1920px\" \/>\t\t\t\t\t\t\t\t\t\t\t\t\t\t\t<\/div>\n\t\t\t\t<\/div>\n\t\t\t\t<\/div>\n\t\t<div class=\"elementor-element elementor-element-16c75c3 e-con-full elementor-hidden-widescreen elementor-hidden-desktop elementor-hidden-laptop elementor-hidden-tablet_extra elementor-hidden-mobile_extra e-flex wpr-particle-no wpr-jarallax-no wpr-parallax-no wpr-sticky-section-no e-con e-parent\" data-id=\"16c75c3\" data-element_type=\"container\" data-e-type=\"container\" data-settings=\"{&quot;background_background&quot;:&quot;classic&quot;}\">\n\t\t\t\t<div class=\"elementor-element elementor-element-068bcf6 elementor-widget elementor-widget-image\" data-id=\"068bcf6\" data-element_type=\"widget\" data-e-type=\"widget\" data-widget_type=\"image.default\">\n\t\t\t\t<div class=\"elementor-widget-container\">\n\t\t\t\t\t\t\t\t\t\t\t\t\t\t\t<img decoding=\"async\" width=\"1080\" height=\"1350\" src=\"https:\/\/ideathinktank.org.mx\/wp-content\/uploads\/2025\/04\/petroleo_movil.webp\" class=\"attachment-full size-full wp-image-1755\" alt=\"\" srcset=\"https:\/\/ideathinktank.org.mx\/wp-content\/uploads\/2025\/04\/petroleo_movil.webp 1080w, https:\/\/ideathinktank.org.mx\/wp-content\/uploads\/2025\/04\/petroleo_movil-240x300.webp 240w, https:\/\/ideathinktank.org.mx\/wp-content\/uploads\/2025\/04\/petroleo_movil-819x1024.webp 819w, https:\/\/ideathinktank.org.mx\/wp-content\/uploads\/2025\/04\/petroleo_movil-768x960.webp 768w, https:\/\/ideathinktank.org.mx\/wp-content\/uploads\/2025\/04\/petroleo_movil-10x12.webp 10w, https:\/\/ideathinktank.org.mx\/wp-content\/uploads\/2025\/04\/petroleo_movil-200x250.webp 200w\" sizes=\"(max-width: 1080px) 100vw, 1080px\" \/>\t\t\t\t\t\t\t\t\t\t\t\t\t\t\t<\/div>\n\t\t\t\t<\/div>\n\t\t\t\t<\/div>\n\t\t<div class=\"elementor-element elementor-element-2c88419 e-flex e-con-boxed wpr-particle-no wpr-jarallax-no wpr-parallax-no wpr-sticky-section-no e-con e-parent\" data-id=\"2c88419\" data-element_type=\"container\" data-e-type=\"container\">\n\t\t\t\t\t<div class=\"e-con-inner\">\n\t\t\t\t<div class=\"elementor-element elementor-element-647b297 elementor-widget elementor-widget-spacer\" data-id=\"647b297\" data-element_type=\"widget\" data-e-type=\"widget\" data-widget_type=\"spacer.default\">\n\t\t\t\t<div class=\"elementor-widget-container\">\n\t\t\t\t\t\t\t<div class=\"elementor-spacer\">\n\t\t\t<div class=\"elementor-spacer-inner\"><\/div>\n\t\t<\/div>\n\t\t\t\t\t\t<\/div>\n\t\t\t\t<\/div>\n\t\t\t\t<div class=\"elementor-element elementor-element-1aee4bc elementor-widget elementor-widget-heading\" data-id=\"1aee4bc\" data-element_type=\"widget\" data-e-type=\"widget\" data-widget_type=\"heading.default\">\n\t\t\t\t<div class=\"elementor-widget-container\">\n\t\t\t\t\t<h2 class=\"elementor-heading-title elementor-size-default\">Oil, Gas, and Alternative Fuels<\/h2>\t\t\t\t<\/div>\n\t\t\t\t<\/div>\n\t\t\t\t<div class=\"elementor-element elementor-element-3d6bdea elementor-widget elementor-widget-spacer\" data-id=\"3d6bdea\" data-element_type=\"widget\" data-e-type=\"widget\" data-widget_type=\"spacer.default\">\n\t\t\t\t<div class=\"elementor-widget-container\">\n\t\t\t\t\t\t\t<div class=\"elementor-spacer\">\n\t\t\t<div class=\"elementor-spacer-inner\"><\/div>\n\t\t<\/div>\n\t\t\t\t\t\t<\/div>\n\t\t\t\t<\/div>\n\t\t\t\t<div class=\"elementor-element elementor-element-bdbab7c elementor-widget elementor-widget-text-editor\" data-id=\"bdbab7c\" data-element_type=\"widget\" data-e-type=\"widget\" data-widget_type=\"text-editor.default\">\n\t\t\t\t<div class=\"elementor-widget-container\">\n\t\t\t\t\t\t\t\t\t<h5><span style=\"font-weight: 400;\">The hydrocarbons sector faces the challenge of adapting to a world in energy transition. Reducing emissions and diversifying energy sources are key to meeting climate commitments and ensuring energy security. Exploring alternative fuels and monitoring the environmental and social impact of the sector are crucial to driving a sustainable transformation.<\/span><\/h5><h5><span style=\"font-weight: 400;\">At <\/span><b>IDEA,<\/b><span style=\"font-weight: 400;\">\u00a0we analyze the role of oil and gas in the context of the energy transition, identifying mitigation strategies and promoting clean alternatives for sector decarbonization.<\/span><\/h5><h5><span style=\"font-weight: 400;\">Our main lines of action include:<\/span><\/h5><ul><li style=\"font-weight: 400;\" aria-level=\"1\"><h5><b>Civil Society Observatory (OBMEM):<\/b><span style=\"font-weight: 400;\"> Through this observatory, we monitor the evolution of the hydrocarbons sector and its impact on energy policy, the environment, and society, providing reliable information for public debate and decision-making.<\/span><\/h5><\/li><li style=\"font-weight: 400;\" aria-level=\"1\"><h5><b>Mitigation Scenarios:<\/b><span style=\"font-weight: 400;\"> We evaluate viable pathways for emission reductions in the production and use of hydrocarbons, identifying opportunities to accelerate their transition to more sustainable models.<\/span><\/h5><\/li><li style=\"font-weight: 400;\" aria-level=\"1\"><h5><b>Green Hydrogen and Ammonia as Energy Vectors:<\/b><span style=\"font-weight: 400;\"> We research and promote the use of green hydrogen and ammonia as key energy alternatives for decarbonizing strategic sectors, facilitating their integration into the energy matrix.<\/span><\/h5><\/li><\/ul><h5><span style=\"font-weight: 400;\">The evolution of the hydrocarbons sector requires innovative solutions and strategies for an orderly and just transition.<\/span><\/h5><h5><span style=\"font-weight: 400;\">At <\/span><b>IDEA,<\/b><span style=\"font-weight: 400;\">\u00a0we provide analysis, modeling, and public policy proposals to ensure that the transformation of the energy sector aligns with a sustainable future.<\/span><\/h5><h5><span style=\"font-weight: 400;\">Learn more about our work and be part of the change towards a cleaner energy matrix.<\/span><\/h5><h5><span style=\"font-weight: 400;\">.<\/span><\/h5>\t\t\t\t\t\t\t\t<\/div>\n\t\t\t\t<\/div>\n\t\t\t\t<div class=\"elementor-element elementor-element-1f90039 elementor-widget elementor-widget-spacer\" data-id=\"1f90039\" data-element_type=\"widget\" data-e-type=\"widget\" data-widget_type=\"spacer.default\">\n\t\t\t\t<div class=\"elementor-widget-container\">\n\t\t\t\t\t\t\t<div class=\"elementor-spacer\">\n\t\t\t<div class=\"elementor-spacer-inner\"><\/div>\n\t\t<\/div>\n\t\t\t\t\t\t<\/div>\n\t\t\t\t<\/div>\n\t\t\t\t\t<\/div>\n\t\t\t\t<\/div>\n\t\t\t\t<\/div>","protected":false},"excerpt":{"rendered":"<p>El sector de los hidrocarburos en M\u00e9xico enfrenta el desaf\u00edo de reducir emisiones y diversificar fuentes de energ\u00eda. En IDEA, analizamos estrategias de mitigaci\u00f3n, combustibles alternativos como el hidr\u00f3geno verde y el impacto ambiental del sector para promover un futuro energ\u00e9tico m\u00e1s sostenible. Descubre c\u00f3mo impulsamos la transici\u00f3n hacia una matriz energ\u00e9tica m\u00e1s limpia.<\/p>","protected":false},"author":1,"featured_media":1755,"parent":0,"menu_order":0,"comment_status":"closed","ping_status":"closed","template":"","meta":{"_monsterinsights_skip_tracking":false,"_monsterinsights_sitenote_active":false,"_monsterinsights_sitenote_note":"","_monsterinsights_sitenote_category":0,"_uf_show_specific_survey":0,"_uf_disable_surveys":false,"footnotes":""},"class_list":["post-921","page","type-page","status-publish","has-post-thumbnail","hentry"],"aioseo_notices":[],"_links":{"self":[{"href":"https:\/\/ideathinktank.org.mx\/eng\/wp-json\/wp\/v2\/pages\/921","targetHints":{"allow":["GET"]}}],"collection":[{"href":"https:\/\/ideathinktank.org.mx\/eng\/wp-json\/wp\/v2\/pages"}],"about":[{"href":"https:\/\/ideathinktank.org.mx\/eng\/wp-json\/wp\/v2\/types\/page"}],"author":[{"embeddable":true,"href":"https:\/\/ideathinktank.org.mx\/eng\/wp-json\/wp\/v2\/users\/1"}],"replies":[{"embeddable":true,"href":"https:\/\/ideathinktank.org.mx\/eng\/wp-json\/wp\/v2\/comments?post=921"}],"version-history":[{"count":30,"href":"https:\/\/ideathinktank.org.mx\/eng\/wp-json\/wp\/v2\/pages\/921\/revisions"}],"predecessor-version":[{"id":2269,"href":"https:\/\/ideathinktank.org.mx\/eng\/wp-json\/wp\/v2\/pages\/921\/revisions\/2269"}],"wp:featuredmedia":[{"embeddable":true,"href":"https:\/\/ideathinktank.org.mx\/eng\/wp-json\/wp\/v2\/media\/1755"}],"wp:attachment":[{"href":"https:\/\/ideathinktank.org.mx\/eng\/wp-json\/wp\/v2\/media?parent=921"}],"curies":[{"name":"wp","href":"https:\/\/api.w.org\/{rel}","templated":true}]}}