{"id":915,"date":"2025-03-01T17:38:20","date_gmt":"2025-03-01T17:38:20","guid":{"rendered":"https:\/\/ideathinktank.org.mx\/?page_id=915"},"modified":"2025-04-30T17:29:07","modified_gmt":"2025-04-30T17:29:07","slug":"electricidad","status":"publish","type":"page","link":"https:\/\/ideathinktank.org.mx\/eng\/electricidad\/","title":{"rendered":"Electricity"},"content":{"rendered":"\t\t<div data-elementor-type=\"wp-page\" data-elementor-id=\"915\" class=\"elementor elementor-915\">\n\t\t\t\t<div class=\"elementor-element elementor-element-f68157c e-con-full elementor-hidden-tablet elementor-hidden-mobile e-flex wpr-particle-no wpr-jarallax-no wpr-parallax-no wpr-sticky-section-no e-con e-parent\" data-id=\"f68157c\" data-element_type=\"container\" data-e-type=\"container\" data-settings=\"{&quot;background_background&quot;:&quot;classic&quot;}\">\n\t\t\t\t<div class=\"elementor-element elementor-element-fa8cdbf elementor-widget elementor-widget-image\" data-id=\"fa8cdbf\" data-element_type=\"widget\" data-e-type=\"widget\" data-widget_type=\"image.default\">\n\t\t\t\t<div class=\"elementor-widget-container\">\n\t\t\t\t\t\t\t\t\t\t\t\t\t\t\t<img fetchpriority=\"high\" decoding=\"async\" width=\"1920\" height=\"360\" src=\"https:\/\/ideathinktank.org.mx\/wp-content\/uploads\/2025\/04\/sector-electrico.webp\" class=\"attachment-full size-full wp-image-1720\" alt=\"\" srcset=\"https:\/\/ideathinktank.org.mx\/wp-content\/uploads\/2025\/04\/sector-electrico.webp 1920w, https:\/\/ideathinktank.org.mx\/wp-content\/uploads\/2025\/04\/sector-electrico-300x56.webp 300w, https:\/\/ideathinktank.org.mx\/wp-content\/uploads\/2025\/04\/sector-electrico-1024x192.webp 1024w, https:\/\/ideathinktank.org.mx\/wp-content\/uploads\/2025\/04\/sector-electrico-768x144.webp 768w, https:\/\/ideathinktank.org.mx\/wp-content\/uploads\/2025\/04\/sector-electrico-1536x288.webp 1536w, https:\/\/ideathinktank.org.mx\/wp-content\/uploads\/2025\/04\/sector-electrico-18x3.webp 18w, https:\/\/ideathinktank.org.mx\/wp-content\/uploads\/2025\/04\/sector-electrico-200x38.webp 200w\" sizes=\"(max-width: 1920px) 100vw, 1920px\" \/>\t\t\t\t\t\t\t\t\t\t\t\t\t\t\t<\/div>\n\t\t\t\t<\/div>\n\t\t\t\t<\/div>\n\t\t<div class=\"elementor-element elementor-element-1f118fe e-con-full elementor-hidden-widescreen elementor-hidden-desktop elementor-hidden-laptop elementor-hidden-tablet_extra elementor-hidden-mobile_extra e-flex wpr-particle-no wpr-jarallax-no wpr-parallax-no wpr-sticky-section-no e-con e-parent\" data-id=\"1f118fe\" data-element_type=\"container\" data-e-type=\"container\" data-settings=\"{&quot;background_background&quot;:&quot;classic&quot;}\">\n\t\t\t\t<div class=\"elementor-element elementor-element-eef7af6 elementor-widget elementor-widget-image\" data-id=\"eef7af6\" data-element_type=\"widget\" data-e-type=\"widget\" data-widget_type=\"image.default\">\n\t\t\t\t<div class=\"elementor-widget-container\">\n\t\t\t\t\t\t\t\t\t\t\t\t\t\t\t<img decoding=\"async\" width=\"1080\" height=\"1350\" src=\"https:\/\/ideathinktank.org.mx\/wp-content\/uploads\/2025\/04\/sector-electrico_movil.webp\" class=\"attachment-full size-full wp-image-1721\" alt=\"\" srcset=\"https:\/\/ideathinktank.org.mx\/wp-content\/uploads\/2025\/04\/sector-electrico_movil.webp 1080w, https:\/\/ideathinktank.org.mx\/wp-content\/uploads\/2025\/04\/sector-electrico_movil-240x300.webp 240w, https:\/\/ideathinktank.org.mx\/wp-content\/uploads\/2025\/04\/sector-electrico_movil-819x1024.webp 819w, https:\/\/ideathinktank.org.mx\/wp-content\/uploads\/2025\/04\/sector-electrico_movil-768x960.webp 768w, https:\/\/ideathinktank.org.mx\/wp-content\/uploads\/2025\/04\/sector-electrico_movil-10x12.webp 10w, https:\/\/ideathinktank.org.mx\/wp-content\/uploads\/2025\/04\/sector-electrico_movil-200x250.webp 200w\" sizes=\"(max-width: 1080px) 100vw, 1080px\" \/>\t\t\t\t\t\t\t\t\t\t\t\t\t\t\t<\/div>\n\t\t\t\t<\/div>\n\t\t\t\t<\/div>\n\t\t<div class=\"elementor-element elementor-element-2c88419 e-flex e-con-boxed wpr-particle-no wpr-jarallax-no wpr-parallax-no wpr-sticky-section-no e-con e-parent\" data-id=\"2c88419\" data-element_type=\"container\" data-e-type=\"container\">\n\t\t\t\t\t<div class=\"e-con-inner\">\n\t\t\t\t<div class=\"elementor-element elementor-element-647b297 elementor-widget elementor-widget-spacer\" data-id=\"647b297\" data-element_type=\"widget\" data-e-type=\"widget\" data-widget_type=\"spacer.default\">\n\t\t\t\t<div class=\"elementor-widget-container\">\n\t\t\t\t\t\t\t<div class=\"elementor-spacer\">\n\t\t\t<div class=\"elementor-spacer-inner\"><\/div>\n\t\t<\/div>\n\t\t\t\t\t\t<\/div>\n\t\t\t\t<\/div>\n\t\t\t\t<div class=\"elementor-element elementor-element-1aee4bc elementor-widget elementor-widget-heading\" data-id=\"1aee4bc\" data-element_type=\"widget\" data-e-type=\"widget\" data-widget_type=\"heading.default\">\n\t\t\t\t<div class=\"elementor-widget-container\">\n\t\t\t\t\t<h2 class=\"elementor-heading-title elementor-size-default\">Electricidad<\/h2>\t\t\t\t<\/div>\n\t\t\t\t<\/div>\n\t\t\t\t<div class=\"elementor-element elementor-element-3d6bdea elementor-widget elementor-widget-spacer\" data-id=\"3d6bdea\" data-element_type=\"widget\" data-e-type=\"widget\" data-widget_type=\"spacer.default\">\n\t\t\t\t<div class=\"elementor-widget-container\">\n\t\t\t\t\t\t\t<div class=\"elementor-spacer\">\n\t\t\t<div class=\"elementor-spacer-inner\"><\/div>\n\t\t<\/div>\n\t\t\t\t\t\t<\/div>\n\t\t\t\t<\/div>\n\t\t\t\t<div class=\"elementor-element elementor-element-bdbab7c elementor-widget elementor-widget-text-editor\" data-id=\"bdbab7c\" data-element_type=\"widget\" data-e-type=\"widget\" data-widget_type=\"text-editor.default\">\n\t\t\t\t<div class=\"elementor-widget-container\">\n\t\t\t\t\t\t\t\t\t<h5><span style=\"font-weight: 400;\">La transici\u00f3n hacia un sistema el\u00e9ctrico sostenible requiere una planificaci\u00f3n estrat\u00e9gica basada en la ciencia de datos, la modelaci\u00f3n del sector y del mercado el\u00e9ctrico, y el an\u00e1lisis t\u00e9cnico de escenarios con un enfoque de equidad de g\u00e9nero e inclusi\u00f3n social. En Am\u00e9rica Latina y M\u00e9xico, existen desaf\u00edos \u00fanicos como el crecimiento de la demanda, la incorporaci\u00f3n de energ\u00edas renovables y la necesidad de garantizar un suministro confiable. Estos desaf\u00edos demandan un abordaje robusto en el que el uso de herramientas de an\u00e1lisis de datos y modelaci\u00f3n juega un papel crucial. Estas herramientas permiten simular escenarios, optimizar la expansi\u00f3n y operaci\u00f3n del sistema, y dise\u00f1ar estrategias que fortalezcan la eficiencia, competitividad y seguridad del sistema el\u00e9ctrico nacional, mientras se avanza hacia la descarbonizaci\u00f3n y el cumplimiento de las metas clim\u00e1ticas. La toma de decisiones basada en datos es fundamental para acelerar la transici\u00f3n energ\u00e9tica en la regi\u00f3n y garantizar un desarrollo sustentable del sector el\u00e9ctrico.<\/span><\/h5><h5><span style=\"font-weight: 400;\">En IDEA, desarrollamos herramientas y estrategias que permiten a los tomadores de decisiones, reguladores y actores clave dise\u00f1ar pol\u00edticas efectivas y viables para la transformaci\u00f3n del sistema el\u00e9ctrico.<\/span><\/h5><h5><span style=\"font-weight: 400;\">Nuestras l\u00edneas de acci\u00f3n incluyen:<\/span><\/h5><ul><li style=\"font-weight: 400;\" aria-level=\"1\"><h5><b>Modelaci\u00f3n:<\/b><span style=\"font-weight: 400;\"> Desarrollamos modelos avanzados para el dise\u00f1o de escenarios futuros para la integraci\u00f3n de energ\u00edas renovables, la expansi\u00f3n y modernizaci\u00f3n de las redes, la implementaci\u00f3n de pol\u00edticas p\u00fablicas y la simulaci\u00f3n de la operaci\u00f3n del sistema, de tal forma que se eval\u00fae t\u00e9cnica y econ\u00f3micamente su impacto en la confiabilidad y estabilidad del sistema.<\/span><\/h5><\/li><li style=\"font-weight: 400;\" aria-level=\"1\"><h5><b>Regulaci\u00f3n: <\/b><span style=\"font-weight: 400;\">Analizamos y proponemos marcos regulatorios y mecanismos de mercado que faciliten la integraci\u00f3n de energ\u00edas renovables, mejoren la flexibilidad del sistema y promuevan acciones y se\u00f1ales econ\u00f3micas adecuadas para la inversi\u00f3n en infraestructura el\u00e9ctrica sostenible.<\/span><\/h5><\/li><li style=\"font-weight: 400;\" aria-level=\"1\"><h5><b>Instrumentos de mercado: <\/b><span style=\"font-weight: 400;\">Evaluamos mecanismos financieros y de mercado que incentiven la transici\u00f3n energ\u00e9tica y el fortalecimiento del sistema el\u00e9ctrico, fomentando modelos de inversi\u00f3n sostenibles y alineados con los objetivos de descarbonizaci\u00f3n y seguridad energ\u00e9tica.<\/span><\/h5><\/li><li style=\"font-weight: 400;\" aria-level=\"1\"><h5><b>Transici\u00f3n energ\u00e9tica justa: <\/b><span style=\"font-weight: 400;\">Dise\u00f1amos estrategias para asegurar que los beneficios de la transici\u00f3n del sector el\u00e9ctrico lleguen a todas las personas y comunidades, promoviendo inclusi\u00f3n y equidad.<\/span><\/h5><\/li><li style=\"font-weight: 400;\" aria-level=\"1\"><h5><b>An\u00e1lisis de datos y monitoreo del sistema: <\/b><span style=\"font-weight: 400;\">Generamos, procesamos y analizamos datos clave sobre la operaci\u00f3n del sector el\u00e9ctrico evaluando la confiabilidad del sistema, la evoluci\u00f3n de la demanda y el desempe\u00f1o de las fuentes de generaci\u00f3n, con el objetivo de fortalecer la transparencia y mejorar la planeaci\u00f3n del sector energ\u00e9tico.<\/span><\/h5><\/li><\/ul><h5><span style=\"font-weight: 400;\">Un sistema el\u00e9ctrico bien planificado no solo reduce emisiones y costos, sino que tambi\u00e9n fortalece la seguridad energ\u00e9tica, promueve la inversi\u00f3n y acelera el desarrollo econ\u00f3mico y social.<\/span><\/h5><h5><span style=\"font-weight: 400;\">En IDEA, transformamos el conocimiento en acci\u00f3n a trav\u00e9s de modelaci\u00f3n avanzada del sistema el\u00e9ctrico, an\u00e1lisis de datos confiables y desarrollo de soluciones estrat\u00e9gicas que impulsan un sector energ\u00e9tico sostenible, resiliente y eficiente.<\/span><\/h5><h5><span style=\"font-weight: 400;\">Cont\u00e1ctanos para conocer m\u00e1s sobre nuestras investigaciones y proyectos en la planeaci\u00f3n del sector el\u00e9ctrico.<\/span><\/h5>\t\t\t\t\t\t\t\t<\/div>\n\t\t\t\t<\/div>\n\t\t\t\t<div class=\"elementor-element elementor-element-1f90039 elementor-widget elementor-widget-spacer\" data-id=\"1f90039\" data-element_type=\"widget\" data-e-type=\"widget\" data-widget_type=\"spacer.default\">\n\t\t\t\t<div class=\"elementor-widget-container\">\n\t\t\t\t\t\t\t<div class=\"elementor-spacer\">\n\t\t\t<div class=\"elementor-spacer-inner\"><\/div>\n\t\t<\/div>\n\t\t\t\t\t\t<\/div>\n\t\t\t\t<\/div>\n\t\t\t\t\t<\/div>\n\t\t\t\t<\/div>\n\t\t<div class=\"elementor-element elementor-element-7156913 e-flex e-con-boxed wpr-particle-no wpr-jarallax-no wpr-parallax-no wpr-sticky-section-no e-con e-parent\" data-id=\"7156913\" data-element_type=\"container\" data-e-type=\"container\" data-settings=\"{&quot;background_background&quot;:&quot;classic&quot;}\">\n\t\t\t\t\t<div class=\"e-con-inner\">\n\t\t\t\t<div class=\"elementor-element elementor-element-f1b726c elementor-widget elementor-widget-spacer\" data-id=\"f1b726c\" data-element_type=\"widget\" data-e-type=\"widget\" data-widget_type=\"spacer.default\">\n\t\t\t\t<div class=\"elementor-widget-container\">\n\t\t\t\t\t\t\t<div class=\"elementor-spacer\">\n\t\t\t<div class=\"elementor-spacer-inner\"><\/div>\n\t\t<\/div>\n\t\t\t\t\t\t<\/div>\n\t\t\t\t<\/div>\n\t\t\t\t<div class=\"elementor-element elementor-element-fe47025 elementor-widget elementor-widget-heading\" data-id=\"fe47025\" data-element_type=\"widget\" data-e-type=\"widget\" data-widget_type=\"heading.default\">\n\t\t\t\t<div class=\"elementor-widget-container\">\n\t\t\t\t\t<h2 class=\"elementor-heading-title elementor-size-default\">Publicaciones relacionadas<\/h2>\t\t\t\t<\/div>\n\t\t\t\t<\/div>\n\t\t\t\t<div class=\"elementor-element elementor-element-abe2357 elementor-widget__width-auto e-transform wpr-grid-columns-3 wpr-grid-columns--widescreen3 wpr-grid-columns--laptop3 wpr-grid-columns--tablet_extra3 wpr-grid-columns--tablet2 wpr-grid-columns--mobile_extra2 wpr-grid-columns--mobile1 wpr-grid-pagination-center wpr-item-styles-inner elementor-widget elementor-widget-wpr-grid\" data-id=\"abe2357\" data-element_type=\"widget\" data-e-type=\"widget\" data-settings=\"{&quot;_transform_scale_effect&quot;:{&quot;unit&quot;:&quot;px&quot;,&quot;size&quot;:0.8000000000000000444089209850062616169452667236328125,&quot;sizes&quot;:[]},&quot;_transform_scale_effect_widescreen&quot;:{&quot;unit&quot;:&quot;px&quot;,&quot;size&quot;:&quot;&quot;,&quot;sizes&quot;:[]},&quot;_transform_scale_effect_laptop&quot;:{&quot;unit&quot;:&quot;px&quot;,&quot;size&quot;:&quot;&quot;,&quot;sizes&quot;:[]},&quot;_transform_scale_effect_tablet_extra&quot;:{&quot;unit&quot;:&quot;px&quot;,&quot;size&quot;:&quot;&quot;,&quot;sizes&quot;:[]},&quot;_transform_scale_effect_tablet&quot;:{&quot;unit&quot;:&quot;px&quot;,&quot;size&quot;:&quot;&quot;,&quot;sizes&quot;:[]},&quot;_transform_scale_effect_mobile_extra&quot;:{&quot;unit&quot;:&quot;px&quot;,&quot;size&quot;:&quot;&quot;,&quot;sizes&quot;:[]},&quot;_transform_scale_effect_mobile&quot;:{&quot;unit&quot;:&quot;px&quot;,&quot;size&quot;:&quot;&quot;,&quot;sizes&quot;:[]}}\" data-widget_type=\"wpr-grid.default\">\n\t\t\t\t<div class=\"elementor-widget-container\">\n\t\t\t\t\t<ul class=\"wpr-grid-filters elementor-clearfix wpr-grid-filters-sep-right\"><li class=\" wpr-pointer-none wpr-pointer-line-fx wpr-pointer-fx-none\"><span  data-filter=\"*\" class=\"wpr-grid-filters-item wpr-active-filter \">All Posts<\/span><em class=\"wpr-grid-filters-sep\"><\/em><\/li><li class=\" wpr-pointer-none wpr-pointer-line-fx wpr-pointer-fx-none\"><span   data-ajax-filter=[\"category\",\"planeacion-del-sector-electrico\"]  data-filter=\".category-planeacion-del-sector-electrico\">Planeaci\u00f3n del Sector El\u00e9ctrico<\/span><em class=\"wpr-grid-filters-sep\"><\/em><\/li><\/ul><section class=\"wpr-grid elementor-clearfix\" data-settings=\"{&quot;layout&quot;:&quot;fitRows&quot;,&quot;stick_last_element_to_bottom&quot;:&quot;&quot;,&quot;columns_desktop&quot;:3,&quot;gutter_hr&quot;:15,&quot;gutter_hr_mobile&quot;:15,&quot;gutter_hr_mobile_extra&quot;:15,&quot;gutter_hr_tablet&quot;:15,&quot;gutter_hr_tablet_extra&quot;:15,&quot;gutter_hr_laptop&quot;:15,&quot;gutter_hr_widescreen&quot;:15,&quot;gutter_vr&quot;:15,&quot;gutter_vr_mobile&quot;:15,&quot;gutter_vr_mobile_extra&quot;:15,&quot;gutter_vr_tablet&quot;:15,&quot;gutter_vr_tablet_extra&quot;:15,&quot;gutter_vr_laptop&quot;:15,&quot;gutter_vr_widescreen&quot;:15,&quot;animation&quot;:&quot;default&quot;,&quot;animation_duration&quot;:0.299999999999999988897769753748434595763683319091796875,&quot;animation_delay&quot;:0.1000000000000000055511151231257827021181583404541015625,&quot;deeplinking&quot;:&quot;&quot;,&quot;filters_linkable&quot;:&quot;no&quot;,&quot;filters_default_filter&quot;:&quot;&quot;,&quot;filters_count&quot;:&quot;&quot;,&quot;filters_hide_empty&quot;:&quot;no&quot;,&quot;filters_animation&quot;:&quot;default&quot;,&quot;filters_animation_duration&quot;:0.299999999999999988897769753748434595763683319091796875,&quot;filters_animation_delay&quot;:0.1000000000000000055511151231257827021181583404541015625,&quot;pagination_type&quot;:&quot;load-more&quot;,&quot;pagination_max_pages&quot;:1,&quot;lightbox&quot;:{&quot;selector&quot;:&quot;.wpr-grid-image-wrap&quot;,&quot;iframeMaxWidth&quot;:&quot;60%&quot;,&quot;hash&quot;:false,&quot;autoplay&quot;:&quot;true&quot;,&quot;pause&quot;:5000,&quot;progressBar&quot;:&quot;true&quot;,&quot;counter&quot;:&quot;true&quot;,&quot;controls&quot;:&quot;true&quot;,&quot;getCaptionFromTitleOrAlt&quot;:&quot;true&quot;,&quot;thumbnail&quot;:&quot;&quot;,&quot;showThumbByDefault&quot;:&quot;&quot;,&quot;share&quot;:&quot;&quot;,&quot;zoom&quot;:&quot;true&quot;,&quot;fullScreen&quot;:&quot;true&quot;,&quot;download&quot;:&quot;true&quot;}}\" data-advanced-filters=\"no\"><article class=\"wpr-grid-item elementor-clearfix post-1377 post type-post status-publish format-standard has-post-thumbnail hentry category-biblioteca category-planeacion-del-sector-electrico category-publicaciones\"><div class=\"wpr-grid-item-inner\"><div class=\"wpr-grid-media-wrap wpr-effect-size-medium \" data-overlay-link=\"yes\"><div class=\"wpr-grid-image-wrap\" data-src=\"https:\/\/ideathinktank.org.mx\/wp-content\/uploads\/2025\/03\/Portada-ABC-electrico-768x992.webp\" data-img-on-hover=\"\"  data-src-secondary=\"\"><img decoding=\"async\" data-no-lazy=\"1\" src=\"https:\/\/ideathinktank.org.mx\/wp-content\/uploads\/2025\/03\/Portada-ABC-electrico-768x992.webp\" alt=\"ABC del sector el\u00e9ctrico\" class=\"wpr-anim-timing-ease-default\"><\/div><div class=\"wpr-grid-media-hover wpr-animation-wrap\"><div class=\"wpr-grid-media-hover-bg  wpr-overlay-fade-in wpr-anim-size-large wpr-anim-timing-ease-default wpr-anim-transparency\" data-url=\"https:\/\/ideathinktank.org.mx\/eng\/abc-del-sector-electrico\/\"><\/div><\/div><\/div><div class=\"wpr-grid-item-below-content elementor-clearfix\"><h2 class=\"wpr-grid-item-title elementor-repeater-item-5a0232d wpr-grid-item-display-block wpr-grid-item-align-left wpr-pointer-none wpr-pointer-line-fx wpr-pointer-fx-fade\"><div class=\"inner-block\"><a target=\"_self\"  href=\"https:\/\/ideathinktank.org.mx\/eng\/abc-del-sector-electrico\/\">ABC del sector el\u00e9ctrico<\/a><\/div><\/h2><div class=\"wpr-grid-item-read-more elementor-repeater-item-bcb4601 wpr-grid-item-display-block wpr-grid-item-align-left\"><div class=\"inner-block\"><a target=\"_self\" href=\"https:\/\/ideathinktank.org.mx\/eng\/abc-del-sector-electrico\/\" class=\"wpr-button-effect wpr-button-none\"><span>Leer m\u00e1s<\/span><\/a><\/div><\/div><\/div><\/div><\/article><\/section>\t\t\t\t<\/div>\n\t\t\t\t<\/div>\n\t\t\t\t\t<\/div>\n\t\t\t\t<\/div>\n\t\t\t\t<\/div>\n\t\t","protected":false},"excerpt":{"rendered":"<p>La planeaci\u00f3n del sector el\u00e9ctrico en M\u00e9xico es clave para una transici\u00f3n energ\u00e9tica sostenible. En IDEA, desarrollamos herramientas y estrategias basadas en an\u00e1lisis t\u00e9cnico y datos, apoyando a tomadores de decisi\u00f3n en la creaci\u00f3n de pol\u00edticas viables. Nuestras acciones incluyen modelaci\u00f3n energ\u00e9tica, regulaci\u00f3n, mecanismos de mercado y estrategias para una transici\u00f3n justa. Un sistema el\u00e9ctrico bien planificado impulsa el desarrollo, reduce emisiones y garantiza un suministro confiable.<\/p>","protected":false},"author":1,"featured_media":1721,"parent":0,"menu_order":0,"comment_status":"closed","ping_status":"closed","template":"","meta":{"_monsterinsights_skip_tracking":false,"_monsterinsights_sitenote_active":false,"_monsterinsights_sitenote_note":"","_monsterinsights_sitenote_category":0,"_uf_show_specific_survey":0,"_uf_disable_surveys":false,"footnotes":""},"class_list":["post-915","page","type-page","status-publish","has-post-thumbnail","hentry"],"aioseo_notices":[],"_links":{"self":[{"href":"https:\/\/ideathinktank.org.mx\/eng\/wp-json\/wp\/v2\/pages\/915","targetHints":{"allow":["GET"]}}],"collection":[{"href":"https:\/\/ideathinktank.org.mx\/eng\/wp-json\/wp\/v2\/pages"}],"about":[{"href":"https:\/\/ideathinktank.org.mx\/eng\/wp-json\/wp\/v2\/types\/page"}],"author":[{"embeddable":true,"href":"https:\/\/ideathinktank.org.mx\/eng\/wp-json\/wp\/v2\/users\/1"}],"replies":[{"embeddable":true,"href":"https:\/\/ideathinktank.org.mx\/eng\/wp-json\/wp\/v2\/comments?post=915"}],"version-history":[{"count":38,"href":"https:\/\/ideathinktank.org.mx\/eng\/wp-json\/wp\/v2\/pages\/915\/revisions"}],"predecessor-version":[{"id":2186,"href":"https:\/\/ideathinktank.org.mx\/eng\/wp-json\/wp\/v2\/pages\/915\/revisions\/2186"}],"wp:featuredmedia":[{"embeddable":true,"href":"https:\/\/ideathinktank.org.mx\/eng\/wp-json\/wp\/v2\/media\/1721"}],"wp:attachment":[{"href":"https:\/\/ideathinktank.org.mx\/eng\/wp-json\/wp\/v2\/media?parent=915"}],"curies":[{"name":"wp","href":"https:\/\/api.w.org\/{rel}","templated":true}]}}