{"id":843,"date":"2025-02-27T23:31:44","date_gmt":"2025-02-27T23:31:44","guid":{"rendered":"https:\/\/ideathinktank.org.mx\/?page_id=843"},"modified":"2025-11-12T16:17:03","modified_gmt":"2025-11-12T16:17:03","slug":"acerca-de-nosotros","status":"publish","type":"page","link":"https:\/\/ideathinktank.org.mx\/eng\/acerca-de-nosotros\/","title":{"rendered":"Acerca de nosotros"},"content":{"rendered":"<div data-elementor-type=\"wp-page\" data-elementor-id=\"843\" class=\"elementor elementor-843\">\n\t\t\t\t<div class=\"elementor-element elementor-element-0a63c21 e-con-full elementor-hidden-tablet elementor-hidden-mobile e-flex wpr-particle-no wpr-jarallax-no wpr-parallax-no wpr-sticky-section-no e-con e-parent\" data-id=\"0a63c21\" data-element_type=\"container\" data-e-type=\"container\">\n\t\t\t\t<div class=\"elementor-element elementor-element-998de2b elementor-widget elementor-widget-image\" data-id=\"998de2b\" data-element_type=\"widget\" data-e-type=\"widget\" data-widget_type=\"image.default\">\n\t\t\t\t<div class=\"elementor-widget-container\">\n\t\t\t\t\t\t\t\t\t\t\t\t\t\t\t<img decoding=\"async\" src=\"https:\/\/ideathinktank.org.mx\/wp-content\/uploads\/elementor\/thumbs\/IDEA_HISTORIA_ICM_ENERGIA-re6u558m6tt7ncf5o11yjav7ymr99i2ilhtqft0ahc.webp\" title=\"IDEA_HISTORIA_ICM_ENERGIA\" alt=\"IDEA_HISTORIA_ICM_ENERGIA\" loading=\"lazy\" \/>\t\t\t\t\t\t\t\t\t\t\t\t\t\t\t<\/div>\n\t\t\t\t<\/div>\n\t\t\t\t<\/div>\n\t\t<div class=\"elementor-element elementor-element-103218a e-con-full elementor-hidden-widescreen elementor-hidden-desktop elementor-hidden-laptop elementor-hidden-tablet_extra elementor-hidden-mobile_extra e-flex wpr-particle-no wpr-jarallax-no wpr-parallax-no wpr-sticky-section-no e-con e-parent\" data-id=\"103218a\" data-element_type=\"container\" data-e-type=\"container\">\n\t\t\t\t<div class=\"elementor-element elementor-element-6fc4953 elementor-widget elementor-widget-image\" data-id=\"6fc4953\" data-element_type=\"widget\" data-e-type=\"widget\" data-widget_type=\"image.default\">\n\t\t\t\t<div class=\"elementor-widget-container\">\n\t\t\t\t\t\t\t\t\t\t\t\t\t\t\t<img fetchpriority=\"high\" decoding=\"async\" width=\"1080\" height=\"1350\" src=\"https:\/\/ideathinktank.org.mx\/wp-content\/uploads\/2025\/04\/nuestra-historia.webp\" class=\"attachment-full size-full wp-image-2083\" alt=\"\" srcset=\"https:\/\/ideathinktank.org.mx\/wp-content\/uploads\/2025\/04\/nuestra-historia.webp 1080w, https:\/\/ideathinktank.org.mx\/wp-content\/uploads\/2025\/04\/nuestra-historia-240x300.webp 240w, https:\/\/ideathinktank.org.mx\/wp-content\/uploads\/2025\/04\/nuestra-historia-819x1024.webp 819w, https:\/\/ideathinktank.org.mx\/wp-content\/uploads\/2025\/04\/nuestra-historia-768x960.webp 768w, https:\/\/ideathinktank.org.mx\/wp-content\/uploads\/2025\/04\/nuestra-historia-10x12.webp 10w, https:\/\/ideathinktank.org.mx\/wp-content\/uploads\/2025\/04\/nuestra-historia-200x250.webp 200w\" sizes=\"(max-width: 1080px) 100vw, 1080px\" \/>\t\t\t\t\t\t\t\t\t\t\t\t\t\t\t<\/div>\n\t\t\t\t<\/div>\n\t\t\t\t<\/div>\n\t\t<div class=\"elementor-element elementor-element-b0fa79a e-flex e-con-boxed wpr-particle-no wpr-jarallax-no wpr-parallax-no wpr-sticky-section-no e-con e-parent\" data-id=\"b0fa79a\" data-element_type=\"container\" data-e-type=\"container\">\n\t\t\t\t\t<div class=\"e-con-inner\">\n\t\t\t\t<div class=\"elementor-element elementor-element-c8654f0 elementor-widget elementor-widget-spacer\" data-id=\"c8654f0\" data-element_type=\"widget\" data-e-type=\"widget\" data-widget_type=\"spacer.default\">\n\t\t\t\t<div class=\"elementor-widget-container\">\n\t\t\t\t\t\t\t<div class=\"elementor-spacer\">\n\t\t\t<div class=\"elementor-spacer-inner\"><\/div>\n\t\t<\/div>\n\t\t\t\t\t\t<\/div>\n\t\t\t\t<\/div>\n\t\t\t\t<div class=\"elementor-element elementor-element-0830f23 elementor-widget elementor-widget-heading\" data-id=\"0830f23\" data-element_type=\"widget\" data-e-type=\"widget\" data-widget_type=\"heading.default\">\n\t\t\t\t<div class=\"elementor-widget-container\">\n\t\t\t\t\t<h2 class=\"elementor-heading-title elementor-size-default\">Our history<\/h2>\t\t\t\t<\/div>\n\t\t\t\t<\/div>\n\t\t\t\t<div class=\"elementor-element elementor-element-2916b86 elementor-widget elementor-widget-text-editor\" data-id=\"2916b86\" data-element_type=\"widget\" data-e-type=\"widget\" data-widget_type=\"text-editor.default\">\n\t\t\t\t<div class=\"elementor-widget-container\">\n\t\t\t\t\t\t\t\t\t<h5><b>The Institute for Development, Energy, and Environment (IDEA)<\/b><span style=\"font-weight: 400;\">, was founded in 2024 as an independent, non-partisan, and non-profit think tank and action center that promotes viable solutions based on the best available science to achieve a just energy transition and promote sustainable prosperity that integrates the well-being of people, communities, and ecosystems.<\/span><\/h5><h5><span style=\"font-weight: 400;\">IDEA was born from the Energy team of the Mexican Climate Initiative (ICM), which for more than 10 years has been channeling international funds, providing technical assistance, developing public policy recommendations, and fostering participation from various stakeholders to decarbonize Mexico's energy sector. IDEA represents the evolution of this path to expand our impact as a think tank and action center with a regional and long-term vision.<\/span><\/h5>\t\t\t\t\t\t\t\t<\/div>\n\t\t\t\t<\/div>\n\t\t\t\t<div class=\"elementor-element elementor-element-07a9912 elementor-widget elementor-widget-heading\" data-id=\"07a9912\" data-element_type=\"widget\" data-e-type=\"widget\" data-widget_type=\"heading.default\">\n\t\t\t\t<div class=\"elementor-widget-container\">\n\t\t\t\t\t<h2 class=\"elementor-heading-title elementor-size-default\">The principles that guide us.<\/h2>\t\t\t\t<\/div>\n\t\t\t\t<\/div>\n\t\t\t\t<div class=\"elementor-element elementor-element-015bc02 elementor-widget elementor-widget-text-editor\" data-id=\"015bc02\" data-element_type=\"widget\" data-e-type=\"widget\" data-widget_type=\"text-editor.default\">\n\t\t\t\t<div class=\"elementor-widget-container\">\n\t\t\t\t\t\t\t\t\t<ul><li aria-level=\"1\"><h5>Innovation<span style=\"font-weight: 400;\"> The ability to generate creative and cutting-edge solutions that drive the shift toward a sustainable energy system.<\/span><\/h5><\/li><\/ul><ul><li aria-level=\"1\"><h5>Transparency. <span style=\"font-weight: 400;\">A commitment to providing clear, reliable, and accessible data to support informed decision-making.<\/span><\/h5><\/li><\/ul><ul><li aria-level=\"1\"><h5>Collaboration. <span style=\"font-weight: 400;\">The belief that joint efforts among diverse sectors and stakeholders are essential to achieving effective and equitable solutions.<\/span><\/h5><\/li><\/ul><ul><li aria-level=\"1\"><h5>Sustainability. <span style=\"font-weight: 400;\">An unwavering dedication to promoting practices, policies, and projects that ensure a balance between development and environmental protection.<\/span><\/h5><\/li><\/ul><ul><li aria-level=\"1\"><h5>Justice. <span style=\"font-weight: 400;\">Recognition of historical and structural inequalities that seeks the equitable distribution of costs and benefits of the energy transition, which implies the active and substantive participation of all people involved, especially the most vulnerable, both in the legal framework and in decision-making.<\/span><\/h5><\/li><\/ul><ul><li aria-level=\"1\"><h5>Inclusion. <span style=\"font-weight: 400;\">The certainty that the energy transition must benefit everyone, ensuring that no one is excluded from the process or its outcomes.<\/span><\/h5><\/li><li aria-level=\"1\"><h5>Technical leadership.<span style=\"font-weight: 400;\"> A rigorous, specialized knowledge-based approach to guide the development of transformative policies and projects.<\/span><\/h5><\/li><\/ul>\t\t\t\t\t\t\t\t<\/div>\n\t\t\t\t<\/div>\n\t\t\t\t<div class=\"elementor-element elementor-element-fabcf4d elementor-widget elementor-widget-spacer\" data-id=\"fabcf4d\" data-element_type=\"widget\" data-e-type=\"widget\" data-widget_type=\"spacer.default\">\n\t\t\t\t<div class=\"elementor-widget-container\">\n\t\t\t\t\t\t\t<div class=\"elementor-spacer\">\n\t\t\t<div class=\"elementor-spacer-inner\"><\/div>\n\t\t<\/div>\n\t\t\t\t\t\t<\/div>\n\t\t\t\t<\/div>\n\t\t\t\t\t<\/div>\n\t\t\t\t<\/div>\n\t\t<div class=\"elementor-element elementor-element-07f1956 e-flex e-con-boxed wpr-particle-no wpr-jarallax-no wpr-parallax-no wpr-sticky-section-no e-con e-parent\" data-id=\"07f1956\" data-element_type=\"container\" data-e-type=\"container\" data-settings=\"{&quot;background_background&quot;:&quot;classic&quot;}\">\n\t\t\t\t\t<div class=\"e-con-inner\">\n\t\t\t\t<div class=\"elementor-element elementor-element-cc6598c elementor-widget elementor-widget-spacer\" data-id=\"cc6598c\" data-element_type=\"widget\" data-e-type=\"widget\" data-widget_type=\"spacer.default\">\n\t\t\t\t<div class=\"elementor-widget-container\">\n\t\t\t\t\t\t\t<div class=\"elementor-spacer\">\n\t\t\t<div class=\"elementor-spacer-inner\"><\/div>\n\t\t<\/div>\n\t\t\t\t\t\t<\/div>\n\t\t\t\t<\/div>\n\t\t\t\t<div class=\"elementor-element elementor-element-3c6ba5a elementor-widget elementor-widget-heading\" data-id=\"3c6ba5a\" data-element_type=\"widget\" data-e-type=\"widget\" data-widget_type=\"heading.default\">\n\t\t\t\t<div class=\"elementor-widget-container\">\n\t\t\t\t\t<h2 class=\"elementor-heading-title elementor-size-default\">About Us<\/h2>\t\t\t\t<\/div>\n\t\t\t\t<\/div>\n\t\t\t\t<div class=\"elementor-element elementor-element-3d70eba elementor-widget elementor-widget-spacer\" data-id=\"3d70eba\" data-element_type=\"widget\" data-e-type=\"widget\" data-widget_type=\"spacer.default\">\n\t\t\t\t<div class=\"elementor-widget-container\">\n\t\t\t\t\t\t\t<div class=\"elementor-spacer\">\n\t\t\t<div class=\"elementor-spacer-inner\"><\/div>\n\t\t<\/div>\n\t\t\t\t\t\t<\/div>\n\t\t\t\t<\/div>\n\t\t\t\t<div class=\"elementor-element elementor-element-8bf6e95 elementor-widget elementor-widget-heading\" data-id=\"8bf6e95\" data-element_type=\"widget\" data-e-type=\"widget\" data-widget_type=\"heading.default\">\n\t\t\t\t<div class=\"elementor-widget-container\">\n\t\t\t\t\t<h2 class=\"elementor-heading-title elementor-size-default\">Mission<\/h2>\t\t\t\t<\/div>\n\t\t\t\t<\/div>\n\t\t\t\t<div class=\"elementor-element elementor-element-ee844c7 elementor-widget elementor-widget-text-editor\" data-id=\"ee844c7\" data-element_type=\"widget\" data-e-type=\"widget\" data-widget_type=\"text-editor.default\">\n\t\t\t\t<div class=\"elementor-widget-container\">\n\t\t\t\t\t\t\t\t\t<h5 style=\"text-align: right;\"><span style=\"font-weight: 400;\">To drive a just energy transition through comprehensive and viable solutions that address climate change and promote sustainable prosperity. We do this through rigorous technical analysis, dialogue, multisector collaboration, and the dissemination of clear and accessible information, grounded in the best available science and with a deep commitment to the well-being of people, communities, and ecosystems.<\/span><\/h5>\t\t\t\t\t\t\t\t<\/div>\n\t\t\t\t<\/div>\n\t\t\t\t<div class=\"elementor-element elementor-element-ec2c916 elementor-widget elementor-widget-heading\" data-id=\"ec2c916\" data-element_type=\"widget\" data-e-type=\"widget\" data-widget_type=\"heading.default\">\n\t\t\t\t<div class=\"elementor-widget-container\">\n\t\t\t\t\t<h2 class=\"elementor-heading-title elementor-size-default\">Vision<\/h2>\t\t\t\t<\/div>\n\t\t\t\t<\/div>\n\t\t\t\t<div class=\"elementor-element elementor-element-9907aa0 elementor-widget elementor-widget-text-editor\" data-id=\"9907aa0\" data-element_type=\"widget\" data-e-type=\"widget\" data-widget_type=\"text-editor.default\">\n\t\t\t\t<div class=\"elementor-widget-container\">\n\t\t\t\t\t\t\t\t\t<h5 style=\"text-align: left;\"><span style=\"font-weight: 400;\">To be a reference for decision-making and the implementation of innovative, viable, and science-based solutions to comprehensively address the challenges of the energy sector, not only tackling climate change but also promoting sustainable prosperity for people, communities, and ecosystems.<\/span><\/h5>\t\t\t\t\t\t\t\t<\/div>\n\t\t\t\t<\/div>\n\t\t\t\t<div class=\"elementor-element elementor-element-bf980db elementor-widget elementor-widget-spacer\" data-id=\"bf980db\" data-element_type=\"widget\" data-e-type=\"widget\" data-widget_type=\"spacer.default\">\n\t\t\t\t<div class=\"elementor-widget-container\">\n\t\t\t\t\t\t\t<div class=\"elementor-spacer\">\n\t\t\t<div class=\"elementor-spacer-inner\"><\/div>\n\t\t<\/div>\n\t\t\t\t\t\t<\/div>\n\t\t\t\t<\/div>\n\t\t\t\t\t<\/div>\n\t\t\t\t<\/div>\n\t\t<div class=\"elementor-element elementor-element-879ba6e e-flex e-con-boxed wpr-particle-no wpr-jarallax-no wpr-parallax-no wpr-sticky-section-no e-con e-parent\" data-id=\"879ba6e\" data-element_type=\"container\" data-e-type=\"container\">\n\t\t\t\t\t<div class=\"e-con-inner\">\n\t\t\t\t<div class=\"elementor-element elementor-element-127cab7 elementor-widget elementor-widget-spacer\" data-id=\"127cab7\" data-element_type=\"widget\" data-e-type=\"widget\" data-widget_type=\"spacer.default\">\n\t\t\t\t<div class=\"elementor-widget-container\">\n\t\t\t\t\t\t\t<div class=\"elementor-spacer\">\n\t\t\t<div class=\"elementor-spacer-inner\"><\/div>\n\t\t<\/div>\n\t\t\t\t\t\t<\/div>\n\t\t\t\t<\/div>\n\t\t\t\t<div class=\"elementor-element elementor-element-190518e elementor-widget elementor-widget-heading\" data-id=\"190518e\" data-element_type=\"widget\" data-e-type=\"widget\" data-widget_type=\"heading.default\">\n\t\t\t\t<div class=\"elementor-widget-container\">\n\t\t\t\t\t<h2 class=\"elementor-heading-title elementor-size-default\">A Shared Regional Challenge<\/h2>\t\t\t\t<\/div>\n\t\t\t\t<\/div>\n\t\t\t\t<div class=\"elementor-element elementor-element-25d5d2e elementor-widget elementor-widget-text-editor\" data-id=\"25d5d2e\" data-element_type=\"widget\" data-e-type=\"widget\" data-widget_type=\"text-editor.default\">\n\t\t\t\t<div class=\"elementor-widget-container\">\n\t\t\t\t\t\t\t\t\t<h5><span style=\"font-weight: 400;\">The energy transition challenge is not unique to Mexico. Across Latin America, dependence on fossil fuels, the need to strengthen renewable infrastructure, and the pursuit of sustainable development models are common issues. By working at the regional level, IDEA helps identify shared solutions, strengthen cooperation among countries, and demonstrate that a zero-emissions energy future is possible through effective public policy, adequate financing, and the adoption of clean technologies. Coordinated action is key to achieving a fair and sustainable energy transition across the region.<\/span><\/h5>\t\t\t\t\t\t\t\t<\/div>\n\t\t\t\t<\/div>\n\t\t\t\t<div class=\"elementor-element elementor-element-f05dd2e elementor-widget elementor-widget-spacer\" data-id=\"f05dd2e\" data-element_type=\"widget\" data-e-type=\"widget\" data-widget_type=\"spacer.default\">\n\t\t\t\t<div class=\"elementor-widget-container\">\n\t\t\t\t\t\t\t<div class=\"elementor-spacer\">\n\t\t\t<div class=\"elementor-spacer-inner\"><\/div>\n\t\t<\/div>\n\t\t\t\t\t\t<\/div>\n\t\t\t\t<\/div>\n\t\t\t\t\t<\/div>\n\t\t\t\t<\/div>\n\t\t\t\t<\/div>","protected":false},"excerpt":{"rendered":"<p>IDEA impulsa la transici\u00f3n energ\u00e9tica en M\u00e9xico y Am\u00e9rica Latina con soluciones sostenibles, descarbonizaci\u00f3n del sector energ\u00e9tico y pol\u00edticas p\u00fablicas basadas en evidencia. \u00a1Conoce nuestra historia!<\/p>","protected":false},"author":1,"featured_media":0,"parent":0,"menu_order":0,"comment_status":"closed","ping_status":"closed","template":"","meta":{"_monsterinsights_skip_tracking":false,"_monsterinsights_sitenote_active":false,"_monsterinsights_sitenote_note":"","_monsterinsights_sitenote_category":0,"_uf_show_specific_survey":0,"_uf_disable_surveys":false,"footnotes":""},"class_list":["post-843","page","type-page","status-publish","hentry"],"aioseo_notices":[],"_links":{"self":[{"href":"https:\/\/ideathinktank.org.mx\/eng\/wp-json\/wp\/v2\/pages\/843","targetHints":{"allow":["GET"]}}],"collection":[{"href":"https:\/\/ideathinktank.org.mx\/eng\/wp-json\/wp\/v2\/pages"}],"about":[{"href":"https:\/\/ideathinktank.org.mx\/eng\/wp-json\/wp\/v2\/types\/page"}],"author":[{"embeddable":true,"href":"https:\/\/ideathinktank.org.mx\/eng\/wp-json\/wp\/v2\/users\/1"}],"replies":[{"embeddable":true,"href":"https:\/\/ideathinktank.org.mx\/eng\/wp-json\/wp\/v2\/comments?post=843"}],"version-history":[{"count":59,"href":"https:\/\/ideathinktank.org.mx\/eng\/wp-json\/wp\/v2\/pages\/843\/revisions"}],"predecessor-version":[{"id":3077,"href":"https:\/\/ideathinktank.org.mx\/eng\/wp-json\/wp\/v2\/pages\/843\/revisions\/3077"}],"wp:attachment":[{"href":"https:\/\/ideathinktank.org.mx\/eng\/wp-json\/wp\/v2\/media?parent=843"}],"curies":[{"name":"wp","href":"https:\/\/api.w.org\/{rel}","templated":true}]}}