{"id":531,"date":"2025-04-25T23:29:26","date_gmt":"2025-04-25T23:29:26","guid":{"rendered":"https:\/\/ideathinktank.org.mx\/?page_id=531"},"modified":"2026-03-18T16:10:54","modified_gmt":"2026-03-18T16:10:54","slug":"publicaciones","status":"publish","type":"page","link":"https:\/\/ideathinktank.org.mx\/eng\/publicaciones\/","title":{"rendered":"Publications"},"content":{"rendered":"<div data-elementor-type=\"wp-page\" data-elementor-id=\"531\" class=\"elementor elementor-531\">\n\t\t\t\t<div class=\"elementor-element elementor-element-7656b218 e-con-full e-flex wpr-particle-no wpr-jarallax-no wpr-parallax-no wpr-sticky-section-no e-con e-parent\" data-id=\"7656b218\" data-element_type=\"container\" data-e-type=\"container\" data-settings=\"{&quot;background_background&quot;:&quot;classic&quot;}\">\n\t\t\t\t<div class=\"elementor-element elementor-element-5bddb492 elementor-widget elementor-widget-spacer\" data-id=\"5bddb492\" data-element_type=\"widget\" data-e-type=\"widget\" data-widget_type=\"spacer.default\">\n\t\t\t\t<div class=\"elementor-widget-container\">\n\t\t\t\t\t\t\t<div class=\"elementor-spacer\">\n\t\t\t<div class=\"elementor-spacer-inner\"><\/div>\n\t\t<\/div>\n\t\t\t\t\t\t<\/div>\n\t\t\t\t<\/div>\n\t\t\t\t<div class=\"elementor-element elementor-element-ebbb964 elementor-widget elementor-widget-heading\" data-id=\"ebbb964\" data-element_type=\"widget\" data-e-type=\"widget\" data-widget_type=\"heading.default\">\n\t\t\t\t<div class=\"elementor-widget-container\">\n\t\t\t\t\t<h2 class=\"elementor-heading-title elementor-size-default\">Publications<\/h2>\t\t\t\t<\/div>\n\t\t\t\t<\/div>\n\t\t\t\t<div class=\"elementor-element elementor-element-758eb3c4 elementor-widget elementor-widget-spacer\" data-id=\"758eb3c4\" data-element_type=\"widget\" data-e-type=\"widget\" data-widget_type=\"spacer.default\">\n\t\t\t\t<div class=\"elementor-widget-container\">\n\t\t\t\t\t\t\t<div class=\"elementor-spacer\">\n\t\t\t<div class=\"elementor-spacer-inner\"><\/div>\n\t\t<\/div>\n\t\t\t\t\t\t<\/div>\n\t\t\t\t<\/div>\n\t\t\t\t<\/div>\n\t\t<div class=\"elementor-element elementor-element-9f0c2d9 e-flex e-con-boxed wpr-particle-no wpr-jarallax-no wpr-parallax-no wpr-sticky-section-no e-con e-parent\" data-id=\"9f0c2d9\" data-element_type=\"container\" data-e-type=\"container\">\n\t\t\t\t\t<div class=\"e-con-inner\">\n\t\t<div class=\"elementor-element elementor-element-6467b4e e-con-full e-flex wpr-particle-no wpr-jarallax-no wpr-parallax-no wpr-sticky-section-no e-con e-child\" data-id=\"6467b4e\" data-element_type=\"container\" data-e-type=\"container\">\n\t\t\t\t<div class=\"elementor-element elementor-element-73fcdd1 elementor-widget elementor-widget-image\" data-id=\"73fcdd1\" data-element_type=\"widget\" data-e-type=\"widget\" data-widget_type=\"image.default\">\n\t\t\t\t<div class=\"elementor-widget-container\">\n\t\t\t\t\t\t\t\t\t\t\t\t\t\t\t<img fetchpriority=\"high\" decoding=\"async\" width=\"768\" height=\"992\" src=\"https:\/\/ideathinktank.org.mx\/wp-content\/uploads\/2025\/03\/Portada-ABC-electrico-768x992.webp\" class=\"attachment-medium_large size-medium_large wp-image-1025\" alt=\"\" srcset=\"https:\/\/ideathinktank.org.mx\/wp-content\/uploads\/2025\/03\/Portada-ABC-electrico-768x992.webp 768w, https:\/\/ideathinktank.org.mx\/wp-content\/uploads\/2025\/03\/Portada-ABC-electrico-232x300.webp 232w, https:\/\/ideathinktank.org.mx\/wp-content\/uploads\/2025\/03\/Portada-ABC-electrico-793x1024.webp 793w, https:\/\/ideathinktank.org.mx\/wp-content\/uploads\/2025\/03\/Portada-ABC-electrico-1189x1536.webp 1189w, https:\/\/ideathinktank.org.mx\/wp-content\/uploads\/2025\/03\/Portada-ABC-electrico-200x258.webp 200w, https:\/\/ideathinktank.org.mx\/wp-content\/uploads\/2025\/03\/Portada-ABC-electrico.webp 1248w\" sizes=\"(max-width: 768px) 100vw, 768px\" \/>\t\t\t\t\t\t\t\t\t\t\t\t\t\t\t<\/div>\n\t\t\t\t<\/div>\n\t\t\t\t<\/div>\n\t\t<div class=\"elementor-element elementor-element-8b7a1f3 e-con-full e-flex wpr-particle-no wpr-jarallax-no wpr-parallax-no wpr-sticky-section-no e-con e-child\" data-id=\"8b7a1f3\" data-element_type=\"container\" data-e-type=\"container\">\n\t\t\t\t<div class=\"elementor-element elementor-element-6d676b2 elementor-widget elementor-widget-heading\" data-id=\"6d676b2\" data-element_type=\"widget\" data-e-type=\"widget\" data-widget_type=\"heading.default\">\n\t\t\t\t<div class=\"elementor-widget-container\">\n\t\t\t\t\t<h3 class=\"elementor-heading-title elementor-size-default\">ABC of the Electric Sector in Mexico<\/h3>\t\t\t\t<\/div>\n\t\t\t\t<\/div>\n\t\t\t\t<div class=\"elementor-element elementor-element-16ec03e elementor-widget elementor-widget-image\" data-id=\"16ec03e\" data-element_type=\"widget\" data-e-type=\"widget\" data-widget_type=\"image.default\">\n\t\t\t\t<div class=\"elementor-widget-container\">\n\t\t\t\t\t\t\t\t\t\t\t\t\t\t\t<img decoding=\"async\" width=\"800\" height=\"14\" src=\"https:\/\/ideathinktank.org.mx\/wp-content\/uploads\/2024\/12\/linea-menu-1024x18.png\" class=\"attachment-large size-large wp-image-29\" alt=\"\" srcset=\"https:\/\/ideathinktank.org.mx\/wp-content\/uploads\/2024\/12\/linea-menu-1024x18.png 1024w, https:\/\/ideathinktank.org.mx\/wp-content\/uploads\/2024\/12\/linea-menu-300x5.png 300w, https:\/\/ideathinktank.org.mx\/wp-content\/uploads\/2024\/12\/linea-menu-768x14.png 768w, https:\/\/ideathinktank.org.mx\/wp-content\/uploads\/2024\/12\/linea-menu.png 1401w\" sizes=\"(max-width: 800px) 100vw, 800px\" \/>\t\t\t\t\t\t\t\t\t\t\t\t\t\t\t<\/div>\n\t\t\t\t<\/div>\n\t\t\t\t<div class=\"elementor-element elementor-element-44c2467 elementor-widget elementor-widget-text-editor\" data-id=\"44c2467\" data-element_type=\"widget\" data-e-type=\"widget\" data-widget_type=\"text-editor.default\">\n\t\t\t\t<div class=\"elementor-widget-container\">\n\t\t\t\t\t\t\t\t\t<p class=\"\" data-start=\"70\" data-end=\"418\">Electricity is a fundamental, essential, and irreplaceable resource that drives economic growth and enables a better quality of life. From public lighting, to every household, to the operation of industries and services, electricity is indispensable for all activities in the country. Therefore, understanding the electric sector is necessary, since everyone\u2014whether authorities, companies, businesses, or citizens\u2014participates in, depends on, and impacts its functioning.<\/p>\t\t\t\t\t\t\t\t<\/div>\n\t\t\t\t<\/div>\n\t\t\t\t<div class=\"elementor-element elementor-element-9eefd59 elementor-widget elementor-widget-button\" data-id=\"9eefd59\" data-element_type=\"widget\" data-e-type=\"widget\" data-widget_type=\"button.default\">\n\t\t\t\t<div class=\"elementor-widget-container\">\n\t\t\t\t\t\t\t\t\t<div class=\"elementor-button-wrapper\">\n\t\t\t\t\t<a class=\"elementor-button elementor-button-link elementor-size-sm\" href=\"https:\/\/ideathinktank.org.mx\/wp-content\/uploads\/2025\/01\/ABC-del-sector-electrico.pdf\">\n\t\t\t\t\t\t<span class=\"elementor-button-content-wrapper\">\n\t\t\t\t\t\t\t\t\t<span class=\"elementor-button-text\">Download<\/span>\n\t\t\t\t\t<\/span>\n\t\t\t\t\t<\/a>\n\t\t\t\t<\/div>\n\t\t\t\t\t\t\t\t<\/div>\n\t\t\t\t<\/div>\n\t\t\t\t<\/div>\n\t\t\t\t\t<\/div>\n\t\t\t\t<\/div>\n\t\t<div class=\"elementor-element elementor-element-c63aca2 e-flex e-con-boxed wpr-particle-no wpr-jarallax-no wpr-parallax-no wpr-sticky-section-no e-con e-parent\" data-id=\"c63aca2\" data-element_type=\"container\" data-e-type=\"container\">\n\t\t\t\t\t<div class=\"e-con-inner\">\n\t\t<div class=\"elementor-element elementor-element-4c0d245 e-con-full e-flex wpr-particle-no wpr-jarallax-no wpr-parallax-no wpr-sticky-section-no e-con e-child\" data-id=\"4c0d245\" data-element_type=\"container\" data-e-type=\"container\">\n\t\t\t\t<div class=\"elementor-element elementor-element-0973f04 elementor-widget elementor-widget-image\" data-id=\"0973f04\" data-element_type=\"widget\" data-e-type=\"widget\" data-widget_type=\"image.default\">\n\t\t\t\t<div class=\"elementor-widget-container\">\n\t\t\t\t\t\t\t\t\t\t\t\t\t\t\t<img decoding=\"async\" width=\"768\" height=\"998\" src=\"https:\/\/ideathinktank.org.mx\/wp-content\/uploads\/2025\/03\/portada-desarrollo-e1742601742102-768x998.webp\" class=\"attachment-medium_large size-medium_large wp-image-1028\" alt=\"\" srcset=\"https:\/\/ideathinktank.org.mx\/wp-content\/uploads\/2025\/03\/portada-desarrollo-e1742601742102-768x998.webp 768w, https:\/\/ideathinktank.org.mx\/wp-content\/uploads\/2025\/03\/portada-desarrollo-e1742601742102-231x300.webp 231w, https:\/\/ideathinktank.org.mx\/wp-content\/uploads\/2025\/03\/portada-desarrollo-e1742601742102-788x1024.webp 788w, https:\/\/ideathinktank.org.mx\/wp-content\/uploads\/2025\/03\/portada-desarrollo-e1742601742102-1182x1536.webp 1182w, https:\/\/ideathinktank.org.mx\/wp-content\/uploads\/2025\/03\/portada-desarrollo-e1742601742102-200x260.webp 200w, https:\/\/ideathinktank.org.mx\/wp-content\/uploads\/2025\/03\/portada-desarrollo-e1742601742102.webp 1240w\" sizes=\"(max-width: 768px) 100vw, 768px\" \/>\t\t\t\t\t\t\t\t\t\t\t\t\t\t\t<\/div>\n\t\t\t\t<\/div>\n\t\t\t\t<\/div>\n\t\t<div class=\"elementor-element elementor-element-0b0138f e-con-full e-flex wpr-particle-no wpr-jarallax-no wpr-parallax-no wpr-sticky-section-no e-con e-child\" data-id=\"0b0138f\" data-element_type=\"container\" data-e-type=\"container\">\n\t\t\t\t<div class=\"elementor-element elementor-element-d2df3f0 elementor-widget elementor-widget-heading\" data-id=\"d2df3f0\" data-element_type=\"widget\" data-e-type=\"widget\" data-widget_type=\"heading.default\">\n\t\t\t\t<div class=\"elementor-widget-container\">\n\t\t\t\t\t<h3 class=\"elementor-heading-title elementor-size-default\">Development of a lithium battery value chain in Mexico<\/h3>\t\t\t\t<\/div>\n\t\t\t\t<\/div>\n\t\t\t\t<div class=\"elementor-element elementor-element-07d736c elementor-widget elementor-widget-image\" data-id=\"07d736c\" data-element_type=\"widget\" data-e-type=\"widget\" data-widget_type=\"image.default\">\n\t\t\t\t<div class=\"elementor-widget-container\">\n\t\t\t\t\t\t\t\t\t\t\t\t\t\t\t<img decoding=\"async\" width=\"800\" height=\"14\" src=\"https:\/\/ideathinktank.org.mx\/wp-content\/uploads\/2024\/12\/linea-menu-1024x18.png\" class=\"attachment-large size-large wp-image-29\" alt=\"\" srcset=\"https:\/\/ideathinktank.org.mx\/wp-content\/uploads\/2024\/12\/linea-menu-1024x18.png 1024w, https:\/\/ideathinktank.org.mx\/wp-content\/uploads\/2024\/12\/linea-menu-300x5.png 300w, https:\/\/ideathinktank.org.mx\/wp-content\/uploads\/2024\/12\/linea-menu-768x14.png 768w, https:\/\/ideathinktank.org.mx\/wp-content\/uploads\/2024\/12\/linea-menu.png 1401w\" sizes=\"(max-width: 800px) 100vw, 800px\" \/>\t\t\t\t\t\t\t\t\t\t\t\t\t\t\t<\/div>\n\t\t\t\t<\/div>\n\t\t\t\t<div class=\"elementor-element elementor-element-de942fa elementor-widget elementor-widget-text-editor\" data-id=\"de942fa\" data-element_type=\"widget\" data-e-type=\"widget\" data-widget_type=\"text-editor.default\">\n\t\t\t\t<div class=\"elementor-widget-container\">\n\t\t\t\t\t\t\t\t\t<p class=\"\" data-start=\"70\" data-end=\"418\">Lithium is a key element for the energy transition, particularly due to its role in the production of lithium-ion batteries, which are essential for electric vehicles and renewable energy storage. Mexico has high potential, with approximately 1.7 million tons, placing it among the top 20 countries with the largest reserves.<\/p><p class=\"\" data-start=\"420\" data-end=\"722\">The development of a lithium value chain in Mexico can generate economic, environmental, and employment benefits, including thousands of direct and indirect jobs, GDP growth, and industrial strengthening. The global battery market is projected to grow by more than 20% annually through 2030.<\/p><p class=\"\" data-start=\"724\" data-end=\"1020\">However, international competition is intense, so Mexico must act quickly to position itself. This involves exploring and refining its resources, fostering international collaboration, and strengthening local capacities through education, innovation, and effective public policies.<\/p><p class=\"\" data-start=\"1022\" data-end=\"1206\">This document presents an initial assessment of the current situation, opportunities, challenges, and proposals for developing a lithium battery value chain in Mexico.<\/p>\t\t\t\t\t\t\t\t<\/div>\n\t\t\t\t<\/div>\n\t\t\t\t<div class=\"elementor-element elementor-element-a746dca elementor-widget elementor-widget-button\" data-id=\"a746dca\" data-element_type=\"widget\" data-e-type=\"widget\" data-widget_type=\"button.default\">\n\t\t\t\t<div class=\"elementor-widget-container\">\n\t\t\t\t\t\t\t\t\t<div class=\"elementor-button-wrapper\">\n\t\t\t\t\t<a class=\"elementor-button elementor-button-link elementor-size-sm\" href=\"https:\/\/ideathinktank.org.mx\/wp-content\/uploads\/2025\/03\/Cadena-de-valor-Litio_Reporte-final.pdf\">\n\t\t\t\t\t\t<span class=\"elementor-button-content-wrapper\">\n\t\t\t\t\t\t\t\t\t<span class=\"elementor-button-text\">Download<\/span>\n\t\t\t\t\t<\/span>\n\t\t\t\t\t<\/a>\n\t\t\t\t<\/div>\n\t\t\t\t\t\t\t\t<\/div>\n\t\t\t\t<\/div>\n\t\t\t\t<\/div>\n\t\t\t\t\t<\/div>\n\t\t\t\t<\/div>\n\t\t<div class=\"elementor-element elementor-element-6e60b3b7 e-flex e-con-boxed wpr-particle-no wpr-jarallax-no wpr-parallax-no wpr-sticky-section-no e-con e-parent\" data-id=\"6e60b3b7\" data-element_type=\"container\" data-e-type=\"container\">\n\t\t\t\t\t<div class=\"e-con-inner\">\n\t\t<div class=\"elementor-element elementor-element-54c37716 e-con-full e-flex wpr-particle-no wpr-jarallax-no wpr-parallax-no wpr-sticky-section-no e-con e-child\" data-id=\"54c37716\" data-element_type=\"container\" data-e-type=\"container\">\n\t\t\t\t<div class=\"elementor-element elementor-element-18744698 elementor-widget elementor-widget-image\" data-id=\"18744698\" data-element_type=\"widget\" data-e-type=\"widget\" data-widget_type=\"image.default\">\n\t\t\t\t<div class=\"elementor-widget-container\">\n\t\t\t\t\t\t\t\t\t\t\t\t\t\t\t\t<a href=\"https:\/\/ideathinktank.org.mx\/wp-content\/uploads\/2026\/03\/Alternativas-Renovables-para-el-Desarrollo-de-Baja-California-Sur-1.pdf\">\n\t\t\t\t\t\t\t<img loading=\"lazy\" decoding=\"async\" width=\"768\" height=\"998\" src=\"https:\/\/ideathinktank.org.mx\/wp-content\/uploads\/2026\/03\/BCS-Alternativas-Renovables-768x998.png\" class=\"attachment-medium_large size-medium_large wp-image-3484\" alt=\"Alternativas Renovables para el Desarrollo de Baja California Sur\" srcset=\"https:\/\/ideathinktank.org.mx\/wp-content\/uploads\/2026\/03\/BCS-Alternativas-Renovables-768x998.png 768w, https:\/\/ideathinktank.org.mx\/wp-content\/uploads\/2026\/03\/BCS-Alternativas-Renovables-231x300.png 231w, https:\/\/ideathinktank.org.mx\/wp-content\/uploads\/2026\/03\/BCS-Alternativas-Renovables-788x1024.png 788w, https:\/\/ideathinktank.org.mx\/wp-content\/uploads\/2026\/03\/BCS-Alternativas-Renovables-1182x1536.png 1182w, https:\/\/ideathinktank.org.mx\/wp-content\/uploads\/2026\/03\/BCS-Alternativas-Renovables-9x12.png 9w, https:\/\/ideathinktank.org.mx\/wp-content\/uploads\/2026\/03\/BCS-Alternativas-Renovables-200x260.png 200w, https:\/\/ideathinktank.org.mx\/wp-content\/uploads\/2026\/03\/BCS-Alternativas-Renovables.png 1240w\" sizes=\"(max-width: 768px) 100vw, 768px\" \/>\t\t\t\t\t\t\t\t<\/a>\n\t\t\t\t\t\t\t\t\t\t\t\t\t\t\t<\/div>\n\t\t\t\t<\/div>\n\t\t\t\t<\/div>\n\t\t<div class=\"elementor-element elementor-element-13e4d2bd e-con-full e-flex wpr-particle-no wpr-jarallax-no wpr-parallax-no wpr-sticky-section-no e-con e-child\" data-id=\"13e4d2bd\" data-element_type=\"container\" data-e-type=\"container\">\n\t\t\t\t<div class=\"elementor-element elementor-element-1ee22f62 elementor-widget elementor-widget-heading\" data-id=\"1ee22f62\" data-element_type=\"widget\" data-e-type=\"widget\" data-widget_type=\"heading.default\">\n\t\t\t\t<div class=\"elementor-widget-container\">\n\t\t\t\t\t<h3 class=\"elementor-heading-title elementor-size-default\">Alternativas Renovables para el Desarrollo de Baja California Sur<\/h3>\t\t\t\t<\/div>\n\t\t\t\t<\/div>\n\t\t\t\t<div class=\"elementor-element elementor-element-279c0e64 elementor-widget elementor-widget-image\" data-id=\"279c0e64\" data-element_type=\"widget\" data-e-type=\"widget\" data-widget_type=\"image.default\">\n\t\t\t\t<div class=\"elementor-widget-container\">\n\t\t\t\t\t\t\t\t\t\t\t\t\t\t\t<img decoding=\"async\" width=\"800\" height=\"14\" src=\"https:\/\/ideathinktank.org.mx\/wp-content\/uploads\/2024\/12\/linea-menu-1024x18.png\" class=\"attachment-large size-large wp-image-29\" alt=\"\" srcset=\"https:\/\/ideathinktank.org.mx\/wp-content\/uploads\/2024\/12\/linea-menu-1024x18.png 1024w, https:\/\/ideathinktank.org.mx\/wp-content\/uploads\/2024\/12\/linea-menu-300x5.png 300w, https:\/\/ideathinktank.org.mx\/wp-content\/uploads\/2024\/12\/linea-menu-768x14.png 768w, https:\/\/ideathinktank.org.mx\/wp-content\/uploads\/2024\/12\/linea-menu.png 1401w\" sizes=\"(max-width: 800px) 100vw, 800px\" \/>\t\t\t\t\t\t\t\t\t\t\t\t\t\t\t<\/div>\n\t\t\t\t<\/div>\n\t\t\t\t<div class=\"elementor-element elementor-element-4e2b31af elementor-widget elementor-widget-text-editor\" data-id=\"4e2b31af\" data-element_type=\"widget\" data-e-type=\"widget\" data-widget_type=\"text-editor.default\">\n\t\t\t\t<div class=\"elementor-widget-container\">\n\t\t\t\t\t\t\t\t\t<p>Una de las regiones donde los retos de la transici\u00f3n energ\u00e9tica justa se han agudizado en los \u00faltimos\u00a0<span style=\"font-size: 1rem;\">a\u00f1os es Baja California Sur (BCS). Su sistema el\u00e9ctrico aislado depende\u00a0<\/span><span style=\"font-size: 1rem;\">en gran medida de combustibles f\u00f3siles importados y presenta una capacidad\u00a0<\/span><span style=\"font-size: 1rem;\">limitada para atender una demanda en crecimiento. De acuerdo\u00a0<\/span><span style=\"font-size: 1rem;\">con informaci\u00f3n del Centro Nacional de Control de Energ\u00eda (CENACE) recopilada\u00a0<\/span><span style=\"font-size: 1rem;\">en este documento, al cierre de 2023, el 87% de la generaci\u00f3n\u00a0<\/span><span style=\"font-size: 1rem;\">el\u00e9ctrica del estado provino de tecnolog\u00edas f\u00f3siles, mientras que las fuentes\u00a0<\/span><span style=\"font-size: 1rem;\">renovables representaron apenas 13%, pese al alto potencial solar y\u00a0<\/span><span style=\"font-size: 1rem;\">geot\u00e9rmico.<\/span><\/p><p>Con el fin de aportar al dise\u00f1o de pol\u00edticas p\u00fablicas y fortalecer la toma\u00a0<span style=\"font-size: 1rem;\">de decisiones en torno al futuro energ\u00e9tico de BCS, este estudio presenta\u00a0<\/span><span style=\"font-size: 1rem;\">evidencia que demuestra la viabilidad de avanzar hacia un sistema m\u00e1s\u00a0<\/span><span style=\"font-size: 1rem;\">descarbonizado, resiliente e inclusivo. El documento inicia con una caracterizaci\u00f3n\u00a0<\/span><span style=\"font-size: 1rem;\">del contexto geogr\u00e1fico, social y econ\u00f3mico del estado, contin\u00faa\u00a0<\/span><span style=\"font-size: 1rem;\">con un diagn\u00f3stico del sistema energ\u00e9tico y culmina con la construcci\u00f3n\u00a0<\/span><span style=\"font-size: 1rem;\">y an\u00e1lisis de tres escenarios comparativos.<\/span><\/p><p>Adem\u00e1s de evaluar la viabilidad t\u00e9cnica y econ\u00f3mica de una expansi\u00f3n de la capacidad de generaci\u00f3n el\u00e9ctrica que priorice la incorporaci\u00f3n de energ\u00edas renovables y la reducci\u00f3n gradual del uso de combustibles f\u00f3siles para Baja California Sur. E<span style=\"font-size: 1rem;\">l enfoque del estudio busca responder a los retos de seguridad de suministro, el crecimiento de la demanda (incluyendo el patr\u00f3n estacional) y los costos del sistema.<\/span><\/p>\t\t\t\t\t\t\t\t<\/div>\n\t\t\t\t<\/div>\n\t\t\t\t<div class=\"elementor-element elementor-element-18ba7e4b elementor-widget elementor-widget-button\" data-id=\"18ba7e4b\" data-element_type=\"widget\" data-e-type=\"widget\" data-widget_type=\"button.default\">\n\t\t\t\t<div class=\"elementor-widget-container\">\n\t\t\t\t\t\t\t\t\t<div class=\"elementor-button-wrapper\">\n\t\t\t\t\t<a class=\"elementor-button elementor-button-link elementor-size-sm\" href=\"https:\/\/ideathinktank.org.mx\/wp-content\/uploads\/2026\/03\/Alternativas-Renovables-para-el-Desarrollo-de-Baja-California-Sur-1.pdf\">\n\t\t\t\t\t\t<span class=\"elementor-button-content-wrapper\">\n\t\t\t\t\t\t\t\t\t<span class=\"elementor-button-text\">Download<\/span>\n\t\t\t\t\t<\/span>\n\t\t\t\t\t<\/a>\n\t\t\t\t<\/div>\n\t\t\t\t\t\t\t\t<\/div>\n\t\t\t\t<\/div>\n\t\t\t\t<\/div>\n\t\t\t\t\t<\/div>\n\t\t\t\t<\/div>\n\t\t\t\t<\/div>","protected":false},"excerpt":{"rendered":"<p>Publicaciones ABC del Sector El\u00e9ctrico en M\u00e9xico La energ\u00eda el\u00e9ctrica es un bien fundamental, indispensable e insustituible que impulsa el crecimiento econ\u00f3mico y facilita una mejor calidad de vida. Desde el alumbrado p\u00fablico, pasando por cada hogar, hasta la operaci\u00f3n de industrias y servicios, la electricidad es indispensable para todas las actividades del pa\u00eds. Por tanto, conocer y comprender el sector el\u00e9ctrico es necesario, puesto que todas las personas ya sean autoridades, empresas, comercios o ciudadanos, participamos, dependemos y afectamos su funcionamiento. Descarga Desarrollo de una cadena de valor de bater\u00edas de litio en M\u00e9xico El litio es un elemento clave para la transici\u00f3n energ\u00e9tica, especialmente por su papel en la fabricaci\u00f3n de bater\u00edas de iones de litio, esenciales para veh\u00edculos el\u00e9ctricos y almacenamiento de energ\u00eda renovable. M\u00e9xico posee un alto potencial con aproximadamente 1.7 millones de toneladas, lo que lo ubica entre los 20 pa\u00edses con mayores reservas. El desarrollo de una cadena de valor del litio en M\u00e9xico puede generar beneficios econ\u00f3micos, ambientales y laborales, incluyendo miles de empleos directos e indirectos, crecimiento del PIB y fortalecimiento industrial. Se proyecta que el mercado global de bater\u00edas crezca m\u00e1s del 20% anual hasta 2030. Sin embargo, la competencia internacional es intensa, por lo que M\u00e9xico debe actuar con rapidez para posicionarse. Esto implica explorar y refinar sus recursos, fomentar la colaboraci\u00f3n internacional, y fortalecer capacidades locales mediante educaci\u00f3n, innovaci\u00f3n y pol\u00edticas p\u00fablicas efectivas. Este documento presenta un diagn\u00f3stico inicial sobre la situaci\u00f3n actual, oportunidades, desaf\u00edos y propuestas para el desarrollo de una cadena de valor de bater\u00edas de litio en M\u00e9xico. Descarga Alternativas Renovables para el Desarrollo de Baja California Sur Una de las regiones donde los retos de la transici\u00f3n energ\u00e9tica justa se han agudizado en los \u00faltimos\u00a0a\u00f1os es Baja California Sur (BCS). Su sistema el\u00e9ctrico aislado depende\u00a0en gran medida de combustibles f\u00f3siles importados y presenta una capacidad\u00a0limitada para atender una demanda en crecimiento. De acuerdo\u00a0con informaci\u00f3n del Centro Nacional de Control de Energ\u00eda (CENACE) recopilada\u00a0en este documento, al cierre de 2023, el 87% de la generaci\u00f3n\u00a0el\u00e9ctrica del estado provino de tecnolog\u00edas f\u00f3siles, mientras que las fuentes\u00a0renovables representaron apenas 13%, pese al alto potencial solar y\u00a0geot\u00e9rmico. Con el fin de aportar al dise\u00f1o de pol\u00edticas p\u00fablicas y fortalecer la toma\u00a0de decisiones en torno al futuro energ\u00e9tico de BCS, este estudio presenta\u00a0evidencia que demuestra la viabilidad de avanzar hacia un sistema m\u00e1s\u00a0descarbonizado, resiliente e inclusivo. El documento inicia con una caracterizaci\u00f3n\u00a0del contexto geogr\u00e1fico, social y econ\u00f3mico del estado, contin\u00faa\u00a0con un diagn\u00f3stico del sistema energ\u00e9tico y culmina con la construcci\u00f3n\u00a0y an\u00e1lisis de tres escenarios comparativos. Adem\u00e1s de evaluar la viabilidad t\u00e9cnica y econ\u00f3mica de una expansi\u00f3n de la capacidad de generaci\u00f3n el\u00e9ctrica que priorice la incorporaci\u00f3n de energ\u00edas renovables y la reducci\u00f3n gradual del uso de combustibles f\u00f3siles para Baja California Sur. El enfoque del estudio busca responder a los retos de seguridad de suministro, el crecimiento de la demanda (incluyendo el patr\u00f3n estacional) y los costos del sistema. Descarga<\/p>","protected":false},"author":1,"featured_media":0,"parent":0,"menu_order":0,"comment_status":"closed","ping_status":"closed","template":"","meta":{"_monsterinsights_skip_tracking":false,"_monsterinsights_sitenote_active":false,"_monsterinsights_sitenote_note":"","_monsterinsights_sitenote_category":0,"_uf_show_specific_survey":0,"_uf_disable_surveys":false,"footnotes":""},"class_list":["post-531","page","type-page","status-publish","hentry"],"aioseo_notices":[],"_links":{"self":[{"href":"https:\/\/ideathinktank.org.mx\/eng\/wp-json\/wp\/v2\/pages\/531","targetHints":{"allow":["GET"]}}],"collection":[{"href":"https:\/\/ideathinktank.org.mx\/eng\/wp-json\/wp\/v2\/pages"}],"about":[{"href":"https:\/\/ideathinktank.org.mx\/eng\/wp-json\/wp\/v2\/types\/page"}],"author":[{"embeddable":true,"href":"https:\/\/ideathinktank.org.mx\/eng\/wp-json\/wp\/v2\/users\/1"}],"replies":[{"embeddable":true,"href":"https:\/\/ideathinktank.org.mx\/eng\/wp-json\/wp\/v2\/comments?post=531"}],"version-history":[{"count":17,"href":"https:\/\/ideathinktank.org.mx\/eng\/wp-json\/wp\/v2\/pages\/531\/revisions"}],"predecessor-version":[{"id":3502,"href":"https:\/\/ideathinktank.org.mx\/eng\/wp-json\/wp\/v2\/pages\/531\/revisions\/3502"}],"wp:attachment":[{"href":"https:\/\/ideathinktank.org.mx\/eng\/wp-json\/wp\/v2\/media?parent=531"}],"curies":[{"name":"wp","href":"https:\/\/api.w.org\/{rel}","templated":true}]}}